{"id":560059,"date":"2025-12-04T16:56:38","date_gmt":"2025-12-04T15:56:38","guid":{"rendered":"https:\/\/www.jour-de-peche.com\/?page_id=560059"},"modified":"2025-12-09T22:09:58","modified_gmt":"2025-12-09T21:09:58","slug":"aappma-association-agreee-de-peche-et-de-protection-du-milieu-aquatique","status":"publish","type":"page","link":"https:\/\/www.jour-de-peche.com\/es\/aappma-association-agreee-de-peche-et-de-protection-du-milieu-aquatique\/","title":{"rendered":"AAPPMA, Association Agr\u00e9\u00e9e de P\u00eache et de Protection du Milieu Aquatique"},"content":{"rendered":"\t\t<div data-elementor-type=\"wp-page\" data-elementor-id=\"560059\" class=\"elementor elementor-560059\" data-elementor-post-type=\"page\">\n\t\t\t\t\t\t\t<div class=\" elementor-element elementor-element-25299b7 e-flex e-con-boxed e-con e-parent\" data-id=\"25299b7\" data-element_type=\"container\" data-e-type=\"container\">\r\n\t\t\t\t\t\t\t<div class=\"e-con-inner\">\r\n\t\t\t\t\t\t<div class=\"elementor-element elementor-element-338fbec elementor-widget elementor-widget-heading\" data-id=\"338fbec\" data-element_type=\"widget\" data-e-type=\"widget\" data-widget_type=\"heading.default\">\n\t\t\t\t\t<h2 class=\"elementor-heading-title elementor-size-default\">AAPPMA, qu\u2019est-ce donc ?<\/h2>\t\t\t\t<\/div>\n\t\t\t\t<div class=\"elementor-element elementor-element-bb0f4cb elementor-widget-divider--view-line elementor-widget elementor-widget-divider\" data-id=\"bb0f4cb\" data-element_type=\"widget\" data-e-type=\"widget\" data-widget_type=\"divider.default\">\n\t\t\t\t\t\t\t<div class=\"elementor-divider\">\n\t\t\t<span class=\"elementor-divider-separator\">\n\t\t\t\t\t\t<\/span>\n\t\t<\/div>\n\t\t\t\t\t\t<\/div>\n\t\t\t\t<div class=\"elementor-element elementor-element-8756c3a elementor-widget elementor-widget-text-editor\" data-id=\"8756c3a\" data-element_type=\"widget\" data-e-type=\"widget\" data-widget_type=\"text-editor.default\">\n\t\t\t\t\t\t\t\t\t<p style=\"text-align: justify;\"><strong>Avant mes p\u00e9r\u00e9grinations en Irlande,<\/strong> qui m\u2019ont conduit aujourd\u2019hui \u00e0 d\u00e9velopper une activit\u00e9 de guide en France, j\u2019ai occup\u00e9 un poste d\u2019agent de d\u00e9veloppement aupr\u00e8s de la f\u00e9d\u00e9ration d\u00e9partementale de p\u00eache de l\u2019Aude durant 4 ann\u00e9es (2006-2010). A cette \u00e9poque et depuis lors, j\u2019ai souvent \u00e9t\u00e9 frapp\u00e9 par la m\u00e9connaissance des p\u00eacheurs concernant les institutions associatives de la p\u00eache. Si je n\u2019avais pas baign\u00e9 dans ce monde-l\u00e0 de l\u2019int\u00e9rieur, j\u2019aurais probablement moi-m\u00eame quelques lacunes en la mati\u00e8re. Et j\u2019en ai certainement d\u2019ailleurs, car le maillage associatif et administratif de la p\u00eache, des milieux aquatiques en g\u00e9n\u00e9ral, est au final assez complexe et r\u00e9gi par bon nombre de textes. Ce n\u2019est pas toujours \u00e9vident de savoir qui fait quoi, quels sont les r\u00f4les, les missions, les statuts, les interactions possibles entre les diff\u00e9rents types d\u2019acteurs (Association de p\u00eache*, F\u00e9d\u00e9ration de p\u00eache*, Onema, Agence de l\u2019eau, autres associations agr\u00e9\u00e9es ou pas, etc\u2026).<\/p><p style=\"text-align: justify;\">* Volontairement simplifi\u00e9 pour une lecture facile quel que soit l\u2019\u00e2ge du lecteur (les v\u00e9ritables d\u00e9nominations sont AAPPMA et FDAAPPMA).<\/p><p style=\"text-align: justify;\">Un r\u00e9cent article sur Facebook de ma part montrant la nouvelle mise \u00e0 l\u2019eau en construction sur le lac de Montbel (Ari\u00e8ge) a fait l\u2019objet d\u2019un bon nombre de commentaires qui ont d\u00e9vi\u00e9 sur l\u2019absence de projet de ce type au lac de la Ganguise (Aude). Ce qui en est ressorti, c\u2019est un magma de questionnements, de m\u00e9contentements, d\u2019envies d\u2019agir, de sentiments d\u2019impuissance, de confusions, etc\u2026 J\u2019ai trouv\u00e9 cela plut\u00f4t positif car \u00e7a montre qu\u2019une nouvelle g\u00e9n\u00e9ration de p\u00eacheurs n\u2019en finit pas d\u2019\u00e9merger, avec des id\u00e9es et des envies d\u2019aujourd\u2019hui.<\/p><p style=\"text-align: justify;\">Cependant, nous sommes globalement \u00e0 la fois de plus en plus soucieux de la pr\u00e9servation des milieux (ainsi adeptes de pr\u00e9l\u00e8vements tr\u00e8s raisonn\u00e9s et offusqu\u00e9s des pratiques d\u2019hier qui ont encore bien des relents aujourd\u2019hui), \u00e0 la fois peut-\u00eatre de plus en plus \u00e9loign\u00e9s des structures associatives qui d\u00e9tiennent v\u00e9ritablement le pouvoir d\u2019agir. Ce constat m\u2019a ainsi inspir\u00e9 l\u2019\u00e9criture de cet article. Car ce n\u2019est qu\u2019\u00e0 travers une meilleure compr\u00e9hension du syst\u00e8me associatif de la p\u00eache que le p\u00eacheur qui souhaite agir peut trouver sa place sur l\u2019\u00e9chiquier. En dehors, on reste dans l\u2019ignorance et la frustration. Ce qui ne m\u00e8ne nulle part.<\/p><p style=\"text-align: justify;\">Tout p\u00eacheur est titulaire d\u2019une carte de p\u00eache qui le rend, de fait, adh\u00e9rent \u00e0 une AAPPMA. Le premier choix qu\u2019on peut donc faire en tant que p\u00eacheur c\u2019est celui de l\u2019association \u00e0 laquelle on souhaite adh\u00e9rer. D\u2018o\u00f9 le titre de ce premier article : AAPPMA qu\u2019est-ce donc ?<\/p><p style=\"text-align: justify;\"><strong>AAPPMA (Association Agr\u00e9\u00e9e de P\u00eache et de Protection du Milieu Aquatique)<\/strong><\/p><p style=\"text-align: justify;\">Et si nous commencions par un simple commentaire de texte ! On a l\u00e0 4 donn\u00e9es importantes :<\/p><p style=\"text-align: justify;\"><strong>1\u00b0) Association<\/strong><\/p><p style=\"text-align: justify;\">On est donc en pr\u00e9sence d\u2019une entit\u00e9 qui a un statut juridique bien d\u00e9fini (tel qu\u2019instaur\u00e9 par la loi du 1er juillet 1901).<\/p><p style=\"text-align: justify;\"><strong>2\u00b0) Agr\u00e9\u00e9e<\/strong><\/p><p style=\"text-align: justify;\">On ajoute ici un \u00e9l\u00e9ment fondamental. L\u2019association est agr\u00e9\u00e9e, ce qui lui conf\u00e8re une reconnaissance par l\u2019Etat. Elle est donc d\u2019autant plus l\u00e9gitime \u00e0 agir dans le r\u00f4le qui est le sien. Cet agr\u00e9ment est d\u00e9livr\u00e9 par le Pr\u00e9fet1.<\/p><p style=\"text-align: justify;\"><strong>3\u00b0) P\u00eache<\/strong><\/p><p style=\"text-align: justify;\">On pourrait pr\u00e9ciser \u00ab p\u00eache en eau douce \u00bb car l\u2019AAPPMA n\u2019a d\u2019existence que pour les eaux int\u00e9rieures.<\/p><p style=\"text-align: justify;\"><strong>4\u00b0) Protection du Milieu Aquatique<\/strong><\/p><p style=\"text-align: justify;\">Voil\u00e0 qui place l\u2019association \u00e0 une autre \u00e9chelle, il n\u2019est pas question uniquement de p\u00eache. Ceci vient \u00e9largir consid\u00e9rablement \u00e0 la fois son champ d\u2019action, \u00e0 la fois, encore une fois, sa l\u00e9gitimit\u00e9 \u00e0 agir !! On est l\u00e0 dans une approche bien plus globale qui s\u2019int\u00e9resse pleinement \u00e0 la p\u00eache et bien plus largement au milieu naturel dans lequel cette activit\u00e9 s\u2019inscrit.<\/p><p style=\"text-align: justify;\">Je reviendrai plus en d\u00e9tails sur les r\u00f4les et missions d\u2019une AAPPMA dans un autre article. Il est fondamental de les conna\u00eetre si on souhaite r\u00e9ellement agir au sein d\u2019une telle structure. Et, quelque part, tout p\u00eacheur devrait en avoir connaissance. Mais chaque chose en son temps, je voudrais d\u2019abord exposer mon avis sur l\u2019importance du choix de l\u2019AAPPMA.<\/p><p style=\"text-align: justify;\">Beaucoup de p\u00eacheurs prennent leur carte de p\u00eache sans trop se soucier de savoir \u00e0 quelle AAPPMA ils adh\u00e8rent. Que ce soit chez un d\u00e9positaire ou directement sur Internet, nombreux sont ceux qui ne se posent pas de questions et prennent ce qu\u2019on leur propose (l\u2019AAPPMA \u00ab li\u00e9e \u00bb au d\u00e9positaire ou la plus proche g\u00e9ographiquement sera bien souvent celle choisie).<\/p><p style=\"text-align: justify;\">Et pourtant, c\u2019est bien l\u00e0 le tout premier moyen d\u2019action que nous avons en tant que p\u00eacheurs pour participer \u00e0 une politique de gestion de la p\u00eache et de protection du milieu aquatique qui nous convient ! Si, sur le papier, toutes les AAPPMA ont les m\u00eames statuts, les m\u00eames missions, les m\u00eames r\u00f4les, elles sont loin d\u2019agir toutes de la m\u00eame mani\u00e8re et avec le m\u00eame degr\u00e9 de pertinence vis-\u00e0-vis de leurs missions. L\u2019adh\u00e9sion \u00e0 une AAPPMA doit \u00eatre, de mon point de vue, un v\u00e9ritable choix r\u00e9fl\u00e9chi et conscient \u00e0 partir d\u2019\u00e9l\u00e9ments concrets.<\/p><p style=\"text-align: justify;\">Car, m\u00eame pour ceux d\u2019entre nous qui n\u2019ont pas le temps ou l\u2019envie de s\u2019investir au sein d\u2019une association, il est possible au minimum de choisir de donner son argent \u00e0 une AAPPMA qui le m\u00e9rite vraiment et qui a besoin de notre soutien.<\/p><p style=\"text-align: justify;\">Nous sommes de plus en plus des p\u00eacheurs itin\u00e9rants et de moins en moins attach\u00e9s \u00e0 un endroit en particulier, prendre sa carte de p\u00eache sans r\u00e9flexion au plus proche de son domicile est le premier acte d\u2019une \u00ab p\u00eache-consommation \u00bb, c\u2019est-\u00e0-dire d\u2019une p\u00eache o\u00f9 l\u2019on consomme simplement du loisir. Si c\u2019est un choix personnel, soit. Si c\u2019est un non-choix, mais juste une facilit\u00e9, induite par la paresse ou l\u2019ignorance, cela me semble bien dommage.<\/p><p style=\"text-align: justify;\">Les questions que je peux \u00eatre amen\u00e9 \u00e0 me poser pour choisir une AAPPMA sont les suivantes. Elles r\u00e9pondent \u00e0 des sensibilit\u00e9s purement personnelles :<\/p><p style=\"text-align: justify;\">\u2013 Est-ce qu\u2019elle met en place de v\u00e9ritables actions de protection du milieu aquatique ?<\/p><p style=\"text-align: justify;\">\u2013 Est-ce qu\u2019elle s\u2019int\u00e9resse \u00e0 la promotion de la p\u00eache aupr\u00e8s des jeunes ?<\/p><p style=\"text-align: justify;\">\u2013 Est-ce qu\u2019elle a des projets de d\u00e9veloppement qui correspondent \u00e0 mes attentes ?<\/p><p style=\"text-align: justify;\">\u2013 Est-ce qu\u2019elle d\u00e9fend l\u2019id\u00e9e d\u2019un pr\u00e9l\u00e8vement raisonn\u00e9 ?<\/p><p style=\"text-align: justify;\">\u2013 Comment puis-je m\u2019int\u00e9grer personnellement dans ses actions ?<\/p><p style=\"text-align: justify;\">\u2013 Est-ce qu\u2019elle se situe sur un secteur o\u00f9 j\u2019ai l\u2019habitude de p\u00eacher ?<\/p><p style=\"text-align: justify;\">\u2013 Est-ce que son fonctionnement interne favorise l\u2019initiative ?<\/p><p style=\"text-align: justify;\">\u2013 Quelles sont ses actions avec lesquelles je ne suis pas en accord ?<\/p><p style=\"text-align: justify;\">\u2013 Etc\u2026<\/p><p style=\"text-align: justify;\">Si je n\u2019obtiens pas des r\u00e9ponses qui me satisfont en tous points, j\u2019essaierai de me rapprocher au mieux des valeurs que je souhaite d\u00e9fendre. Et pour caricaturer, \u00e0 l\u2019inverse, je ne prendrai pas ma carte de p\u00eache dans une AAPPMA qui n\u2019a d\u2019autres actions concr\u00e8tes que de d\u00e9verser des truites arc en ciel zigouill\u00e9es en quasi-totalit\u00e9 le lendemain et les jours suivants, pratique qui pour moi se situe \u00e0 l\u2019oppos\u00e9 total de la \u00ab protection du milieu aquatique \u00bb tout autant que de l\u2019id\u00e9e que je me fais de la \u00ab p\u00eache \u00bb.<\/p><p style=\"text-align: justify;\">La difficult\u00e9, pour le p\u00eacheur qui souhaite r\u00e9aliser un choix en fonction de ses propres crit\u00e8res, est alors de r\u00e9ussir \u00e0 trouver l\u2019information. Pour ceux et celles qui sont int\u00e9gr\u00e9s dans un r\u00e9seau de p\u00eacheurs (amis, clubs, comp\u00e9titions\u2026) ce sera peut-\u00eatre un peu plus ais\u00e9, car l\u2019\u00e9change permet de mieux situer les actions men\u00e9es. Certaines AAPPMA ont un site Internet, outil bien pratique pour se faire une petite id\u00e9e de l\u2019\u00e9tat d\u2019esprit de l\u2019association. En g\u00e9n\u00e9ral, m\u00eame si en 2016 ce n\u2019est pas encore le cas partout, les f\u00e9d\u00e9rations d\u00e9partementales ont un guide piscicole et un site Web qui permettent de parfaitement identifier les territoires d\u2019actions (lacs et rivi\u00e8res) des AAPPMA ainsi que leurs particularit\u00e9s.<\/p><p style=\"text-align: justify;\">Quelle que soit la difficult\u00e9 de faire son choix, je ne saurais que trop conseiller d\u2019adh\u00e9rer de mani\u00e8re r\u00e9fl\u00e9chie \u00e0 une AAPPMA. C\u2019est le tout premier des choix que nous avons \u00e0 faire en tant que p\u00eacheur, au moment o\u00f9 nous achetons notre carte de p\u00eache.<\/p><p style=\"text-align: justify;\">Le prochain article s\u2019int\u00e9ressera de plus pr\u00e8s aux r\u00f4les et missions d\u2019une AAPPMA \u00e0 travers ses statuts officiels, dans l\u2019id\u00e9e de mieux comprendre comment on peut s\u2019y investir.<\/p><p>(1) Source : <a href=\"https:\/\/www.legifrance.gouv.fr\/loda\/id\/JORFTEXT000026999005\/\">Legifrance.gouv<\/a><\/p><p style=\"text-align: justify;\"><em>Arr\u00eat\u00e9 du 16 janvier 2013 fixant les conditions d\u2019agr\u00e9ment et les statuts types des associations agr\u00e9\u00e9es de p\u00eache et de protection du milieu aquatique<\/em><\/p>\t\t\t\t\t\t\t\t<\/div>\n\t\t\t\t\t\t<\/div>\r\n\t\t\t\t\r\n\t\t\t<\/div>\r\n\t\t\t\t\t<\/div>\n\t\t","protected":false},"excerpt":{"rendered":"<p>AAPPMA, qu\u2019est-ce donc ? Avant mes p\u00e9r\u00e9grinations en Irlande, qui m\u2019ont conduit aujourd\u2019hui \u00e0 d\u00e9velopper une activit\u00e9 de guide en France, j\u2019ai occup\u00e9 un poste d\u2019agent de d\u00e9veloppement aupr\u00e8s de [&hellip;]<\/p>\n","protected":false},"author":1,"featured_media":0,"parent":0,"menu_order":0,"comment_status":"closed","ping_status":"closed","template":"","meta":{"_acf_changed":false,"footnotes":""},"class_list":["post-560059","page","type-page","status-publish","hentry"],"acf":[],"_links":{"self":[{"href":"https:\/\/www.jour-de-peche.com\/es\/wp-json\/wp\/v2\/pages\/560059","targetHints":{"allow":["GET"]}}],"collection":[{"href":"https:\/\/www.jour-de-peche.com\/es\/wp-json\/wp\/v2\/pages"}],"about":[{"href":"https:\/\/www.jour-de-peche.com\/es\/wp-json\/wp\/v2\/types\/page"}],"author":[{"embeddable":true,"href":"https:\/\/www.jour-de-peche.com\/es\/wp-json\/wp\/v2\/users\/1"}],"replies":[{"embeddable":true,"href":"https:\/\/www.jour-de-peche.com\/es\/wp-json\/wp\/v2\/comments?post=560059"}],"version-history":[{"count":30,"href":"https:\/\/www.jour-de-peche.com\/es\/wp-json\/wp\/v2\/pages\/560059\/revisions"}],"predecessor-version":[{"id":560239,"href":"https:\/\/www.jour-de-peche.com\/es\/wp-json\/wp\/v2\/pages\/560059\/revisions\/560239"}],"wp:attachment":[{"href":"https:\/\/www.jour-de-peche.com\/es\/wp-json\/wp\/v2\/media?parent=560059"}],"curies":[{"name":"wp","href":"https:\/\/api.w.org\/{rel}","templated":true}]}}