{"id":551390,"date":"2022-11-23T11:10:12","date_gmt":"2022-11-23T10:10:12","guid":{"rendered":"https:\/\/www.jour-de-peche.com\/?page_id=551390"},"modified":"2023-01-06T22:54:44","modified_gmt":"2023-01-06T21:54:44","slug":"guide-peche-carnassiers-bateau-leurres-ariege-aude-haute-garonne-pyrenees-orientales","status":"publish","type":"page","link":"https:\/\/www.jour-de-peche.com\/es\/guide-peche-carnassiers-bateau-leurres-ariege-aude-haute-garonne-pyrenees-orientales\/","title":{"rendered":"Guide de P\u00eache en Ari\u00e8ge &#8211; Aude &#8211; Haute Garonne &#8211; Pyr\u00e9n\u00e9es Orientales, carnassiers en bateau aux leurres&#8230;"},"content":{"rendered":"<div class=\"wpb-content-wrapper\"><p>[vc_row][vc_column][vc_column_text]<\/p>\n<h3 id=\"peche-carnassiers-09\" style=\"text-align: center;\"><span style=\"color: #ff6600;\"><strong>GUIDAGES CARNASSIERS aux leurres en barque<\/strong><\/span><\/h3>\n<p>[\/vc_column_text][\/vc_column][\/vc_row][vc_row][vc_column][vc_gallery interval=\u00bb0&#8243; images=\u00bb9180,9186,9188,9192,9195&#8243; img_size=\u00bbfull\u00bb onclick=\u00bb\u00bb css_animation=\u00bbnone\u00bb][\/vc_column][\/vc_row][vc_row][vc_column][vc_column_text]<\/p>\n<p style=\"text-align: center; font-size: 120%;\"><span style=\"color: #808080;\"><em>En lin\u00e9aire, en verticale, aux leurres durs, en drop-shot, en texan dans les arbres, au big-bait, etc&#8230; les possibilit\u00e9s de p\u00eache sont nombreuses. L\u2019Ari\u00e8ge et les d\u00e9partements alentours (Haute-Garonne, Aude, Pyr\u00e9n\u00e9es-Orientales) offrent une jolie diversit\u00e9 de lacs pour la p\u00eache des carnassiers aux leurres en barque ou \u00e0 pied. Retrouvez ci-dessous tous les spots de p\u00eache sur lesquels je guide.<\/em><\/span><\/p>\n<p>[\/vc_column_text][\/vc_column][\/vc_row][vc_row][vc_column][vc_separator color=\u00bbcustom\u00bb style=\u00bbshadow\u00bb border_width=\u00bb3&#8243; css_animation=\u00bbappear\u00bb accent_color=\u00bb#e5e5e5&#8243;][\/vc_column][\/vc_row][vc_row][vc_column][vc_row_inner][vc_column_inner width=\u00bb1\/4&#8243;][vc_column_text]<\/p>\n<h3 style=\"text-align: center;\"><strong><span style=\"color: #993366;\">Montbel, grand lac<br \/>\n<\/span><\/strong><\/h3>\n<h5 style=\"text-align: center;\"><em>Ari\u00e8ge (09)<br \/>\n<\/em><\/h5>\n<p>[\/vc_column_text][vc_single_image image=\u00bb203473&#8243; alignment=\u00bbcenter\u00bb style=\u00bbvc_box_shadow_3d\u00bb onclick=\u00bbcustom_link\u00bb css_animation=\u00bbfadeInDown\u00bb link=\u00bbhttps:\/\/www.jour-de-peche.com\/peche-carnassiers-et-tuites-en-france\/guide-de-peche-ariege-aude-lac-de-montbel-brochets-sandres-perches-en-barque\/\u00bb][vc_btn title=\u00bbInfos guidages\u00bb color=\u00bbinfo\u00bb size=\u00bbsm\u00bb align=\u00bbcenter\u00bb i_align=\u00bbright\u00bb i_icon_fontawesome=\u00bbfas fa-fish\u00bb css_animation=\u00bbbounceIn\u00bb add_icon=\u00bbtrue\u00bb link=\u00bburl:https%3A%2F%2Fwww.jour-de-peche.com%2Fpeche-carnassiers-et-tuites-en-france%2Fguide-de-peche-ariege-aude-lac-de-montbel-brochets-sandres-perches-en-barque%2F\u00bb][\/vc_column_inner][vc_column_inner width=\u00bb1\/4&#8243;][vc_column_text]<\/p>\n<h3 style=\"text-align: center;\"><strong><span style=\"color: #993366;\">Montbel, constant<br \/>\n<\/span><\/strong><\/h3>\n<h5 style=\"text-align: center;\"><em>Ari\u00e8ge (09) \/ Aude (11)<br \/>\n<\/em><\/h5>\n<p>[\/vc_column_text][vc_single_image image=\u00bb203476&#8243; alignment=\u00bbcenter\u00bb style=\u00bbvc_box_shadow_3d\u00bb onclick=\u00bbcustom_link\u00bb css_animation=\u00bbfadeInDown\u00bb link=\u00bbhttps:\/\/www.jour-de-peche.com\/peche-carnassiers-et-tuites-en-france\/guide-de-peche-ariege-aude-lac-de-montbel-brochets-sandres-perches-en-barque\/\u00bb][vc_btn title=\u00bbInfos guidages\u00bb color=\u00bbinfo\u00bb size=\u00bbsm\u00bb align=\u00bbcenter\u00bb i_align=\u00bbright\u00bb i_icon_fontawesome=\u00bbfas fa-fish\u00bb css_animation=\u00bbbounceIn\u00bb add_icon=\u00bbtrue\u00bb link=\u00bburl:https%3A%2F%2Fwww.jour-de-peche.com%2Fpeche-carnassiers-et-tuites-en-france%2Fguide-de-peche-ariege-aude-lac-de-montbel-brochets-sandres-perches-en-barque%2F\u00bb][\/vc_column_inner][vc_column_inner width=\u00bb1\/4&#8243;][vc_column_text]<\/p>\n<h3 style=\"text-align: center;\"><strong><span style=\"color: #993366;\">Ganguise<br \/>\n<\/span><\/strong><\/h3>\n<h5 style=\"text-align: center;\"><em>Aude (09)<br \/>\n<\/em><\/h5>\n<p>[\/vc_column_text][vc_single_image image=\u00bb203479&#8243; alignment=\u00bbcenter\u00bb style=\u00bbvc_box_shadow_3d\u00bb onclick=\u00bbcustom_link\u00bb css_animation=\u00bbfadeInDown\u00bb link=\u00bbhttps:\/\/www.jour-de-peche.com\/peche-carnassiers-et-tuites-en-france\/guide-de-peche-lac-de-la-ganguise-aude-carnassiers-aux-leurres-en-barque\/\u00bb][vc_btn title=\u00bbInfos guidages\u00bb color=\u00bbinfo\u00bb size=\u00bbsm\u00bb align=\u00bbcenter\u00bb i_align=\u00bbright\u00bb i_icon_fontawesome=\u00bbfas fa-fish\u00bb css_animation=\u00bbbounceIn\u00bb add_icon=\u00bbtrue\u00bb link=\u00bburl:https%3A%2F%2Fwww.jour-de-peche.com%2Fpeche-carnassiers-et-tuites-en-france%2Fguide-de-peche-lac-de-la-ganguise-aude-carnassiers-aux-leurres-en-barque%2F\u00bb][\/vc_column_inner][vc_column_inner width=\u00bb1\/4&#8243;][vc_column_text]<\/p>\n<h3 style=\"text-align: center;\"><strong><span style=\"color: #993366;\">Lunax<br \/>\n<\/span><\/strong><\/h3>\n<h5 style=\"text-align: center;\"><em>Haute-Garonne (31)<br \/>\n<\/em><\/h5>\n<p>[\/vc_column_text][vc_single_image image=\u00bb203482&#8243; alignment=\u00bbcenter\u00bb style=\u00bbvc_box_shadow_3d\u00bb onclick=\u00bbcustom_link\u00bb css_animation=\u00bbfadeInDown\u00bb link=\u00bbhttps:\/\/www.jour-de-peche.com\/peche-carnassiers-et-tuites-en-france\/lac-de-lunax-guide-de-peche\/\u00bb][vc_btn title=\u00bbInfos guidages\u00bb color=\u00bbinfo\u00bb size=\u00bbsm\u00bb align=\u00bbcenter\u00bb i_align=\u00bbright\u00bb i_icon_fontawesome=\u00bbfas fa-fish\u00bb css_animation=\u00bbbounceIn\u00bb add_icon=\u00bbtrue\u00bb link=\u00bburl:https%3A%2F%2Fwww.jour-de-peche.com%2Fpeche-carnassiers-et-tuites-en-france%2Flac-de-lunax-guide-de-peche%2F\u00bb][\/vc_column_inner][\/vc_row_inner][\/vc_column][\/vc_row][vc_row][vc_column][vc_row_inner][vc_column_inner width=\u00bb1\/4&#8243;][vc_column_text]<\/p>\n<h3 style=\"text-align: center;\"><strong><span style=\"color: #993366;\">Caramany<br \/>\n<\/span><\/strong><\/h3>\n<h5 style=\"text-align: center;\"><em>Pyr\u00e9n\u00e9es-Orientales (66)<br \/>\n<\/em><\/h5>\n<p>[\/vc_column_text][vc_single_image image=\u00bb203485&#8243; alignment=\u00bbcenter\u00bb style=\u00bbvc_box_shadow_3d\u00bb onclick=\u00bbcustom_link\u00bb css_animation=\u00bbfadeInDown\u00bb link=\u00bbhttps:\/\/www.jour-de-peche.com\/peche-carnassiers-et-tuites-en-france\/lac-de-caramany-barrage-agly-pyrenees-orientales\/\u00bb][vc_btn title=\u00bbInfos guidages\u00bb color=\u00bbinfo\u00bb size=\u00bbsm\u00bb align=\u00bbcenter\u00bb i_align=\u00bbright\u00bb i_icon_fontawesome=\u00bbfas fa-fish\u00bb css_animation=\u00bbbounceIn\u00bb add_icon=\u00bbtrue\u00bb link=\u00bburl:https%3A%2F%2Fwww.jour-de-peche.com%2Fpeche-carnassiers-et-tuites-en-france%2Flac-de-caramany-barrage-agly-pyrenees-orientales%2F\u00bb][\/vc_column_inner][vc_column_inner width=\u00bb1\/4&#8243;][vc_column_text]<\/p>\n<h3 style=\"text-align: center;\"><strong><span style=\"color: #993366;\">Nailloux<br \/>\n<\/span><\/strong><\/h3>\n<h5 style=\"text-align: center;\"><em>Haute-Garonne (31)<br \/>\n<\/em><\/h5>\n<p>[\/vc_column_text][vc_single_image image=\u00bb203488&#8243; alignment=\u00bbcenter\u00bb style=\u00bbvc_box_shadow_3d\u00bb onclick=\u00bbcustom_link\u00bb css_animation=\u00bbfadeInDown\u00bb link=\u00bbhttps:\/\/www.jour-de-peche.com\/contact\/\u00bb][vc_btn title=\u00bbInfos guidages\u00bb color=\u00bbinfo\u00bb size=\u00bbsm\u00bb align=\u00bbcenter\u00bb i_align=\u00bbright\u00bb i_icon_fontawesome=\u00bbfas fa-fish\u00bb css_animation=\u00bbbounceIn\u00bb add_icon=\u00bbtrue\u00bb link=\u00bburl:https%3A%2F%2Fwww.jour-de-peche.com%2Fcontact%2F\u00bb][\/vc_column_inner][vc_column_inner width=\u00bb1\/4&#8243;][vc_column_text]<\/p>\n<h3 style=\"text-align: center;\"><strong><span style=\"color: #993366;\">Canal du Midi<br \/>\n<\/span><\/strong><\/h3>\n<h5 style=\"text-align: center;\"><em>Aude (09)\/Haute-Garonne (31)<br \/>\n<\/em><\/h5>\n<p>[\/vc_column_text][vc_single_image image=\u00bb203491&#8243; alignment=\u00bbcenter\u00bb style=\u00bbvc_box_shadow_3d\u00bb onclick=\u00bbcustom_link\u00bb css_animation=\u00bbfadeInDown\u00bb link=\u00bbhttps:\/\/www.jour-de-peche.com\/peche-carnassiers-et-tuites-en-france\/guide-de-peche-canal-du-midi-aude-haute-garonne-carnassiers-aux-leurres-a-pied\/\u00bb][vc_btn title=\u00bbInfos guidages\u00bb color=\u00bbinfo\u00bb size=\u00bbsm\u00bb align=\u00bbcenter\u00bb i_align=\u00bbright\u00bb i_icon_fontawesome=\u00bbfas fa-fish\u00bb css_animation=\u00bbbounceIn\u00bb add_icon=\u00bbtrue\u00bb link=\u00bburl:https%3A%2F%2Fwww.jour-de-peche.com%2Fpeche-carnassiers-et-tuites-en-france%2Fguide-de-peche-canal-du-midi-aude-haute-garonne-carnassiers-aux-leurres-a-pied%2F\u00bb][\/vc_column_inner][vc_column_inner width=\u00bb1\/4&#8243;][vc_column_text]<\/p>\n<h3 style=\"text-align: center;\"><strong><span style=\"color: #993366;\">Filheit<br \/>\n<\/span><\/strong><\/h3>\n<h5 style=\"text-align: center;\"><em>Ari\u00e8ge (09)<br \/>\n<\/em><\/h5>\n<p>[\/vc_column_text][vc_single_image image=\u00bb203494&#8243; alignment=\u00bbcenter\u00bb style=\u00bbvc_box_shadow_3d\u00bb onclick=\u00bbcustom_link\u00bb css_animation=\u00bbfadeInDown\u00bb link=\u00bbhttps:\/\/www.jour-de-peche.com\/contact\/\u00bb][vc_btn title=\u00bbInfos guidages\u00bb color=\u00bbinfo\u00bb size=\u00bbsm\u00bb align=\u00bbcenter\u00bb i_align=\u00bbright\u00bb i_icon_fontawesome=\u00bbfas fa-fish\u00bb css_animation=\u00bbbounceIn\u00bb add_icon=\u00bbtrue\u00bb link=\u00bburl:https%3A%2F%2Fwww.jour-de-peche.com%2Fcontact%2F\u00bb][\/vc_column_inner][\/vc_row_inner][\/vc_column][\/vc_row][vc_row css=\u00bb.vc_custom_1669197779280{margin-top: 70px !important;}\u00bb][vc_column][vc_separator color=\u00bbcustom\u00bb style=\u00bbshadow\u00bb border_width=\u00bb3&#8243; css_animation=\u00bbappear\u00bb accent_color=\u00bb#e5e5e5&#8243;][\/vc_column][\/vc_row][vc_row][vc_column width=\u00bb1\/4&#8243;][vc_btn title=\u00bbCh\u00e8ques-cadeaux\u00bb color=\u00bbgreen\u00bb align=\u00bbcenter\u00bb link=\u00bburl:https%3A%2F%2Fwww.jour-de-peche.com%2Fcheque-cadeau-peche-carnassiers-et-truites%2F\u00bb][\/vc_column][vc_column width=\u00bb1\/4&#8243;][vc_btn title=\u00bbBlog \/ R\u00e9cits\u00bb color=\u00bbviolet\u00bb align=\u00bbcenter\u00bb link=\u00bburl:https%3A%2F%2Fwww.jour-de-peche.com%2Fcategory%2Ftous-les-recits-de-peche-fr%2F\u00bb][\/vc_column][vc_column width=\u00bb1\/4&#8243;][vc_btn title=\u00bbVid\u00e9os\u00bb color=\u00bbwarning\u00bb align=\u00bbcenter\u00bb link=\u00bburl:https%3A%2F%2Fwww.jour-de-peche.com%2Fvideos-peche%2F\u00bb][\/vc_column][vc_column width=\u00bb1\/4&#8243;][vc_btn title=\u00bbBoutique\u00bb color=\u00bbprimary\u00bb align=\u00bbcenter\u00bb link=\u00bburl:https%3A%2F%2Fwww.jour-de-peche.com%2Fboutique%2F\u00bb][\/vc_column][\/vc_row][vc_row][vc_column][vc_separator color=\u00bbcustom\u00bb style=\u00bbshadow\u00bb border_width=\u00bb3&#8243; css_animation=\u00bbappear\u00bb accent_color=\u00bb#e5e5e5&#8243;][\/vc_column][\/vc_row][vc_row][vc_column][vc_column_text css_animation=\u00bbfadeInDown\u00bb]<\/p>\n<p style=\"text-align: center;\"><span style=\"color: #808080;\"><a style=\"color: #808080;\" href=\"#haut-de-page-09\">Haute de page<\/a><\/span><\/p>\n<p>[\/vc_column_text][\/vc_column][\/vc_row][vc_row disable_element=\u00bbyes\u00bb][vc_column][vc_column_text el_class=\u00bbhauteurboite1&#8243;]<\/p>\n<h1><span style=\"color: #000000;\">Guide de p\u00eache Ari\u00e8ge. Guide de p\u00eache Aude. Guide de p\u00eache canal du midi. Guide de p\u00eache Haute-Garonne. Guide de p\u00eache Tarn. Pyr\u00e9n\u00e9es-Orientales. Lac de Montbel. Lac de la Ganguise, barrage de l&#8217;Estrade. Lac de Caramany, barrage de l&#8217;Agly. Lac de Filheit. Lac de Mond\u00e9ly. Lac de Lunax (La Gimone). Lac de Nailloux. Guide de p\u00eache Languedoc-roussillon. Guide de p\u00eache Midi-pyr\u00e9n\u00e9es et Occitanie.<br \/>\n<\/span><\/h1>\n<p>[\/vc_column_text][\/vc_column][\/vc_row]<\/p>\n<\/div>","protected":false},"excerpt":{"rendered":"<p>[vc_row][vc_column][vc_column_text] GUIDAGES CARNASSIERS aux leurres en barque [\/vc_column_text][\/vc_column][\/vc_row][vc_row][vc_column][vc_gallery interval=\u00bb0&#8243; images=\u00bb9180,9186,9188,9192,9195&#8243; img_size=\u00bbfull\u00bb onclick=\u00bb\u00bb css_animation=\u00bbnone\u00bb][\/vc_column][\/vc_row][vc_row][vc_column][vc_column_text] En lin\u00e9aire, en verticale, aux leurres durs, en drop-shot, en texan dans les arbres, au big-bait, etc&#8230; [&hellip;]<\/p>\n","protected":false},"author":1,"featured_media":0,"parent":0,"menu_order":0,"comment_status":"closed","ping_status":"closed","template":"","meta":{"_acf_changed":false,"footnotes":""},"class_list":["post-551390","page","type-page","status-publish","hentry"],"acf":[],"_links":{"self":[{"href":"https:\/\/www.jour-de-peche.com\/es\/wp-json\/wp\/v2\/pages\/551390","targetHints":{"allow":["GET"]}}],"collection":[{"href":"https:\/\/www.jour-de-peche.com\/es\/wp-json\/wp\/v2\/pages"}],"about":[{"href":"https:\/\/www.jour-de-peche.com\/es\/wp-json\/wp\/v2\/types\/page"}],"author":[{"embeddable":true,"href":"https:\/\/www.jour-de-peche.com\/es\/wp-json\/wp\/v2\/users\/1"}],"replies":[{"embeddable":true,"href":"https:\/\/www.jour-de-peche.com\/es\/wp-json\/wp\/v2\/comments?post=551390"}],"version-history":[{"count":1,"href":"https:\/\/www.jour-de-peche.com\/es\/wp-json\/wp\/v2\/pages\/551390\/revisions"}],"predecessor-version":[{"id":551399,"href":"https:\/\/www.jour-de-peche.com\/es\/wp-json\/wp\/v2\/pages\/551390\/revisions\/551399"}],"wp:attachment":[{"href":"https:\/\/www.jour-de-peche.com\/es\/wp-json\/wp\/v2\/media?parent=551390"}],"curies":[{"name":"wp","href":"https:\/\/api.w.org\/{rel}","templated":true}]}}