{"id":4637,"date":"2016-02-09T15:31:27","date_gmt":"2016-02-09T14:31:27","guid":{"rendered":"http:\/\/www.jour-de-peche.com\/?page_id=4637"},"modified":"2024-01-25T11:09:19","modified_gmt":"2024-01-25T10:09:19","slug":"guide-de-peche-lac-de-montbel-ariege-aude-carnassiers-aux-leurres-en-kayak","status":"publish","type":"page","link":"https:\/\/www.jour-de-peche.com\/es\/guide-de-peche-lac-de-montbel-ariege-aude-carnassiers-aux-leurres-en-kayak\/","title":{"rendered":"Guide de p\u00eache, lac de Montbel (Ari\u00e8ge, Aude), carnassiers aux leurres, en kayak."},"content":{"rendered":"<div class=\"wpb-content-wrapper\"><p>[vc_row][vc_column][vc_column_text el_class=\u00bbhauteurboite1&#8243;]<\/p>\n<h1><span style=\"color: #000000;\">Guide de p\u00eache ari\u00e8ge. Guide de p\u00eache aude. Guide de p\u00eache canal du midi. Guide de p\u00eache haute-garonne. Guide de p\u00eache tarn. Guide de p\u00eache lac de la ganguise. Guide de p\u00eache languedoc-roussillon. Guide de p\u00eache midi-pyr\u00e9n\u00e9es. Guide de p\u00eache montagne noire.<br \/>\n<\/span><\/h1>\n<p>[\/vc_column_text][\/vc_column][\/vc_row][vc_row][vc_column][vc_column_text]<\/p>\n<h3 id=\"haut-de-page\" style=\"text-align: center;\"><span style=\"color: #800000;\"><strong>P\u00eache des carnassiers aux leurres en KAYAK, lac de Montbel (Ari\u00e8ge, Aude).<\/strong><\/span><\/h3>\n<p>[\/vc_column_text][vc_separator color=\u00bbcustom\u00bb style=\u00bbdashed\u00bb border_width=\u00bb2&#8243; el_width=\u00bb80&#8243; accent_color=\u00bb#999999&#8243;][vc_row_inner][vc_column_inner width=\u00bb1\/2&#8243;][vc_column_text]<\/p>\n<h4 style=\"text-align: center;\"><strong><span style=\"color: #ff7700;\">LAC DE MONTBEL (Ari\u00e8ge &#8211; Aude)<\/span><\/strong><\/h4>\n<p style=\"text-align: justify;\">Le lac de Montbel, situ\u00e9 aux confins de l&#8217;Ari\u00e8ge et de l&#8217;Aude, offre un cadre tr\u00e8s agr\u00e9able avec les Pyr\u00e9n\u00e9es alentours. Un tr\u00e8s bel endroit, paisible \u00e0 souhait, pour se ressourcer et passer une belle journ\u00e9e sur un kayak. C\u00f4t\u00e9 carnassiers on y trouve des sandres, perches, brochets et silures. J&#8217;y propose principalement des stages techniques sur la p\u00eache aux leurres. Ces-derni\u00e8res ann\u00e9es la p\u00eache y est devenue de plus en plus compliqu\u00e9e. En 2024 mes stages y prennent d\u00e9finitivement une tournure d&#8217;enseignement avant tout technique. N&#8217;h\u00e9sitez pas \u00e0 m&#8217;appeler pour creuser le sujet et voir si ce que j&#8217;ai \u00e0 vous proposer colle avec vos attentes. St\u00e9phane : 06 80 03 22 79.<\/p>\n<p>[\/vc_column_text][vc_separator color=\u00bbcustom\u00bb el_width=\u00bb50&#8243; accent_color=\u00bb#999999&#8243;][vc_column_text]<em><strong>En r\u00e9sum\u00e9:<\/strong><\/em><\/p>\n<ul>\n<li>P\u00e9riode: du 1er mai au dernier dimanche de janvier<\/li>\n<li>Poissons: brochets, sandres, perches, silures<\/li>\n<li>P\u00eache en kayak (RTM biplace Oc\u00e9an Quatro P\u00eache)<\/li>\n<li>Nombre de personnes maximum : 1 personne<\/li>\n<li>Mat\u00e9riel fourni (cannes, moulinets, leurres, etc&#8230;)<\/li>\n<li>Type de p\u00eache : toutes les p\u00eaches aux leurres artificiels<\/li>\n<li>Tarif \u00e0 la journ\u00e9e, prix d\u00e9gressif en fonction du nombre de jours et du nombre de personnes&#8230;<\/li>\n<\/ul>\n<p>[\/vc_column_text][\/vc_column_inner][vc_column_inner width=\u00bb1\/2&#8243; css=\u00bb.vc_custom_1452274701349{padding-top: 15px !important;}\u00bb][vc_column_text]<\/p>\n<h4 style=\"text-align: center;\"><span style=\"color: #808080;\">Brochets, sandres, perches, silures.<\/span><\/h4>\n<p>[\/vc_column_text][vc_gallery interval=\u00bb0&#8243; images=\u00bb1346,2481,2483,2550&#8243; img_size=\u00bblarge\u00bb][\/vc_column_inner][\/vc_row_inner][vc_row_inner][vc_column_inner width=\u00bb1\/4&#8243;][vc_btn title=\u00bbTarifs\u00bb color=\u00bbwarning\u00bb align=\u00bbcenter\u00bb link=\u00bburl:http%3A%2F%2Fwww.jour-de-peche.com%2Fguide-de-peche-tarifs%2F\u00bb][\/vc_column_inner][vc_column_inner width=\u00bb1\/4&#8243;][vc_btn title=\u00bbCh\u00e8ques-cadeaux\u00bb color=\u00bbviolet\u00bb align=\u00bbcenter\u00bb link=\u00bburl:http%3A%2F%2Fwww.jour-de-peche.com%2Fcheque-cadeau-peche-carnassiers-et-truites%2F\u00bb][\/vc_column_inner][vc_column_inner width=\u00bb1\/4&#8243;][vc_btn title=\u00bbS\u00e9jours p\u00eache\u00bb color=\u00bbgreen\u00bb align=\u00bbcenter\u00bb link=\u00bburl:http%3A%2F%2Fwww.jour-de-peche.com%2Fpeche-carnassiers-et-tuites-en-france%2Fsejour-peche-ariege-aude%2F\u00bb][\/vc_column_inner][vc_column_inner width=\u00bb1\/4&#8243;][vc_btn title=\u00bbLivre d&#8217;or\u00bb color=\u00bbpink\u00bb align=\u00bbcenter\u00bb link=\u00bburl:http%3A%2F%2Fwww.jour-de-peche.com%2Flivre-or-peche-irlande-et-france%2F\u00bb][\/vc_column_inner][\/vc_row_inner][vc_separator color=\u00bbcustom\u00bb border_width=\u00bb2&#8243; accent_color=\u00bb#999999&#8243;][vc_row_inner][vc_column_inner][\/vc_column_inner][\/vc_row_inner][\/vc_column][\/vc_row][vc_row][vc_column][vc_row_inner][vc_column_inner width=\u00bb1\/2&#8243;][vc_column_text css_animation=\u00bbappear\u00bb]<\/p>\n<h4 style=\"text-align: center;\"><span style=\"color: #800000;\"><strong>Quelques r\u00e9cits de p\u00eache sur le lac de Montbel&#8230;<\/strong><\/span><\/h4>\n<p>[\/vc_column_text][\/vc_column_inner][vc_column_inner width=\u00bb1\/2&#8243;][vc_btn title=\u00bbSection blog! Tous les r\u00e9cits&#8230;\u00bb color=\u00bbmulled-wine\u00bb align=\u00bbcenter\u00bb link=\u00bburl:http%3A%2F%2Fwww.jour-de-peche.com%2Fcategory%2Ftous-les-recits-de-peche-fr%2F\u00bb][\/vc_column_inner][\/vc_row_inner][vc_basic_grid post_type=\u00bbids\u00bb gap=\u00bb10&#8243; item=\u00bbmasonryGrid_OverlayWithRotation\u00bb include=\u00bb4222, 3380, 3322, 2410, 2449, 3463, 4125, 4014, 3985&#8243; grid_id=\u00bbvc_gid:1706176529204-e4f0ac35-b505-3&#8243;][vc_row_inner][vc_column_inner width=\u00bb1\/2&#8243; css=\u00bb.vc_custom_1452270609143{border-top-width: 0px !important;border-right-width: 0px !important;border-bottom-width: 0px !important;border-left-width: 0px !important;padding-top: 0px !important;padding-right: 0px !important;padding-bottom: 0px !important;padding-left: 0px !important;}\u00bb][vc_facebook][\/vc_column_inner][vc_column_inner width=\u00bb1\/2&#8243;][vc_googleplus annotation=\u00bbinline\u00bb][\/vc_column_inner][\/vc_row_inner][vc_separator color=\u00bbcustom\u00bb border_width=\u00bb2&#8243; accent_color=\u00bb#999999&#8243;][\/vc_column][\/vc_row][vc_row][vc_column][vc_btn title=\u00bbALBUM PHOTOS MONTBEL\u00bb color=\u00bbsuccess\u00bb align=\u00bbcenter\u00bb link=\u00bburl:http%3A%2F%2Fwww.jour-de-peche.com%2Falbum-photos-lac-de-montbel-poissons-pecheurs-et-paysages%2F\u00bb][vc_row_inner][\/vc_row_inner][vc_column_inner width=\u00bb1\/3&#8243;][\/vc_column_inner][vc_column_text]<\/p>\n<h4 style=\"text-align: center;\"><strong>Les grandes agglom\u00e9rations les plus proches<\/strong><\/h4>\n<ul>\n<li>A 1h00 de Carcassonne<\/li>\n<li>A 1h15 de Toulouse<\/li>\n<li>A 1h30 de Narbonne<\/li>\n<li>A 2h00 de Perpignan<\/li>\n<li>A 2h15 de Montpellier<\/li>\n<\/ul>\n<p>A\u00e9roport le plus proche: Carcassonne (Ryanair) \/ Toulouse-Blagnac[\/vc_column_text][\/vc_column][\/vc_row][vc_row][vc_column][vc_separator color=\u00bbcustom\u00bb border_width=\u00bb2&#8243; accent_color=\u00bb#999999&#8243;][\/vc_column][\/vc_row][vc_row][vc_column width=\u00bb1\/2&#8243;][vc_column_text]<\/p>\n<h3 style=\"text-align: center;\"><span style=\"color: #800000;\">Youtube<\/span><\/h3>\n<p>[\/vc_column_text][vc_single_image image=\u00bb4471&#8243; img_size=\u00bblarge\u00bb alignment=\u00bbcenter\u00bb style=\u00bbvc_box_shadow_3d\u00bb onclick=\u00bbcustom_link\u00bb img_link_target=\u00bb_blank\u00bb css_animation=\u00bbappear\u00bb link=\u00bbhttps:\/\/www.youtube.com\/channel\/UChFn15WL4MVWvZrTpTbq18Q\u00bb][\/vc_column][vc_column width=\u00bb1\/2&#8243;][vc_column_text]<\/p>\n<h3 style=\"text-align: center;\"><span style=\"color: #800000;\">Facebook<\/span><\/h3>\n<p>[\/vc_column_text][vc_single_image image=\u00bb4437&#8243; img_size=\u00bblarge\u00bb alignment=\u00bbcenter\u00bb style=\u00bbvc_box_shadow_3d\u00bb onclick=\u00bbcustom_link\u00bb img_link_target=\u00bb_blank\u00bb css_animation=\u00bbappear\u00bb link=\u00bbhttps:\/\/www.facebook.com\/steph.legentilhomme\u00bb][\/vc_column][\/vc_row][vc_row][vc_column][vc_separator color=\u00bbcustom\u00bb border_width=\u00bb2&#8243; accent_color=\u00bb#999999&#8243;][\/vc_column][\/vc_row][vc_row][vc_column][vc_column_text]<\/p>\n<h3 style=\"text-align: center;\"><span style=\"color: #800000;\">Quelques liens utiles&#8230;<\/span><\/h3>\n<p>[\/vc_column_text][\/vc_column][\/vc_row][vc_row][vc_column][vc_tta_accordion shape=\u00bbround\u00bb color=\u00bbpeacoc\u00bb active_section=\u00bb\u00bb no_fill=\u00bbtrue\u00bb collapsible_all=\u00bbtrue\u00bb][vc_tta_section tab_id=\u00bb1452531983225-84182349-8a4e\u00bb title=\u00bbH\u00e9bergements en chambres d&#8217;h\u00f4tes\u00bb][vc_column_text]<\/p>\n<ul>\n<li>CREAMUNDO \u00e0 L\u00e9ran (<a title=\"chambre-hotes-creamundo-leran-ariege\" href=\"https:\/\/sites.google.com\/a\/creamundo.fr\/creamundofr\/home\" target=\"_blank\" rel=\"noopener\">site web<\/a>)<\/li>\n<li>LE MOULINET \u00e0 L\u00e9ran (<a title=\"chambre-hotes-le-moulinet-leran-ariege\" href=\"http:\/\/www.lemoulinet.com\/\" target=\"_blank\" rel=\"noopener\">site web<\/a>)<\/li>\n<li>L&#8217;IMPASSE DU TEMPLE \u00e0 L\u00e9ran (<a title=\"chambre-hotes-impasse-du-temple-leran-ariege\" href=\"http:\/\/www.chezfurness.com\/index.php\/homepage-2\/homepage.html\" target=\"_blank\" rel=\"noopener\">site web<\/a>)<\/li>\n<\/ul>\n<p>[\/vc_column_text][\/vc_tta_section][vc_tta_section title=\u00bbH\u00e9bergements en campings\u00bb tab_id=\u00bb1452531984386-9a7edaa4-b71d\u00bb][vc_column_text]<\/p>\n<ul>\n<li>La R\u00e9gate \u00e0 L\u00e9ran (<a title=\"camping-la-regate-leran-ariege\" href=\"http:\/\/www.campinglaregate.com\/\" target=\"_blank\" rel=\"noopener\">site web<\/a>)<\/li>\n<li>Le Fort \u00e0 Montbel<\/li>\n<li>Domaine de la Serre \u00e0 Aigue-Vives (<a title=\"camping-domainde-de-la-serre-aigues-vives-ariege\" href=\"http:\/\/www.camping-la-serre.com\/\" target=\"_blank\" rel=\"noopener\">site web<\/a>)<\/li>\n<li>La Pibola \u00e0 Camon (<a title=\"camping-la-pibola-camon-ariege\" href=\"http:\/\/www.lapibola.com\/\" target=\"_blank\" rel=\"noopener\">site web<\/a>)<\/li>\n<li>Domaine de la Besse \u00e0 Camon (<a title=\"camping-domaine-de-la-besse-camon-ariege\" href=\"http:\/\/camping-labesse.com\/\" target=\"_blank\" rel=\"noopener\">site web<\/a>)<\/li>\n<\/ul>\n<p>[\/vc_column_text][vc_gmaps link=\u00bb#E-8_JTNDaWZyYW1lJTIwc3JjJTNEJTIyaHR0cHMlM0ElMkYlMkZ3d3cuZ29vZ2xlLmNvbSUyRm1hcHMlMkZlbWJlZCUzRnBiJTNEJTIxMW0xNiUyMTFtMTIlMjExbTMlMjExZDkzMzk3Ljg5NzAwMDUwODQxJTIxMmQxLjk0NDAxNDU2Mzk5MTIyMzQlMjEzZDQyLjk4NDkyMzg2MzY2ODI1JTIxMm0zJTIxMWYwJTIxMmYwJTIxM2YwJTIxM20yJTIxMWkxMDI0JTIxMmk3NjglMjE0ZjEzLjElMjEybTElMjExc0NhbXBpbmclMjE1ZTAlMjEzbTIlMjExc2ZyJTIxMnNmciUyMTR2MTQ2NzcyOTk2MzQwOCUyMiUyMHdpZHRoJTNEJTIyNjAwJTIyJTIwaGVpZ2h0JTNEJTIyNDUwJTIyJTIwZnJhbWVib3JkZXIlM0QlMjIwJTIyJTIwc3R5bGUlM0QlMjJib3JkZXIlM0EwJTIyJTIwYWxsb3dmdWxsc2NyZWVuJTNFJTNDJTJGaWZyYW1lJTNF\u00bb size=\u00bb250&#8243; title=\u00bbG\u00e9olocalisation des campings autour du lac&#8230;\u00bb css=\u00bb.vc_custom_1467731430334{padding-right: 300px !important;}\u00bb][\/vc_tta_section][vc_tta_section title=\u00bbF\u00e9d\u00e9rations D\u00e9partementales Agr\u00e9\u00e9es pour la P\u00eache et la Protection du Milieu Aquatique (Ari\u00e8ge, Aude)\u00bb tab_id=\u00bb1452532349446-cb2c7386-2dc7&#8243;][vc_column_text]<\/p>\n<ul>\n<li>F\u00c9D\u00c9RATION DE L&#8217;<strong>ARI\u00c8GE<\/strong> POUR LA P\u00caCHE ET LA PROTECTION DU MILIEU AQUATIQUE<br \/>\nParc technologique delta sud<br \/>\n09340 VERNIOLLE -FRANCE<br \/>\nT\u00e9l\u00e9phone : 05 61 600 700<br \/>\nMail: federation@peche-ariege.com<br \/>\nSite web : <a title=\"federation-departementale-peche-ariege\" href=\"http:\/\/www.peche-ariege.com\/\" target=\"_blank\" rel=\"noopener\">www.peche-ariege.com<\/a><\/li>\n<li>F\u00c9D\u00c9RATION DE L&#8217;<strong>AUDE<\/strong> POUR LA P\u00caCHE ET LA PROTECTION DU MILIEU AQUATIQUE<br \/>\n3, chemin de Serres<br \/>\n11000 CARCASSONNE<br \/>\nT\u00e9l. 04 68 25 16 03<br \/>\nFax. 04 68 25 67 73<br \/>\nMail: fedepeche11@wanadoo.fr<br \/>\nSite web : <a title=\"federation-departementale-peche-aude\" href=\"http:\/\/www.fedepeche11.fr\/\" target=\"_blank\" rel=\"noopener\">www.fedepeche11.fr<\/a><\/li>\n<\/ul>\n<p>[\/vc_column_text][\/vc_tta_section][vc_tta_section title=\u00bbEcoles de p\u00eache (Ari\u00e8ge, Aude)\u00bb tab_id=\u00bb1452532380167-bb696a4a-c82a\u00bb][vc_column_text]<\/p>\n<ul>\n<li>\u00c9coles de p\u00eache en Ari\u00e8ge (<a title=\"ecole-de-peche-ariege\" href=\"http:\/\/www.peche-ariege.com\/entree.php?page=ecoles_de_peche\" target=\"_blank\" rel=\"noopener\">lien web<\/a>)<\/li>\n<li>\u00c9coles de p\u00eache en Ari\u00e8ge (<a title=\"ecole-de-peche-ariege\" href=\"https:\/\/www.facebook.com\/ecolepecheariege?fref=ts\" target=\"_blank\" rel=\"noopener\">la page Facebook<\/a>)<\/li>\n<li>P\u00f4le animation de la F\u00e9d\u00e9ration de P\u00eache de l&#8217;Aude (<a title=\"pole-animation-peche-aude\" href=\"http:\/\/www.fedepeche11.fr\/index.php\/pole-animation-de-la-federation\" target=\"_blank\" rel=\"noopener\">lien web<\/a>)<\/li>\n<li>Les Ateliers P\u00eache Nature dans l&#8217;Aude (<a title=\"atelier-peche-nature-aude\" href=\"http:\/\/www.fedepeche11.fr\/index.php\/les-apn-des-aappma-113\" target=\"_blank\" rel=\"noopener\">lien web<\/a>)<\/li>\n<\/ul>\n<p>&nbsp;<\/p>\n<p>[\/vc_column_text][\/vc_tta_section][vc_tta_section title=\u00bbForums p\u00eache \u00abcarnassiers\u00ab sur le web\u00bb tab_id=\u00bb1452532419110-6262dd66-b941&#8243;][vc_column_text]<\/p>\n<ul>\n<li>Carnari\u00e8ge (<a title=\"forum-carnariege-peche-carnassiers-ariege\" href=\"http:\/\/carnariege.forumactif.com\/t246-creation-de-l-association-carnariege\" target=\"_blank\" rel=\"noopener\">site web<\/a>)<\/li>\n<li>Carnatoulouse (<a title=\"forum-peche-carnassiers-toulouse\" href=\"http:\/\/carnatoulouse.bbactif.com\/\" target=\"_blank\" rel=\"noopener\">site web<\/a>)<\/li>\n<\/ul>\n<p>[\/vc_column_text][\/vc_tta_section][vc_tta_section title=\u00bbUne pisciculture bio sur le lac!\u00bb tab_id=\u00bb1452532434848-ba8a38d9-2235&#8243;][vc_column_text]<\/p>\n<ul>\n<li>Les Viviers Cathares (<a title=\"pisciculture-lac-de-montbel\" href=\"http:\/\/www.vivierscathares.com\/\" target=\"_blank\" rel=\"noopener\">site web<\/a>)<\/li>\n<\/ul>\n<p>[\/vc_column_text][\/vc_tta_section][vc_tta_section title=\u00bbPour acheter une carte de p\u00eache&#8230;\u00bb tab_id=\u00bb1452536257930-e26cb0e2-efb5&#8243;][vc_column_text]<\/p>\n<ul>\n<li>Acheter une carte de p\u00eache: <a title=\"carte-de-peche\" href=\"http:\/\/www.cartedepeche.fr\/\" target=\"_blank\" rel=\"noopener\">http:\/\/www.cartedepeche.fr\/<\/a><\/li>\n<\/ul>\n<p>[\/vc_column_text][\/vc_tta_section][vc_tta_section title=\u00bbActivit\u00e9s sportives sur le lac&#8230;\u00bb tab_id=\u00bb1455033085635-137860a7-4241&#8243;][vc_column_text]<\/p>\n<ul>\n<li>Club de voile des rives de L\u00e9ran (<a title=\"club-de-voile-leran\" href=\"http:\/\/www.cvrl.fr\/topic1\/index.html\">lien web<\/a>)<\/li>\n<li>Cano\u00eb, Kayak, Stand-up Paddle avec \u00abYakay Kayak\u00bb (<a title=\"location-canoe-kayak-stand-up-montbel\" href=\"http:\/\/canoe-kayak-ariege.fr\/lac-de-montbel\/\" target=\"_blank\" rel=\"noopener\">lien web<\/a>)<\/li>\n<\/ul>\n<p>[\/vc_column_text][\/vc_tta_section][\/vc_tta_accordion][vc_column_text]<\/p>\n<p style=\"text-align: right;\"><span style=\"text-decoration: underline;\"><a href=\"#haut-de-page\"><em>Haut de page<\/em><\/a><\/span><\/p>\n<p>[\/vc_column_text][\/vc_column][\/vc_row]<\/p>\n<\/div>","protected":false},"excerpt":{"rendered":"<p>[vc_row][vc_column][vc_column_text el_class=\u00bbhauteurboite1&#8243;] Guide de p\u00eache ari\u00e8ge. Guide de p\u00eache aude. Guide de p\u00eache canal du midi. Guide de p\u00eache haute-garonne. Guide de p\u00eache tarn. Guide de p\u00eache lac de la [&hellip;]<\/p>\n","protected":false},"author":1,"featured_media":0,"parent":0,"menu_order":0,"comment_status":"closed","ping_status":"closed","template":"","meta":{"_acf_changed":false,"footnotes":""},"class_list":["post-4637","page","type-page","status-publish","hentry"],"acf":[],"_links":{"self":[{"href":"https:\/\/www.jour-de-peche.com\/es\/wp-json\/wp\/v2\/pages\/4637","targetHints":{"allow":["GET"]}}],"collection":[{"href":"https:\/\/www.jour-de-peche.com\/es\/wp-json\/wp\/v2\/pages"}],"about":[{"href":"https:\/\/www.jour-de-peche.com\/es\/wp-json\/wp\/v2\/types\/page"}],"author":[{"embeddable":true,"href":"https:\/\/www.jour-de-peche.com\/es\/wp-json\/wp\/v2\/users\/1"}],"replies":[{"embeddable":true,"href":"https:\/\/www.jour-de-peche.com\/es\/wp-json\/wp\/v2\/comments?post=4637"}],"version-history":[{"count":16,"href":"https:\/\/www.jour-de-peche.com\/es\/wp-json\/wp\/v2\/pages\/4637\/revisions"}],"predecessor-version":[{"id":555832,"href":"https:\/\/www.jour-de-peche.com\/es\/wp-json\/wp\/v2\/pages\/4637\/revisions\/555832"}],"wp:attachment":[{"href":"https:\/\/www.jour-de-peche.com\/es\/wp-json\/wp\/v2\/media?parent=4637"}],"curies":[{"name":"wp","href":"https:\/\/api.w.org\/{rel}","templated":true}]}}