{"id":1861,"date":"2015-01-30T15:48:41","date_gmt":"2015-01-30T14:48:41","guid":{"rendered":"http:\/\/www.jour-de-peche.com\/?page_id=1861"},"modified":"2024-01-25T10:53:51","modified_gmt":"2024-01-25T09:53:51","slug":"guide-de-peche-haute-garonne-31","status":"publish","type":"page","link":"https:\/\/www.jour-de-peche.com\/es\/guide-de-peche-haute-garonne-31\/","title":{"rendered":"Guide de p\u00eache, Haute-Garonne (31), p\u00eache des carnassiers aux leurres."},"content":{"rendered":"<div class=\"wpb-content-wrapper\"><p>[vc_row][vc_column][vc_column_text]<\/p>\n<h2 style=\"text-align: center;\"><span style=\"color: #800000;\">Haute-Garonne (31)<\/span><\/h2>\n<h2 style=\"text-align: center;\"><span style=\"color: #800000;\">Guidage \u00abp\u00eache aux leurres artificiels\u00bb<\/span><\/h2>\n<p>[\/vc_column_text][\/vc_column][\/vc_row][vc_row][vc_column][vc_column_text css=\u00bb.vc_custom_1467388249917{border-right-width: 2px !important;border-left-width: 2px !important;padding-right: 75px !important;padding-bottom: 15px !important;padding-left: 75px !important;border-left-color: #74a545 !important;border-left-style: solid !important;border-right-color: #74a545 !important;border-right-style: solid !important;border-radius: 30px !important;}\u00bb]<\/p>\n<h4 style=\"text-align: justify;\"><span style=\"color: #999999;\">Mes prestations de guidages en Haute-Garonne se limitent pour l\u2019instant au canal du midi dans sa partie limitrophe avec l\u2019Aude ainsi qu\u2019au petit lac de Nailloux.<\/span><\/h4>\n<h4 style=\"text-align: justify;\"><span style=\"color: #999999;\">Pour l\u2019instant les grands lacs les plus proches de Toulouse sur lesquels je guide sont :<\/span><\/h4>\n<h4 style=\"text-align: justify;\"><span style=\"color: #999999;\">&#8211; le lac de la Ganguise \u00e0 c\u00f4t\u00e9 de Castelnaudary dans l\u2019Aude.<\/span><\/h4>\n<h4 style=\"text-align: justify;\"><span style=\"color: #999999;\">&#8211; le lac de Montbel pr\u00e8s de Mirepoix dans l\u2019Ari\u00e8ge.<\/span><\/h4>\n<p>[\/vc_column_text][\/vc_column][\/vc_row][vc_row][vc_column width=\u00bb1\/2&#8243;][vc_column_text]<\/p>\n<h3 style=\"text-align: center;\"><strong><span style=\"color: #ff6600;\">Lac de la Ganguise<\/span><\/strong><\/h3>\n<p>[\/vc_column_text][vc_single_image image=\u00bb5943&#8243; img_size=\u00bblarge\u00bb style=\u00bbvc_box_shadow_3d\u00bb onclick=\u00bbimg_link_large\u00bb css_animation=\u00bbbottom-to-top\u00bb][\/vc_column][vc_column width=\u00bb1\/2&#8243;][vc_column_text]<\/p>\n<h3 style=\"text-align: center;\"><strong><span style=\"color: #ff6600;\">Lac de Montbel<\/span><\/strong><\/h3>\n<p>[\/vc_column_text][vc_single_image image=\u00bb5716&#8243; img_size=\u00bblarge\u00bb style=\u00bbvc_box_shadow_3d\u00bb onclick=\u00bbimg_link_large\u00bb css_animation=\u00bbtop-to-bottom\u00bb][\/vc_column][\/vc_row][vc_row][vc_column][vc_column_text][\/vc_column_text][\/vc_column][\/vc_row]<\/p>\n<p>[vc_row_inner][vc_column_inner width=\u00bb1\/4&#8243;][vc_btn title=\u00bbTarifs\u00bb color=\u00bbwarning\u00bb align=\u00bbcenter\u00bb link=\u00bburl:http%3A%2F%2Fwww.jour-de-peche.com%2Fguide-de-peche-tarifs%2F\u00bb][\/vc_column_inner][vc_column_inner width=\u00bb1\/4&#8243;][vc_btn title=\u00bbCh\u00e8ques-cadeaux\u00bb color=\u00bbviolet\u00bb align=\u00bbcenter\u00bb link=\u00bburl:http%3A%2F%2Fwww.jour-de-peche.com%2Fcheque-cadeau-peche-carnassiers-et-truites%2F\u00bb][\/vc_column_inner][vc_column_inner width=\u00bb1\/4&#8243;][vc_btn title=\u00bbS\u00e9jours p\u00eache\u00bb color=\u00bbgreen\u00bb align=\u00bbcenter\u00bb link=\u00bburl:http%3A%2F%2Fwww.jour-de-peche.com%2Fpeche-carnassiers-et-tuites-en-france%2Fsejour-peche-ariege-aude%2F\u00bb][\/vc_column_inner][vc_column_inner width=\u00bb1\/4&#8243;][vc_btn title=\u00bbLivre d&#8217;or\u00bb color=\u00bbpink\u00bb align=\u00bbcenter\u00bb link=\u00bburl:http%3A%2F%2Fwww.jour-de-peche.com%2Flivre-or-peche-irlande-et-france%2F\u00bb][\/vc_column_inner][\/vc_row_inner]<\/p>\n<p>[vc_row][vc_column][vc_column_text el_class=\u00bbhauteurboite1&#8243;]<\/p>\n<h1><span style=\"color: #000000;\">Guide de p\u00eache ari\u00e8ge. Guide de p\u00eache aude. Guide de p\u00eache canal du midi. Guide de p\u00eache haute-garonne. Guide de p\u00eache tarn. Guide de p\u00eache lac de la ganguise. Guide de p\u00eache languedoc-roussillon. Guide de p\u00eache midi-pyr\u00e9n\u00e9es. Guide de p\u00eache montagne noire.<br \/>\n<\/span><\/h1>\n<p>[\/vc_column_text][\/vc_column][\/vc_row][vc_row el_class=\u00bbhauteurboite1&#8243;][vc_column width=\u00bb1\/2&#8243;][vc_gallery interval=\u00bb5&#8243; images=\u00bb1862,1796,1864,1798,1794,1866&#8243; img_size=\u00bblarge\u00bb][\/vc_column][vc_column width=\u00bb1\/2&#8243;][vc_column_text]<\/p>\n<p style=\"text-align: justify;\"><strong>En Haute-Garonne<\/strong> on trouve bon nombre de lacs qui permettent de p\u00eacher les carnassiers. Il s&#8217;agit souvent de petites superficies mais qui rec\u00e8lent parfois de jolis poissons. Les esp\u00e8ces y sont vari\u00e9es: sandres, perches, brochets et black-bass. On peut souvent y p\u00eacher librement en bateau, en kayak, en float-tube ou du bord!<\/p>\n<p style=\"text-align: justify;\">En guidage, je propose au choix:<\/p>\n<p style=\"text-align: justify;\">[custom_list style=\u00bblist-1&#8243;]<\/p>\n<ul>\n<li>P\u00eache aux leurres en bateau<\/li>\n<li>P\u00eache aux leurres en kayak<\/li>\n<li>P\u00eache aux leurres du bord<\/li>\n<\/ul>\n<p style=\"text-align: justify;\">[\/custom_list]<\/p>\n<p>[custom_button text=\u00bbRenseignements et tarifs\u00bb title=\u00bbRenseignements et tarifs guidages p\u00eache sur le canal du midi\u00bb url=\u00bbhttp:\/\/www.jour-de-peche.com\/contact\/\u00bb size=\u00bbmedium\u00bb bg_color=\u00bb#FF5C00&#8243; text_color=\u00bb#FFFFFF\u00bb align=\u00bbleft\u00bb target=\u00bb_self\u00bb][custom_button text=\u00bbCh\u00e8que-cadeau\u00bb title=\u00bbCh\u00e8que cadeau pour guidages p\u00eache sur le canal du midi\u00bb url=\u00bbhttp:\/\/www.jour-de-peche.com\/cheque-cadeau-peche-carnassiers-et-truites\/\u00bb size=\u00bbmedium\u00bb bg_color=\u00bb#FF5C00&#8243; text_color=\u00bb#FFFFFF\u00bb align=\u00bbleft\u00bb target=\u00bb_self\u00bb][\/vc_column_text][\/vc_column][\/vc_row][vc_row el_class=\u00bbhauteurboite1&#8243;][vc_column][vc_column_text][vc_posts_grid loop=\u00bbsize:6|order_by:date|post_type:post|categories:156&#8243; grid_columns_count=\u00bb1&#8243; grid_layout=\u00bbtitle|no_link,image|no_link,text|excerpt,link\u00bb grid_thumb_size=\u00bbmedium\u00bb][\/vc_column_text][\/vc_column][\/vc_row]<\/p>\n<\/div>","protected":false},"excerpt":{"rendered":"<p>[vc_row][vc_column][vc_column_text] Haute-Garonne (31) Guidage \u00abp\u00eache aux leurres artificiels\u00bb [\/vc_column_text][\/vc_column][\/vc_row][vc_row][vc_column][vc_column_text css=\u00bb.vc_custom_1467388249917{border-right-width: 2px !important;border-left-width: 2px !important;padding-right: 75px !important;padding-bottom: 15px !important;padding-left: 75px !important;border-left-color: #74a545 !important;border-left-style: solid !important;border-right-color: #74a545 !important;border-right-style: solid !important;border-radius: 30px !important;}\u00bb] [&hellip;]<\/p>\n","protected":false},"author":1,"featured_media":0,"parent":0,"menu_order":0,"comment_status":"closed","ping_status":"closed","template":"","meta":{"_acf_changed":false,"footnotes":""},"class_list":["post-1861","page","type-page","status-publish","hentry"],"acf":[],"_links":{"self":[{"href":"https:\/\/www.jour-de-peche.com\/es\/wp-json\/wp\/v2\/pages\/1861","targetHints":{"allow":["GET"]}}],"collection":[{"href":"https:\/\/www.jour-de-peche.com\/es\/wp-json\/wp\/v2\/pages"}],"about":[{"href":"https:\/\/www.jour-de-peche.com\/es\/wp-json\/wp\/v2\/types\/page"}],"author":[{"embeddable":true,"href":"https:\/\/www.jour-de-peche.com\/es\/wp-json\/wp\/v2\/users\/1"}],"replies":[{"embeddable":true,"href":"https:\/\/www.jour-de-peche.com\/es\/wp-json\/wp\/v2\/comments?post=1861"}],"version-history":[{"count":23,"href":"https:\/\/www.jour-de-peche.com\/es\/wp-json\/wp\/v2\/pages\/1861\/revisions"}],"predecessor-version":[{"id":555825,"href":"https:\/\/www.jour-de-peche.com\/es\/wp-json\/wp\/v2\/pages\/1861\/revisions\/555825"}],"wp:attachment":[{"href":"https:\/\/www.jour-de-peche.com\/es\/wp-json\/wp\/v2\/media?parent=1861"}],"curies":[{"name":"wp","href":"https:\/\/api.w.org\/{rel}","templated":true}]}}