{"id":1257,"date":"2014-11-07T12:11:33","date_gmt":"2014-11-07T11:11:33","guid":{"rendered":"http:\/\/www.jour-de-peche.com\/?page_id=1257"},"modified":"2022-11-10T12:48:16","modified_gmt":"2022-11-10T11:48:16","slug":"apprendre-a-pecher-en-casting","status":"publish","type":"page","link":"https:\/\/www.jour-de-peche.com\/es\/apprendre-a-pecher-en-casting\/","title":{"rendered":"Apprendre \u00e0 p\u00eacher en casting, Aude, Ari\u00e8ge&#8230;"},"content":{"rendered":"<div class=\"wpb-content-wrapper\"><p>[vc_row][vc_column][vc_column_text el_class=\u00bbhauteurboite1&#8243;]<\/p>\n<h1><span style=\"color: #000000;\">Apprendre \u00e0 utiliser une canne et un moulinet casting. P\u00eache en casting. Initiation.<br \/>\n<\/span><\/h1>\n<p>[\/vc_column_text][\/vc_column][\/vc_row][vc_row][vc_column][vc_column_text]<\/p>\n<div class=\"vc_row wpb_row vc_row-fluid\">\n<div class=\"vc_col-sm-12 wpb_column vc_column_container\">\n<div class=\"wpb_wrapper\">\n<div class=\"wpb_text_column wpb_content_element \">\n<div class=\"wpb_wrapper\">\n<h2 style=\"text-align: center;\"><span style=\"color: #800000;\">Apprendre \u00e0 p\u00eacher en casting!<\/span><br \/>\n<span style=\"color: #800000; font-size: 16px;\">(p\u00eache aux leurres artificiels)<\/span><\/h2>\n<\/div>\n<\/div>\n<\/div>\n<\/div>\n<\/div>\n<p>[\/vc_column_text][\/vc_column][\/vc_row][vc_row][vc_column width=\u00bb1\/2&#8243; css=\u00bb.vc_custom_1415361661665{padding-top: 25px !important;}\u00bb][vc_images_carousel images=\u00bb1224,1228,1238,1220,1226,1216,1218,1234,1240,1230,1236,1232,1222,1242&#8243; img_size=\u00bbmedium\u00bb speed=\u00bb20000&#8243; autoplay=\u00bbyes\u00bb wrap=\u00bbyes\u00bb][\/vc_column][vc_column width=\u00bb1\/2&#8243;][vc_column_text]<\/p>\n<h4><strong>Pour passer de la \u00ab\u00a0perruque\u00a0\u00bb \u00e0 la p\u00eache!<\/strong><\/h4>\n<p style=\"text-align: justify;\">L\u2019une des choses qui m\u2019est souvent demand\u00e9e en guidage, c\u2019est d\u2019<strong>apprendre \u00e0 p\u00eacher en casting<\/strong>. Ou, tout le moins, dans un premier temps, d\u2019apprendre \u00e0 lancer en casting.<\/p>\n<p style=\"text-align: justify;\">Il est une id\u00e9e re\u00e7ue qui voudrait que la p\u00eache en casting soit une chose bien difficile. Cela est faux. <strong>Lancer correctement en casting, c\u2019est \u00e0 la port\u00e9e de tous.<\/strong> Et, \u00e0 ce petit jeu, les plus jeunes apprennent souvent bien plus vite que les adultes. Ce n\u2019est pas compliqu\u00e9 du tout, par contre \u00e7a ne s\u2019improvise pas! <strong>Avec un peu de m\u00e9thode, en moins d&#8217;une heure on doit pouvoir savoir lancer \u00e0 peu pr\u00e8s correctement.<br \/>\n<\/strong><\/p>\n<p style=\"text-align: justify;\">\u00c7a peut \u00eatre long et couteux d&#8217;apprendre seul, le risque est d&#8217;y passer quelques bobines de tresses avant de comprendre comment \u00e7a fonctionne vraiment. On peut utiliser du nylon, mais \u00e7a provoque encore plus de perruques et \u00e7a n&#8217;aide pas du tout \u00e0 s&#8217;am\u00e9liorer!<\/p>\n<p style=\"text-align: justify;\">Lors d&#8217;une journ\u00e9e de guidage ou d&#8217;initiation \u00e0 la p\u00eache, on peut prendre un temps pour l&#8217;apprentissage. Vous identifierez rapidement si la p\u00eache en casting est vraiment susceptible de vous plaire&#8230; avant d&#8217;investir!<\/p>\n<p>[\/vc_column_text][\/vc_column][\/vc_row][vc_row][vc_column][vc_column_text]<strong>Au programme, pour apprendre \u00e0 lancer en casting:<\/strong><\/p>\n<ul class=\"list-1\">\n<li>Comprendre le fonctionnement du moulinet casting (autrement nomm\u00e9 \u00ab\u00a0moulinet \u00e0 tambour tournant\u00a0\u00bb)<\/li>\n<li>Comprendre la r\u00e9action de la bobine face aux obstacles (arbre, vent, eau, etc&#8230;)<\/li>\n<li>Lancer sous la canne<\/li>\n<li>Freiner la ligne avec le pouce<\/li>\n<li>Lancer en coup droit, en revers et par dessus la t\u00eate<\/li>\n<li>Lancer au ras de l\u2019eau et r\u00e9aliser des pos\u00e9s discrets<\/li>\n<li>Petit tour d\u2019horizon sur l\u2019utilisation des 3 types de freins (dont le pouce)<\/li>\n<li>Travailler la gestuelle jusqu\u2019\u00e0 obtenir toute la fluidit\u00e9 n\u00e9cessaire dans les mouvements<\/li>\n<\/ul>\n<p style=\"text-align: justify;\">Si vous venez pour une journ\u00e9e de guidage ou d&#8217;initiation, en France ou \u00e0 l&#8217;\u00e9tranger, n&#8217;h\u00e9sitez pas \u00e0 me pr\u00e9venir \u00e0 l&#8217;avance si vous souhaitez \u00eatre initi\u00e9 au casting. \u00c7a ne changera rien au tarif de la prestation, \u00e7a me permettra simplement de le pr\u00e9voir et d&#8217;adapter la journ\u00e9e pour r\u00e9server une demi-heure ou une heure pour cela, selon votre besoin et votre envie&#8230;<\/p>\n<p>[\/vc_column_text][vc_separator color=\u00bbcustom\u00bb style=\u00bbshadow\u00bb el_width=\u00bb50&#8243; css_animation=\u00bbzoomInDown\u00bb accent_color=\u00bb#848484&#8243;][\/vc_column][\/vc_row][vc_row_inner][vc_column_inner width=\u00bb1\/4&#8243;][vc_btn title=\u00bbTarifs\u00bb color=\u00bbwarning\u00bb align=\u00bbcenter\u00bb link=\u00bburl:http%3A%2F%2Fwww.jour-de-peche.com%2Fguide-de-peche-tarifs%2F\u00bb][\/vc_column_inner][vc_column_inner width=\u00bb1\/4&#8243;][vc_btn title=\u00bbCh\u00e8ques-cadeaux\u00bb color=\u00bbviolet\u00bb align=\u00bbcenter\u00bb link=\u00bburl:http%3A%2F%2Fwww.jour-de-peche.com%2Fcheque-cadeau-peche-carnassiers-et-truites%2F\u00bb][\/vc_column_inner][vc_column_inner width=\u00bb1\/4&#8243;][vc_btn title=\u00bbS\u00e9jours p\u00eache\u00bb color=\u00bbgreen\u00bb align=\u00bbcenter\u00bb link=\u00bburl:http%3A%2F%2Fwww.jour-de-peche.com%2Fpeche-carnassiers-et-tuites-en-france%2Fsejour-peche-ariege-aude%2F\u00bb][\/vc_column_inner][vc_column_inner width=\u00bb1\/4&#8243;][vc_btn title=\u00bbLivre d&#8217;or\u00bb color=\u00bbpink\u00bb align=\u00bbcenter\u00bb link=\u00bburl:http%3A%2F%2Fwww.jour-de-peche.com%2Flivre-or-peche-irlande-et-france%2F\u00bb][\/vc_column_inner][\/vc_row_inner][vc_row][vc_column][\/vc_column][\/vc_row]<\/p>\n<\/div>","protected":false},"excerpt":{"rendered":"<p>[vc_row][vc_column][vc_column_text el_class=\u00bbhauteurboite1&#8243;] Apprendre \u00e0 utiliser une canne et un moulinet casting. P\u00eache en casting. Initiation. [\/vc_column_text][\/vc_column][\/vc_row][vc_row][vc_column][vc_column_text] Apprendre \u00e0 p\u00eacher en casting! (p\u00eache aux leurres artificiels) [\/vc_column_text][\/vc_column][\/vc_row][vc_row][vc_column width=\u00bb1\/2&#8243; css=\u00bb.vc_custom_1415361661665{padding-top: 25px !important;}\u00bb][vc_images_carousel [&hellip;]<\/p>\n","protected":false},"author":1,"featured_media":0,"parent":0,"menu_order":0,"comment_status":"closed","ping_status":"closed","template":"","meta":{"_acf_changed":false,"footnotes":""},"class_list":["post-1257","page","type-page","status-publish","hentry"],"acf":[],"_links":{"self":[{"href":"https:\/\/www.jour-de-peche.com\/es\/wp-json\/wp\/v2\/pages\/1257","targetHints":{"allow":["GET"]}}],"collection":[{"href":"https:\/\/www.jour-de-peche.com\/es\/wp-json\/wp\/v2\/pages"}],"about":[{"href":"https:\/\/www.jour-de-peche.com\/es\/wp-json\/wp\/v2\/types\/page"}],"author":[{"embeddable":true,"href":"https:\/\/www.jour-de-peche.com\/es\/wp-json\/wp\/v2\/users\/1"}],"replies":[{"embeddable":true,"href":"https:\/\/www.jour-de-peche.com\/es\/wp-json\/wp\/v2\/comments?post=1257"}],"version-history":[{"count":39,"href":"https:\/\/www.jour-de-peche.com\/es\/wp-json\/wp\/v2\/pages\/1257\/revisions"}],"predecessor-version":[{"id":551232,"href":"https:\/\/www.jour-de-peche.com\/es\/wp-json\/wp\/v2\/pages\/1257\/revisions\/551232"}],"wp:attachment":[{"href":"https:\/\/www.jour-de-peche.com\/es\/wp-json\/wp\/v2\/media?parent=1257"}],"curies":[{"name":"wp","href":"https:\/\/api.w.org\/{rel}","templated":true}]}}