{"id":8683,"date":"2018-06-21T13:34:38","date_gmt":"2018-06-21T12:34:38","guid":{"rendered":"https:\/\/www.jour-de-peche.com\/?page_id=8683"},"modified":"2024-01-25T10:39:29","modified_gmt":"2024-01-25T09:39:29","slug":"lac-de-caramany-barrage-agly-pyrenees-orientales","status":"publish","type":"page","link":"https:\/\/www.jour-de-peche.com\/en\/lac-de-caramany-barrage-agly-pyrenees-orientales\/","title":{"rendered":"Guide de p\u00eache, lac de Caramany (Barrage de l&#8217;Agly), sandres, brochets, perches."},"content":{"rendered":"<div class=\"wpb-content-wrapper\"><p>[vc_row][vc_column][vc_column_text el_class=&#8221;hauteurboite1&#8243;]<\/p>\n<h1><span style=\"color: #000000;\">Guide de p\u00eache. Lac de Caramany. Barrage de l&#8217;Agly. Sandres, brochets, perches. P\u00eache aux leurres. Pyr\u00e9n\u00e9es Orientales. 66<br \/>\n<\/span><\/h1>\n<p>[\/vc_column_text][\/vc_column][\/vc_row][vc_row][vc_column][vc_column_text]<\/p>\n<h3 id=\"haut-de-page\" style=\"text-align: center;\"><span style=\"color: #800000;\"><strong>P\u00eache des carnassiers aux leurres en barque, lac de Caramany (Barrage de l&#8217;Agly).<br \/>\nPyr\u00e9n\u00e9es-Orientales (66)<\/strong><\/span><\/h3>\n<p>[\/vc_column_text][vc_separator color=&#8221;custom&#8221; style=&#8221;dashed&#8221; border_width=&#8221;2&#8243; el_width=&#8221;80&#8243; accent_color=&#8221;#999999&#8243;][vc_row_inner][vc_column_inner width=&#8221;1\/2&#8243;][vc_column_text]<\/p>\n<h4 style=\"text-align: center;\"><strong><span style=\"color: #ff7700;\">LAC DE CARAMANY (Barrage de l&#8217;Agly)<\/span><\/strong><\/h4>\n<p style=\"text-align: justify;\">Le lac de Caramany est un tr\u00e8s chouette lac, il s&#8217;ins\u00e8re dans un joli cadre \u00e0 la fois aride et verdoyant, il est entour\u00e9 de vignobles. Sa population de carnassiers est int\u00e9ressante. Au printemps, en \u00e9t\u00e9, \u00e0 l&#8217;automne, en hiver&#8230; \u00e0 chaque saison son charme et ses particularit\u00e9s en terme de p\u00eache. Le vent peut y souffler fort et m\u00eame tr\u00e8s tr\u00e8s fort, il faut donc \u00eatre vigilant et bien surveiller la m\u00e9t\u00e9o lorsqu&#8217;on pr\u00e9voit une session de p\u00eache sur ce lac.<\/p>\n<p style=\"text-align: justify;\">Caramany est \u00e0 2h30 de route de chez moi, je ne peux pas y aller ais\u00e9ment \u00e0 la journ\u00e9e pour une seule personne. Chaque projet s&#8217;\u00e9tudie au cas par cas. N&#8217;h\u00e9sitez pas \u00e0 m&#8217;appeler. St\u00e9phane 06 80 03 22 79.<\/p>\n<p>[\/vc_column_text][vc_separator color=&#8221;custom&#8221; el_width=&#8221;50&#8243; accent_color=&#8221;#999999&#8243;][vc_column_text]<em><strong>En r\u00e9sum\u00e9:<\/strong><\/em><\/p>\n<ul>\n<li>P\u00e9riode: du 1er mai au dernier dimanche de janvier<\/li>\n<li>Poissons: brochets, sandres, perches, silures<\/li>\n<li>P\u00eache en bateau<\/li>\n<li>Nombre de personnes maximum : 3 personnes<\/li>\n<li>Mat\u00e9riel fourni (cannes, moulinets, leurres, etc&#8230;)<\/li>\n<li>Type de p\u00eache : toutes les p\u00eaches aux leurres artificiels<\/li>\n<li>Tarif \u00e0 la journ\u00e9e, prix d\u00e9gressif en fonction du nombre de jours et du nombre de personnes&#8230;<\/li>\n<\/ul>\n<p>[\/vc_column_text][\/vc_column_inner][vc_column_inner width=&#8221;1\/2&#8243; css=&#8221;.vc_custom_1452274701349{padding-top: 15px !important;}&#8221;][vc_column_text]<\/p>\n<h3 style=\"text-align: center;\"><span style=\"color: #808080;\">Brochets, sandres, perches, silures.<\/span><\/h3>\n<p>[\/vc_column_text][vc_gallery interval=&#8221;0&#8243; images=&#8221;8675,8667,8661,8658,8375&#8243; img_size=&#8221;large&#8221;][\/vc_column_inner][\/vc_row_inner][vc_row_inner][vc_column_inner width=&#8221;1\/4&#8243;][vc_btn title=&#8221;Tarifs&#8221; color=&#8221;warning&#8221; align=&#8221;center&#8221; link=&#8221;url:http%3A%2F%2Fwww.jour-de-peche.com%2Fguide-de-peche-tarifs%2F&#8221;][\/vc_column_inner][vc_column_inner width=&#8221;1\/4&#8243;][vc_btn title=&#8221;Ch\u00e8ques-cadeaux&#8221; color=&#8221;violet&#8221; align=&#8221;center&#8221; link=&#8221;url:http%3A%2F%2Fwww.jour-de-peche.com%2Fcheque-cadeau-peche-carnassiers-et-truites%2F&#8221;][\/vc_column_inner][vc_column_inner width=&#8221;1\/4&#8243;][vc_btn title=&#8221;S\u00e9jours p\u00eache&#8221; color=&#8221;green&#8221; align=&#8221;center&#8221; link=&#8221;url:http%3A%2F%2Fwww.jour-de-peche.com%2Fpeche-carnassiers-et-tuites-en-france%2Fsejour-peche-ariege-aude%2F&#8221;][\/vc_column_inner][vc_column_inner width=&#8221;1\/4&#8243;][vc_btn title=&#8221;Livre d&#8217;or&#8221; color=&#8221;pink&#8221; align=&#8221;center&#8221; link=&#8221;url:http%3A%2F%2Fwww.jour-de-peche.com%2Flivre-or-peche-irlande-et-france%2F&#8221;][\/vc_column_inner][\/vc_row_inner][vc_separator color=&#8221;custom&#8221; border_width=&#8221;2&#8243; accent_color=&#8221;#999999&#8243;][vc_row_inner][vc_column_inner][\/vc_column_inner][\/vc_row_inner][\/vc_column][\/vc_row][vc_row][vc_column][vc_row_inner][vc_column_inner width=&#8221;1\/2&#8243;][vc_column_text css_animation=&#8221;appear&#8221;]<\/p>\n<h3 style=\"text-align: center;\"><span style=\"color: #800000;\"><strong>Quelques r\u00e9cits de p\u00eache sur le lac de Caramany&#8230;<\/strong><\/span><\/h3>\n<p>[\/vc_column_text][\/vc_column_inner][vc_column_inner width=&#8221;1\/2&#8243;][vc_column_text css_animation=&#8221;appear&#8221;][vc_btn title=&#8221;Section blog! Tous les r\u00e9cits&#8230;&#8221; color=&#8221;mulled-wine&#8221; align=&#8221;center&#8221; link=&#8221;url:http%3A%2F%2Fwww.jour-de-peche.com%2Fcategory%2Ftous-les-recits-de-peche-fr%2F&#8221;][\/vc_column_text][\/vc_column_inner][\/vc_row_inner][vc_basic_grid post_type=&#8221;ids&#8221; element_width=&#8221;6&#8243; gap=&#8221;10&#8243; item=&#8221;masonryGrid_OverlayWithRotation&#8221; include=&#8221;8354, 8656&#8243; grid_id=&#8221;vc_gid:1706175397175-69678bb3-147e-3&#8243;][vc_row_inner][vc_column_inner width=&#8221;1\/2&#8243; css=&#8221;.vc_custom_1452270609143{border-top-width: 0px !important;border-right-width: 0px !important;border-bottom-width: 0px !important;border-left-width: 0px !important;padding-top: 0px !important;padding-right: 0px !important;padding-bottom: 0px !important;padding-left: 0px !important;}&#8221;][vc_facebook][\/vc_column_inner][vc_column_inner width=&#8221;1\/2&#8243;][vc_googleplus annotation=&#8221;inline&#8221;][\/vc_column_inner][\/vc_row_inner][vc_separator color=&#8221;custom&#8221; border_width=&#8221;2&#8243; accent_color=&#8221;#999999&#8243;][\/vc_column][\/vc_row][vc_row][vc_column width=&#8221;1\/2&#8243;][vc_gmaps link=&#8221;#E-8_JTNDaWZyYW1lJTIwc3JjJTNEJTIyaHR0cHMlM0ElMkYlMkZ3d3cuZ29vZ2xlLmNvbSUyRm1hcHMlMkZlbWJlZCUzRnBiJTNEJTIxMW0xNCUyMTFtMTIlMjExbTMlMjExZDIzNDM4LjI5MTM2NjkwNTUxJTIxMmQyLjU1NTA0NzYxODc4NzAwOCUyMTNkNDIuNzUwNTcwNzg0Mjk3MTUlMjEybTMlMjExZjAlMjEyZjAlMjEzZjAlMjEzbTIlMjExaTEwMjQlMjEyaTc2OCUyMTRmMTMuMSUyMTVlMCUyMTNtMiUyMTFzZnIlMjEyc2ZyJTIxNHYxNTI5NTg0MTM5MDMyJTIyJTIwd2lkdGglM0QlMjI2MDAlMjIlMjBoZWlnaHQlM0QlMjI0NTAlMjIlMjBmcmFtZWJvcmRlciUzRCUyMjAlMjIlMjBzdHlsZSUzRCUyMmJvcmRlciUzQTAlMjIlMjBhbGxvd2Z1bGxzY3JlZW4lM0UlM0MlMkZpZnJhbWUlM0U=&#8221; size=&#8221;250&#8243; title=&#8221;Situation g\u00e9ographique du lac&#8221;][\/vc_column][vc_column width=&#8221;1\/2&#8243; css=&#8221;.vc_custom_1446638361270{padding-top: 25px !important;}&#8221;][vc_column_text]<\/p>\n<h4 style=\"text-align: center;\"><strong>Les grandes agglom\u00e9rations les plus proches<\/strong><\/h4>\n<ul>\n<li>A 45 min de Perpignan<\/li>\n<li>A 1h15 de Narbonne<\/li>\n<li>A 1h30 de B\u00e9ziers<\/li>\n<li>A 1h40 de Carcassonne<\/li>\n<li>A 2h15 de Montpellier<\/li>\n<li>A 2h30 de Toulouse<\/li>\n<\/ul>\n<p>A\u00e9roport le plus proche: Toulouse-Blagnac[\/vc_column_text][\/vc_column][\/vc_row][vc_row][vc_column][vc_separator color=&#8221;custom&#8221; border_width=&#8221;2&#8243; accent_color=&#8221;#999999&#8243;][\/vc_column][\/vc_row][vc_row][vc_column width=&#8221;1\/2&#8243;][vc_column_text]<\/p>\n<h3 style=\"text-align: center;\"><span style=\"color: #800000;\">Youtube<\/span><\/h3>\n<p>[\/vc_column_text][vc_single_image image=&#8221;4471&#8243; img_size=&#8221;large&#8221; alignment=&#8221;center&#8221; style=&#8221;vc_box_shadow_3d&#8221; onclick=&#8221;custom_link&#8221; img_link_target=&#8221;_blank&#8221; css_animation=&#8221;appear&#8221; link=&#8221;https:\/\/www.youtube.com\/channel\/UChFn15WL4MVWvZrTpTbq18Q&#8221;][\/vc_column][vc_column width=&#8221;1\/2&#8243;][vc_column_text]<\/p>\n<h3 style=\"text-align: center;\"><span style=\"color: #800000;\">Facebook<\/span><\/h3>\n<p>[\/vc_column_text][vc_single_image image=&#8221;4437&#8243; img_size=&#8221;large&#8221; alignment=&#8221;center&#8221; style=&#8221;vc_box_shadow_3d&#8221; onclick=&#8221;custom_link&#8221; img_link_target=&#8221;_blank&#8221; css_animation=&#8221;appear&#8221; link=&#8221;https:\/\/www.facebook.com\/steph.legentilhomme&#8221;][\/vc_column][\/vc_row][vc_row][vc_column][vc_separator color=&#8221;custom&#8221; border_width=&#8221;2&#8243; accent_color=&#8221;#999999&#8243;][\/vc_column][\/vc_row]<\/p>\n<\/div>","protected":false},"excerpt":{"rendered":"<p>[vc_row][vc_column][vc_column_text el_class=&#8221;hauteurboite1&#8243;] Guide de p\u00eache. Lac de Caramany. Barrage de l&#8217;Agly. Sandres, brochets, perches. P\u00eache aux leurres. Pyr\u00e9n\u00e9es Orientales. 66 [\/vc_column_text][\/vc_column][\/vc_row][vc_row][vc_column][vc_column_text] P\u00eache des carnassiers aux leurres en barque, lac de [&hellip;]<\/p>\n","protected":false},"author":1,"featured_media":0,"parent":0,"menu_order":0,"comment_status":"closed","ping_status":"closed","template":"","meta":{"_acf_changed":false,"footnotes":""},"class_list":["post-8683","page","type-page","status-publish","hentry"],"acf":[],"_links":{"self":[{"href":"https:\/\/www.jour-de-peche.com\/en\/wp-json\/wp\/v2\/pages\/8683","targetHints":{"allow":["GET"]}}],"collection":[{"href":"https:\/\/www.jour-de-peche.com\/en\/wp-json\/wp\/v2\/pages"}],"about":[{"href":"https:\/\/www.jour-de-peche.com\/en\/wp-json\/wp\/v2\/types\/page"}],"author":[{"embeddable":true,"href":"https:\/\/www.jour-de-peche.com\/en\/wp-json\/wp\/v2\/users\/1"}],"replies":[{"embeddable":true,"href":"https:\/\/www.jour-de-peche.com\/en\/wp-json\/wp\/v2\/comments?post=8683"}],"version-history":[{"count":9,"href":"https:\/\/www.jour-de-peche.com\/en\/wp-json\/wp\/v2\/pages\/8683\/revisions"}],"predecessor-version":[{"id":555820,"href":"https:\/\/www.jour-de-peche.com\/en\/wp-json\/wp\/v2\/pages\/8683\/revisions\/555820"}],"wp:attachment":[{"href":"https:\/\/www.jour-de-peche.com\/en\/wp-json\/wp\/v2\/media?parent=8683"}],"curies":[{"name":"wp","href":"https:\/\/api.w.org\/{rel}","templated":true}]}}