{"id":8499,"date":"2018-05-03T12:47:20","date_gmt":"2018-05-03T11:47:20","guid":{"rendered":"http:\/\/www.jour-de-peche.com\/?page_id=8499"},"modified":"2024-01-25T10:40:18","modified_gmt":"2024-01-25T09:40:18","slug":"lac-de-lunax-guide-de-peche","status":"publish","type":"page","link":"https:\/\/www.jour-de-peche.com\/en\/lac-de-lunax-guide-de-peche\/","title":{"rendered":"Guide de p\u00eache, lac de Lunax (lac de la Gimone), sandres, brochets, perches."},"content":{"rendered":"<div class=\"wpb-content-wrapper\"><p>[vc_row][vc_column][vc_column_text el_class=\u201dhauteurboite1\u2033]<\/p>\n<h1><span style=\"color: #000000;\">Guide de p\u00eache. Lac de Lunax. Lac de la Gimone. Sandres, brochets, perche. P\u00eache aux leurres. Haute-garonne. Gers<br \/>\n<\/span><\/h1>\n<p>[\/vc_column_text][\/vc_column][\/vc_row][vc_row][vc_column][vc_column_text]<\/p>\n<h3 id=\"haut-de-page\" style=\"text-align: center;\"><span style=\"color: #800000;\"><strong>P\u00eache des carnassiers aux leurres en barque, lac de Lunax (de la Gimone).<\/strong><\/span><\/h3>\n<p>[\/vc_column_text][vc_separator color=\u201dcustom\u201d style=\u201ddashed\u201d border_width=\u201d2\u2033 el_width=\u201d80\u2033 accent_color=\u201d#999999\u2033][vc_row_inner][vc_column_inner width=\u201d1\/2\u2033][vc_column_text]<\/p>\n<h4 style=\"text-align: center;\"><strong><span style=\"color: #ff7700;\">LAC DE LUNAX (Haute-Garonne, Gers)<\/span><\/strong><\/h4>\n<p style=\"text-align: justify;\">Le lac de de Lunax, \u00e9galement appel\u00e9 lac de la Gimone (du nom de la rivi\u00e8re sur laquelle il repose), est limitrophe de plusieurs d\u00e9partements. La Haute-Garonne pour la partie Est, le Gers pour la partie Ouest, et m\u00eame les Hautes-Pyr\u00e9n\u00e9es \u00e0 la pointe sud du lac. Par beau-temps et par bonne visibilit\u00e9 on y voit la cha\u00eene des Pyr\u00e9n\u00e9es au lointain. Il s\u2019agit d\u2019une superficie moyenne, 250 ha, pas de quoi s\u2019y perdre, mais largement de quoi y passer une ou plusieurs bonnes journ\u00e9es de p\u00eache. On y trouve une population de sandres, de brochets, de perches, et des silures. Un chouette lac!<\/p>\n<p style=\"text-align: justify;\">Comme pour Montbel et la Ganguise, ces-derni\u00e8res ann\u00e9es la p\u00eache y est devenue de plus en plus compliqu\u00e9e. En 2024 mes stages y prennent d\u00e9finitivement une tournure d\u2019enseignement avant tout technique. N\u2019h\u00e9sitez pas \u00e0 m\u2019appeler pour creuser le sujet et voir si ce que j\u2019ai \u00e0 vous proposer colle avec vos attentes. St\u00e9phane : 06 80 03 22 79.<\/p>\n<p>[\/vc_column_text][vc_separator color=\u201dcustom\u201d el_width=\u201d50\u2033 accent_color=\u201d#999999\u2033][vc_column_text]<em><strong>En r\u00e9sum\u00e9:<\/strong><\/em><\/p>\n<ul>\n<li>P\u00e9riode: du 1er mai au dernier dimanche de janvier<\/li>\n<li>Poissons: brochets, sandres, perches, silures<\/li>\n<li>P\u00eache en bateau<\/li>\n<li>Nombre de personnes maximum : 3 personnes<\/li>\n<li>Mat\u00e9riel fourni (cannes, moulinets, leurres, etc\u2026)<\/li>\n<li>Type de p\u00eache : toutes les p\u00eaches aux leurres artificiels<\/li>\n<li>Tarif \u00e0 la journ\u00e9e, prix d\u00e9gressif en fonction du nombre de jours et du nombre de personnes\u2026<\/li>\n<\/ul>\n<p>[\/vc_column_text][\/vc_column_inner][vc_column_inner width=\u201d1\/2\u2033 css=\u201d.vc_custom_1452274701349{padding-top: 15px !important;}\u201d][vc_column_text]<\/p>\n<h3 style=\"text-align: center;\"><span style=\"color: #808080;\">Brochets, sandres, perches, silures.<\/span><\/h3>\n<p>[\/vc_column_text][vc_gallery interval=\u201d0\u2033 images=\u201d8516,8502,8500,8512,8508\u2033 img_size=\u201dlarge\u201d][\/vc_column_inner][\/vc_row_inner][vc_row_inner][vc_column_inner width=\u201d1\/4\u2033][vc_btn title=\u201dTarifs\u201d color=\u201dwarning\u201d align=\u201dcenter\u201d link=\u201durl:http%3A%2F%2Fwww.jour-de-peche.com%2Fguide-de-peche-tarifs%2F\u201d][\/vc_column_inner][vc_column_inner width=\u201d1\/4\u2033][vc_btn title=\u201dCh\u00e8ques-cadeaux\u201d color=\u201dviolet\u201d align=\u201dcenter\u201d link=\u201durl:http%3A%2F%2Fwww.jour-de-peche.com%2Fcheque-cadeau-peche-carnassiers-et-truites%2F\u201d][\/vc_column_inner][vc_column_inner width=\u201d1\/4\u2033][vc_btn title=\u201dS\u00e9jours p\u00eache\u201d color=\u201dgreen\u201d align=\u201dcenter\u201d link=\u201durl:http%3A%2F%2Fwww.jour-de-peche.com%2Fpeche-carnassiers-et-tuites-en-france%2Fsejour-peche-ariege-aude%2F\u201d][\/vc_column_inner][vc_column_inner width=\u201d1\/4\u2033][vc_btn title=\u201dLivre d\u2019or\u201d color=\u201dpink\u201d align=\u201dcenter\u201d link=\u201durl:http%3A%2F%2Fwww.jour-de-peche.com%2Flivre-or-peche-irlande-et-france%2F\u201d][\/vc_column_inner][\/vc_row_inner][vc_separator color=\u201dcustom\u201d border_width=\u201d2\u2033 accent_color=\u201d#999999\u2033][\/vc_column][\/vc_row][vc_row][vc_column][vc_row_inner][vc_column_inner width=\u201d1\/2\u2033][vc_column_text css_animation=\u201dappear\u201d]<\/p>\n<h3 style=\"text-align: center;\"><span style=\"color: #800000;\"><strong>Quelques r\u00e9cits de p\u00eache sur le lac de Lunax\u2026<\/strong><\/span><\/h3>\n<p>[\/vc_column_text][\/vc_column_inner][vc_column_inner width=\u201d1\/2\u2033][vc_column_text css_animation=\u201dappear\u201d][vc_btn title=\u201dSection blog! Tous les r\u00e9cits\u2026\u201d color=\u201dmulled-wine\u201d align=\u201dcenter\u201d link=\u201durl:http%3A%2F%2Fwww.jour-de-peche.com%2Fcategory%2Ftous-les-recits-de-peche-fr%2F\u201d][\/vc_column_text][\/vc_column_inner][\/vc_row_inner][vc_basic_grid post_type=\u201dids\u201d gap=\u201d10\u2033 item=\u201dmasonryGrid_OverlayWithRotation\u201d include=\u201d7613, 8385, 8472\u2033 grid_id=\u201dvc_gid:1706174635029-e737e0d0-f988-8\u2033][vc_row_inner][vc_column_inner width=\u201d1\/2\u2033 css=\u201d.vc_custom_1452270609143{border-top-width: 0px !important;border-right-width: 0px !important;border-bottom-width: 0px !important;border-left-width: 0px !important;padding-top: 0px !important;padding-right: 0px !important;padding-bottom: 0px !important;padding-left: 0px !important;}\u201d][vc_facebook][\/vc_column_inner][vc_column_inner width=\u201d1\/2\u2033][vc_googleplus annotation=\u201dinline\u201d][\/vc_column_inner][\/vc_row_inner][vc_separator color=\u201dcustom\u201d border_width=\u201d2\u2033 accent_color=\u201d#999999\u2033][\/vc_column][\/vc_row][vc_row][vc_column width=\u201d1\/2\u2033][vc_gmaps link=\u201d#E-8_JTNDaWZyYW1lJTIwc3JjJTNEJTIyaHR0cHMlM0ElMkYlMkZ3d3cuZ29vZ2xlLmNvbSUyRm1hcHMlMkZlbWJlZCUzRnBiJTNEJTIxMW0xNCUyMTFtMTIlMjExbTMlMjExZDE2NDE5LjQxNjg3MzUyMDc1JTIxMmQwLjY3MDc0NzA3NDEzNTAxMTglMjEzZDQzLjMyMzI1NDg1ODYxNzAyJTIxMm0zJTIxMWYwJTIxMmYwJTIxM2YwJTIxM20yJTIxMWkxMDI0JTIxMmk3NjglMjE0ZjEzLjElMjE1ZTAlMjEzbTIlMjExc2ZyJTIxMnNmciUyMTR2MTUyNTM0ODIwOTIwNCUyMiUyMHdpZHRoJTNEJTIyNjAwJTIyJTIwaGVpZ2h0JTNEJTIyNDUwJTIyJTIwZnJhbWVib3JkZXIlM0QlMjIwJTIyJTIwc3R5bGUlM0QlMjJib3JkZXIlM0EwJTIyJTIwYWxsb3dmdWxsc2NyZWVuJTNFJTNDJTJGaWZyYW1lJTNF\u201d size=\u201d250\u2033 title=\u201dSituation g\u00e9ographique du lac\u201d][\/vc_column][vc_column width=\u201d1\/2\u2033 css=\u201d.vc_custom_1446638361270{padding-top: 25px !important;}\u201d][vc_column_text]<\/p>\n<h4 style=\"text-align: center;\"><strong>Les grandes agglom\u00e9rations les plus proches<\/strong><\/h4>\n<ul>\n<li>A 1h00 de Tarbes<\/li>\n<li>A 1h15 de Toulouse<\/li>\n<li>A 1h30 de Pau<\/li>\n<li>A 1h50 de Foix<\/li>\n<li>A 2h00 de Carcassonne<\/li>\n<\/ul>\n<p>A\u00e9roport le plus proche: Toulouse-Blagnac[\/vc_column_text][\/vc_column][\/vc_row][vc_row][vc_column][vc_separator color=\u201dcustom\u201d border_width=\u201d2\u2033 accent_color=\u201d#999999\u2033][\/vc_column][\/vc_row][vc_row][vc_column width=\u201d1\/2\u2033][vc_column_text]<\/p>\n<h3 style=\"text-align: center;\"><span style=\"color: #800000;\">Youtube<\/span><\/h3>\n<p>[\/vc_column_text][vc_single_image image=\u201d4471\u2033 img_size=\u201dlarge\u201d alignment=\u201dcenter\u201d style=\u201dvc_box_shadow_3d\u201d onclick=\u201dcustom_link\u201d img_link_target=\u201d_blank\u201d css_animation=\u201dappear\u201d link=\u201dhttps:\/\/www.youtube.com\/channel\/UChFn15WL4MVWvZrTpTbq18Q\u201d][\/vc_column][vc_column width=\u201d1\/2\u2033][vc_column_text]<\/p>\n<h3 style=\"text-align: center;\"><span style=\"color: #800000;\">Facebook<\/span><\/h3>\n<p>[\/vc_column_text][vc_single_image image=\u201d4437\u2033 img_size=\u201dlarge\u201d alignment=\u201dcenter\u201d style=\u201dvc_box_shadow_3d\u201d onclick=\u201dcustom_link\u201d img_link_target=\u201d_blank\u201d css_animation=\u201dappear\u201d link=\u201dhttps:\/\/www.facebook.com\/steph.legentilhomme\u201d][\/vc_column][\/vc_row][vc_row][vc_column][vc_separator color=\u201dcustom\u201d border_width=\u201d2\u2033 accent_color=\u201d#999999\u2033][\/vc_column][\/vc_row]<\/p>\n<\/div>","protected":false},"excerpt":{"rendered":"<p>[vc_row][vc_column][vc_column_text el_class=\u201dhauteurboite1\u2033] Guide de p\u00eache. Lac de Lunax. Lac de la Gimone. Sandres, brochets, perche. P\u00eache aux leurres. Haute-garonne. Gers [\/vc_column_text][\/vc_column][\/vc_row][vc_row][vc_column][vc_column_text] P\u00eache des carnassiers aux leurres en barque, lac de [&hellip;]<\/p>\n","protected":false},"author":1,"featured_media":0,"parent":0,"menu_order":0,"comment_status":"closed","ping_status":"closed","template":"","meta":{"_acf_changed":false,"footnotes":""},"class_list":["post-8499","page","type-page","status-publish","hentry"],"acf":[],"_links":{"self":[{"href":"https:\/\/www.jour-de-peche.com\/en\/wp-json\/wp\/v2\/pages\/8499","targetHints":{"allow":["GET"]}}],"collection":[{"href":"https:\/\/www.jour-de-peche.com\/en\/wp-json\/wp\/v2\/pages"}],"about":[{"href":"https:\/\/www.jour-de-peche.com\/en\/wp-json\/wp\/v2\/types\/page"}],"author":[{"embeddable":true,"href":"https:\/\/www.jour-de-peche.com\/en\/wp-json\/wp\/v2\/users\/1"}],"replies":[{"embeddable":true,"href":"https:\/\/www.jour-de-peche.com\/en\/wp-json\/wp\/v2\/comments?post=8499"}],"version-history":[{"count":15,"href":"https:\/\/www.jour-de-peche.com\/en\/wp-json\/wp\/v2\/pages\/8499\/revisions"}],"predecessor-version":[{"id":555821,"href":"https:\/\/www.jour-de-peche.com\/en\/wp-json\/wp\/v2\/pages\/8499\/revisions\/555821"}],"wp:attachment":[{"href":"https:\/\/www.jour-de-peche.com\/en\/wp-json\/wp\/v2\/media?parent=8499"}],"curies":[{"name":"wp","href":"https:\/\/api.w.org\/{rel}","templated":true}]}}