{"id":5951,"date":"2016-06-26T21:31:30","date_gmt":"2016-06-26T20:31:30","guid":{"rendered":"http:\/\/www.jour-de-peche.com\/?page_id=5951"},"modified":"2024-01-25T10:41:04","modified_gmt":"2024-01-25T09:41:04","slug":"guide-de-peche-lac-de-la-ganguise-aude-carnassiers-aux-leurres-en-barque","status":"publish","type":"page","link":"https:\/\/www.jour-de-peche.com\/en\/guide-de-peche-lac-de-la-ganguise-aude-carnassiers-aux-leurres-en-barque\/","title":{"rendered":"Guide de p\u00eache, lac de la Ganguise (Aude), carnassiers aux leurres, en barque."},"content":{"rendered":"<div class=\"wpb-content-wrapper\"><p>[vc_row][vc_column][vc_column_text el_class=&#8221;hauteurboite1&#8243;]<\/p>\n<h1><span style=\"color: #000000;\">Guide de p\u00eache Aude. Lac de la Ganguise. Barrage de l&#8217;Estrade. Stage de p\u00eache. Initiation. Carnassiers. P\u00eache aux leurres. Stage de p\u00eache. Ch\u00e8que cadeau. Coffret cadeau. Bon cadeau. Brochets. Perches. Sandre. Castelnaudary. Toulouse.<\/span><\/h1>\n<p>[\/vc_column_text][\/vc_column][\/vc_row][vc_row][vc_column][vc_column_text]<\/p>\n<h3 id=\"haut-de-page\" style=\"text-align: center;\"><span style=\"color: #800000;\"><strong>P\u00eache des carnassiers aux leurres en barque, lac de la Ganguise (Aude).<\/strong><\/span><\/h3>\n<p>[\/vc_column_text][vc_separator color=&#8221;custom&#8221; style=&#8221;dashed&#8221; border_width=&#8221;2&#8243; el_width=&#8221;80&#8243; accent_color=&#8221;#999999&#8243;][vc_row_inner][vc_column_inner width=&#8221;1\/2&#8243;][vc_column_text]<\/p>\n<h4 style=\"text-align: center;\"><strong><span style=\"color: #ff7700;\">LAC DE LA GANGUISE<\/span><\/strong><\/h4>\n<p style=\"text-align: justify;\">Le lac de la Ganguise, aussi appel\u00e9 barrage de l\u2019Estrade, est un tr\u00e8s joli lac d\u2019environ 500 hectares en pleine campagne du Lauragais, tout proche de Castelnaudary et non loin de Toulouse. Pour ce qui est des carnassiers, on y trouve des brochets, des perches et des sandres. Les nombreux arbres morts qui sortent de l\u2019eau sur les bordures lui donnent un petit air de Canada! Au demeurant c\u2019est un endroit tr\u00e8s calme et c\u2019est un r\u00e9gal d\u2019y p\u00eacher en toute qui\u00e9tude, m\u00eame en plein \u00e9t\u00e9. Comme \u00e0 Montbel, ces-derni\u00e8res ann\u00e9es la p\u00eache y est devenue de plus en plus compliqu\u00e9e. En 2024 mes stages y prennent d\u00e9finitivement une tournure d&#8217;enseignement avant tout technique. N&#8217;h\u00e9sitez pas \u00e0 m&#8217;appeler pour creuser le sujet et voir si ce que j&#8217;ai \u00e0 vous proposer colle avec vos attentes. St\u00e9phane : 06 80 03 22 79.<\/p>\n<p>[\/vc_column_text][vc_separator color=&#8221;custom&#8221; el_width=&#8221;50&#8243; accent_color=&#8221;#999999&#8243;][vc_column_text]<em><strong>En r\u00e9sum\u00e9:<\/strong><\/em><\/p>\n<ul>\n<li>P\u00e9riode: du 1er mai au dernier dimanche de janvier<\/li>\n<li>Poissons: brochets, sandres, perches<\/li>\n<li>P\u00eache en bateau<\/li>\n<li>Nombre de personnes maximum : 3 personnes<\/li>\n<li>Mat\u00e9riel fourni (cannes, moulinets, leurres, etc&#8230;)<\/li>\n<li>Type de p\u00eache : toutes les p\u00eaches aux leurres artificiels<\/li>\n<li>Tarif \u00e0 la journ\u00e9e, prix d\u00e9gressif en fonction du nombre de jours et du nombre de personnes&#8230;<\/li>\n<\/ul>\n<p>[\/vc_column_text][\/vc_column_inner][vc_column_inner width=&#8221;1\/2&#8243; css=&#8221;.vc_custom_1452274701349{padding-top: 15px !important;}&#8221;][vc_column_text]<\/p>\n<h4 style=\"text-align: center;\"><span style=\"color: #808080;\">Brochets, sandres, perches.<\/span><\/h4>\n<p>[\/vc_column_text][vc_gallery interval=&#8221;0&#8243; images=&#8221;5943,6018,5039,5928,5037,6337&#8243; img_size=&#8221;large&#8221;][\/vc_column_inner][\/vc_row_inner][vc_row_inner][vc_column_inner width=&#8221;1\/3&#8243;][vc_btn title=&#8221;Tarifs&#8221; color=&#8221;warning&#8221; align=&#8221;center&#8221; link=&#8221;url:http%3A%2F%2Fwww.jour-de-peche.com%2Fguide-de-peche-tarifs%2F&#8221;][\/vc_column_inner][vc_column_inner width=&#8221;1\/3&#8243;][vc_btn title=&#8221;Ch\u00e8ques-cadeaux&#8221; color=&#8221;violet&#8221; align=&#8221;center&#8221; link=&#8221;url:http%3A%2F%2Fwww.jour-de-peche.com%2Fcheque-cadeau-peche-carnassiers-et-truites%2F&#8221;][\/vc_column_inner][vc_column_inner width=&#8221;1\/3&#8243;][vc_btn title=&#8221;Livre d&#8217;or&#8221; color=&#8221;pink&#8221; align=&#8221;center&#8221; link=&#8221;url:http%3A%2F%2Fwww.jour-de-peche.com%2Flivre-or-peche-irlande-et-france%2F&#8221;][\/vc_column_inner][\/vc_row_inner][vc_separator color=&#8221;custom&#8221; border_width=&#8221;2&#8243; accent_color=&#8221;#999999&#8243;][vc_row_inner][vc_column_inner][\/vc_column_inner][\/vc_row_inner][\/vc_column][\/vc_row][vc_row][vc_column][vc_row_inner][vc_column_inner width=&#8221;1\/2&#8243;][vc_column_text css_animation=&#8221;appear&#8221;]<\/p>\n<h4 style=\"text-align: center;\"><span style=\"color: #800000;\"><strong>Quelques r\u00e9cits de p\u00eache sur le lac de Montbel&#8230;<\/strong><\/span><\/h4>\n<p>[\/vc_column_text][\/vc_column_inner][vc_column_inner width=&#8221;1\/2&#8243;][vc_btn title=&#8221;Section blog! Tous les r\u00e9cits&#8230;&#8221; color=&#8221;mulled-wine&#8221; align=&#8221;center&#8221; link=&#8221;url:http%3A%2F%2Fwww.jour-de-peche.com%2Fcategory%2Ftous-les-recits-de-peche-fr%2F&#8221;][\/vc_column_inner][\/vc_row_inner][vc_basic_grid post_type=&#8221;ids&#8221; gap=&#8221;10&#8243; item=&#8221;masonryGrid_OverlayWithRotation&#8221; include=&#8221;5927, 4222, 3380, 3322, 2410, 2449, 3463, 4125, 4014&#8243; grid_id=&#8221;vc_gid:1706174536351-0c8f71b0-ff87-10&#8243;][vc_row_inner][vc_column_inner width=&#8221;1\/2&#8243; css=&#8221;.vc_custom_1452270609143{border-top-width: 0px !important;border-right-width: 0px !important;border-bottom-width: 0px !important;border-left-width: 0px !important;padding-top: 0px !important;padding-right: 0px !important;padding-bottom: 0px !important;padding-left: 0px !important;}&#8221;][vc_facebook][\/vc_column_inner][vc_column_inner width=&#8221;1\/2&#8243;][vc_googleplus annotation=&#8221;inline&#8221;][\/vc_column_inner][\/vc_row_inner][vc_separator color=&#8221;custom&#8221; border_width=&#8221;2&#8243; accent_color=&#8221;#999999&#8243;][\/vc_column][\/vc_row][vc_row][vc_column width=&#8221;1\/2&#8243;][vc_gmaps link=&#8221;#E-8_JTNDaWZyYW1lJTIwc3JjJTNEJTIyaHR0cHMlM0ElMkYlMkZ3d3cuZ29vZ2xlLmNvbSUyRm1hcHMlMkZlbWJlZCUzRnBiJTNEJTIxMW0xNCUyMTFtMTIlMjExbTMlMjExZDI2MjY4Ny4yNDY1NDMwODQ4JTIxMmQxLjg0NDg3MTgxNzg0NTI0NCUyMTNkNDMuMzI4NjcxMjE1MjAzODA1JTIxMm0zJTIxMWYwJTIxMmYwJTIxM2YwJTIxM20yJTIxMWkxMDI0JTIxMmk3NjglMjE0ZjEzLjElMjE1ZTAlMjEzbTIlMjExc2ZyJTIxMnNmciUyMTR2MTQ2Njk3MjQ0MzIyOCUyMiUyMHdpZHRoJTNEJTIyNjAwJTIyJTIwaGVpZ2h0JTNEJTIyNDUwJTIyJTIwZnJhbWVib3JkZXIlM0QlMjIwJTIyJTIwc3R5bGUlM0QlMjJib3JkZXIlM0EwJTIyJTIwYWxsb3dmdWxsc2NyZWVuJTNFJTNDJTJGaWZyYW1lJTNF&#8221; size=&#8221;250&#8243; title=&#8221;Situation g\u00e9ographique du lac&#8221;][\/vc_column][vc_column width=&#8221;1\/2&#8243; css=&#8221;.vc_custom_1446638361270{padding-top: 25px !important;}&#8221;][vc_column_text]<\/p>\n<h4 style=\"text-align: center;\"><strong>Les grandes agglom\u00e9rations les plus proches<\/strong><\/h4>\n<ul>\n<li>A 20 min de Castelnaudary<\/li>\n<li>A 45 min de Carcassonne<\/li>\n<li>A 55 min de Toulouse<\/li>\n<li>A 1h10 de Narbonne<\/li>\n<li>A 1h40 de Perpignan<\/li>\n<li>A 2h00 de Montpellier<\/li>\n<\/ul>\n<p>A\u00e9roport le plus proche: Carcassonne (Ryanair) \/ Toulouse-Blagnac[\/vc_column_text][\/vc_column][\/vc_row][vc_row][vc_column][vc_separator color=&#8221;custom&#8221; border_width=&#8221;2&#8243; accent_color=&#8221;#999999&#8243;][\/vc_column][\/vc_row][vc_row][vc_column width=&#8221;1\/2&#8243;][vc_column_text]<\/p>\n<h3 style=\"text-align: center;\"><span style=\"color: #800000;\">Youtube<\/span><\/h3>\n<p>[\/vc_column_text][vc_single_image image=&#8221;4471&#8243; img_size=&#8221;large&#8221; alignment=&#8221;center&#8221; style=&#8221;vc_box_shadow_3d&#8221; onclick=&#8221;custom_link&#8221; img_link_target=&#8221;_blank&#8221; css_animation=&#8221;appear&#8221; link=&#8221;https:\/\/www.youtube.com\/channel\/UChFn15WL4MVWvZrTpTbq18Q&#8221;][\/vc_column][vc_column width=&#8221;1\/2&#8243;][vc_column_text]<\/p>\n<h3 style=\"text-align: center;\"><span style=\"color: #800000;\">Facebook<\/span><\/h3>\n<p>[\/vc_column_text][vc_single_image image=&#8221;4437&#8243; img_size=&#8221;large&#8221; alignment=&#8221;center&#8221; style=&#8221;vc_box_shadow_3d&#8221; onclick=&#8221;custom_link&#8221; img_link_target=&#8221;_blank&#8221; css_animation=&#8221;appear&#8221; link=&#8221;https:\/\/www.facebook.com\/steph.legentilhomme&#8221;][\/vc_column][\/vc_row][vc_row][vc_column][vc_separator color=&#8221;custom&#8221; border_width=&#8221;2&#8243; accent_color=&#8221;#999999&#8243;][\/vc_column][\/vc_row][vc_row][vc_column][vc_column_text]<\/p>\n<h3 style=\"text-align: center;\"><span style=\"color: #800000;\">Quelques liens utiles&#8230;<\/span><\/h3>\n<p>[\/vc_column_text][\/vc_column][\/vc_row][vc_row][vc_column][vc_tta_accordion shape=&#8221;round&#8221; color=&#8221;peacoc&#8221; active_section=&#8221;2&#8243; no_fill=&#8221;true&#8221;][vc_tta_section title=&#8221;H\u00e9bergements&#8221; tab_id=&#8221;1468853102729-3bda7900-6b1c&#8221;][vc_column_text]Camping-Auberge Le Cathare (<a href=\"http:\/\/www.camping-lecathare.com\/\" target=\"_blank\" rel=\"noopener\">lien web<\/a>)[\/vc_column_text][\/vc_tta_section][vc_tta_section title=&#8221;Activit\u00e9s sportives sur le lac&#8230;&#8221; tab_id=&#8221;1455033085635-137860a7-4241&#8243;][vc_column_text]<\/p>\n<ul>\n<li>La Ganguise \u2013 Ecole Fran\u00e7aise de Voile de Castelnaudary (<a title=\"club-de-voile-leran\" href=\"http:\/\/www.ganguise.com\/\" target=\"_blank\" rel=\"noopener\">lien web<\/a>)<\/li>\n<\/ul>\n<p>[\/vc_column_text][\/vc_tta_section][vc_tta_section title=&#8221;F\u00e9d\u00e9rations D\u00e9partementales Agr\u00e9\u00e9es pour la P\u00eache et la Protection du Milieu Aquatique (Aude)&#8221; tab_id=&#8221;1452532349446-cb2c7386-2dc7&#8243;][vc_column_text]<\/p>\n<ul>\n<li><strong>F\u00c9D\u00c9RATION DE L&#8217;AUDE POUR LA P\u00caCHE ET LA PROTECTION DU MILIEU AQUATIQUE<\/strong><br \/>\n3 chemin de Serres<br \/>\n11000 CARCASSONNE<br \/>\nT\u00e9l. 04 68 25 16 03 \/ Fax. 04 68 25 67 73<br \/>\nMail: fedepeche11@wanadoo.fr<br \/>\nSite web : <a title=\"federation-departementale-peche-aude\" href=\"http:\/\/www.fedepeche11.fr\/\" target=\"_blank\" rel=\"noopener\">www.fedepeche11.fr<\/a><\/li>\n<\/ul>\n<p>[\/vc_column_text][\/vc_tta_section][vc_tta_section title=&#8221;Ecoles de p\u00eache (Aude)&#8221; tab_id=&#8221;1452532380167-bb696a4a-c82a&#8221;][vc_column_text]<\/p>\n<ul>\n<li>P\u00f4le animation de la F\u00e9d\u00e9ration de P\u00eache de l&#8217;Aude (<a title=\"pole-animation-peche-aude\" href=\"http:\/\/www.fedepeche11.fr\/index.php\/pole-animation-de-la-federation\" target=\"_blank\" rel=\"noopener\">lien web<\/a>)<\/li>\n<li>Les Ateliers P\u00eache Nature dans l&#8217;Aude (<a title=\"atelier-peche-nature-aude\" href=\"http:\/\/www.fedepeche11.fr\/index.php\/les-apn-des-aappma-113\" target=\"_blank\" rel=\"noopener\">lien web<\/a>)<\/li>\n<\/ul>\n<p>[\/vc_column_text][\/vc_tta_section][vc_tta_section title=&#8221;Forums p\u00eache &#8220;carnassiers&#8220; sur le web&#8221; tab_id=&#8221;1452532419110-6262dd66-b941&#8243;][vc_column_text]<\/p>\n<ul>\n<li>Carnari\u00e8ge (<a title=\"forum-carnariege-peche-carnassiers-ariege\" href=\"http:\/\/carnariege.forumactif.com\/t246-creation-de-l-association-carnariege\" target=\"_blank\" rel=\"noopener\">site web<\/a>)<\/li>\n<li>Carnatoulouse (<a title=\"forum-peche-carnassiers-toulouse\" href=\"http:\/\/carnatoulouse.bbactif.com\/\" target=\"_blank\" rel=\"noopener\">site web<\/a>)<\/li>\n<\/ul>\n<p>[\/vc_column_text][\/vc_tta_section][vc_tta_section title=&#8221;Pour acheter une carte de p\u00eache&#8230;&#8221; tab_id=&#8221;1452536257930-e26cb0e2-efb5&#8243;][vc_column_text]<\/p>\n<ul>\n<li>Acheter une carte de p\u00eache: <a title=\"carte-de-peche\" href=\"http:\/\/www.cartedepeche.fr\/\" target=\"_blank\" rel=\"noopener\">http:\/\/www.cartedepeche.fr\/<\/a><\/li>\n<\/ul>\n<p>[\/vc_column_text][\/vc_tta_section][\/vc_tta_accordion][vc_column_text]<\/p>\n<p style=\"text-align: right;\"><span style=\"text-decoration: underline;\"><a href=\"#haut-de-page\"><em>Haut de page<\/em><\/a><\/span><\/p>\n<p>[\/vc_column_text][\/vc_column][\/vc_row]<\/p>\n<\/div>","protected":false},"excerpt":{"rendered":"<p>[vc_row][vc_column][vc_column_text el_class=&#8221;hauteurboite1&#8243;] Guide de p\u00eache Aude. Lac de la Ganguise. Barrage de l&#8217;Estrade. Stage de p\u00eache. Initiation. Carnassiers. P\u00eache aux leurres. Stage de p\u00eache. Ch\u00e8que cadeau. Coffret cadeau. Bon cadeau. [&hellip;]<\/p>\n","protected":false},"author":1,"featured_media":0,"parent":0,"menu_order":0,"comment_status":"closed","ping_status":"closed","template":"","meta":{"_acf_changed":false,"footnotes":""},"class_list":["post-5951","page","type-page","status-publish","hentry"],"acf":[],"_links":{"self":[{"href":"https:\/\/www.jour-de-peche.com\/en\/wp-json\/wp\/v2\/pages\/5951","targetHints":{"allow":["GET"]}}],"collection":[{"href":"https:\/\/www.jour-de-peche.com\/en\/wp-json\/wp\/v2\/pages"}],"about":[{"href":"https:\/\/www.jour-de-peche.com\/en\/wp-json\/wp\/v2\/types\/page"}],"author":[{"embeddable":true,"href":"https:\/\/www.jour-de-peche.com\/en\/wp-json\/wp\/v2\/users\/1"}],"replies":[{"embeddable":true,"href":"https:\/\/www.jour-de-peche.com\/en\/wp-json\/wp\/v2\/comments?post=5951"}],"version-history":[{"count":21,"href":"https:\/\/www.jour-de-peche.com\/en\/wp-json\/wp\/v2\/pages\/5951\/revisions"}],"predecessor-version":[{"id":555822,"href":"https:\/\/www.jour-de-peche.com\/en\/wp-json\/wp\/v2\/pages\/5951\/revisions\/555822"}],"wp:attachment":[{"href":"https:\/\/www.jour-de-peche.com\/en\/wp-json\/wp\/v2\/media?parent=5951"}],"curies":[{"name":"wp","href":"https:\/\/api.w.org\/{rel}","templated":true}]}}