{"id":560605,"date":"2026-02-13T20:02:48","date_gmt":"2026-02-13T19:02:48","guid":{"rendered":"https:\/\/www.jour-de-peche.com\/?page_id=560605"},"modified":"2026-02-14T18:07:22","modified_gmt":"2026-02-14T17:07:22","slug":"masterclass-nymphe-au-fil","status":"publish","type":"page","link":"https:\/\/www.jour-de-peche.com\/en\/masterclass-nymphe-au-fil\/","title":{"rendered":"Masterclass Nymphe Au Fil"},"content":{"rendered":"\t\t<div data-elementor-type=\"wp-page\" data-elementor-id=\"560605\" class=\"elementor elementor-560605\" data-elementor-post-type=\"page\">\n\t\t\t\t\t\t\t<div class=\" elementor-element elementor-element-54c7f3e e-flex e-con-boxed e-con e-parent\" data-id=\"54c7f3e\" data-element_type=\"container\" data-e-type=\"container\">\r\n\t\t\t\t\t\t\t<div class=\"e-con-inner\">\r\n\t\t\t\t\t\t<div class=\"elementor-element elementor-element-2baf4b0 elementor-widget elementor-widget-heading\" data-id=\"2baf4b0\" data-element_type=\"widget\" data-e-type=\"widget\" data-widget_type=\"heading.default\">\n\t\t\t\t\t<h2 class=\"elementor-heading-title elementor-size-default\">Masterclass Nymphe Au Fil<\/h2>\t\t\t\t<\/div>\n\t\t\t\t<div class=\"elementor-element elementor-element-1bb5f61 elementor-widget elementor-widget-spacer\" data-id=\"1bb5f61\" data-element_type=\"widget\" data-e-type=\"widget\" data-widget_type=\"spacer.default\">\n\t\t\t\t\t\t\t<div class=\"elementor-spacer\">\n\t\t\t<div class=\"elementor-spacer-inner\"><\/div>\n\t\t<\/div>\n\t\t\t\t\t\t<\/div>\n\t\t\t\t<div class=\"elementor-element elementor-element-f695bc1 elementor-widget-divider--view-line_text elementor-widget-divider--element-align-center elementor-widget elementor-widget-divider\" data-id=\"f695bc1\" data-element_type=\"widget\" data-e-type=\"widget\" data-widget_type=\"divider.default\">\n\t\t\t\t\t\t\t<div class=\"elementor-divider\">\n\t\t\t<span class=\"elementor-divider-separator\">\n\t\t\t\t\t\t\t<span class=\"elementor-divider__text elementor-divider__element\">\n\t\t\t\tEcrit le 9 f\u00e9vrier 2026 (mis \u00e0 jour du 14\/02\/2026)\t\t\t\t<\/span>\n\t\t\t\t\t\t<\/span>\n\t\t<\/div>\n\t\t\t\t\t\t<\/div>\n\t\t\t\t<div class=\"elementor-element elementor-element-09e8e98 elementor-widget-divider--view-line_icon elementor-view-default elementor-widget-divider--element-align-center elementor-widget elementor-widget-divider\" data-id=\"09e8e98\" data-element_type=\"widget\" data-e-type=\"widget\" data-widget_type=\"divider.default\">\n\t\t\t\t\t\t\t<div class=\"elementor-divider\">\n\t\t\t<span class=\"elementor-divider-separator\">\n\t\t\t\t\t\t\t<div class=\"elementor-icon elementor-divider__element\">\n\t\t\t\t\t<svg aria-hidden=\"true\" class=\"e-font-icon-svg e-fas-fish\" viewBox=\"0 0 576 512\" xmlns=\"http:\/\/www.w3.org\/2000\/svg\"><path d=\"M327.1 96c-89.97 0-168.54 54.77-212.27 101.63L27.5 131.58c-12.13-9.18-30.24.6-27.14 14.66L24.54 256 .35 365.77c-3.1 14.06 15.01 23.83 27.14 14.66l87.33-66.05C158.55 361.23 237.13 416 327.1 416 464.56 416 576 288 576 256S464.56 96 327.1 96zm87.43 184c-13.25 0-24-10.75-24-24 0-13.26 10.75-24 24-24 13.26 0 24 10.74 24 24 0 13.25-10.75 24-24 24z\"><\/path><\/svg><\/div>\n\t\t\t\t\t\t<\/span>\n\t\t<\/div>\n\t\t\t\t\t\t<\/div>\n\t\t\t\t<div class=\"elementor-element elementor-element-6404ae4 elementor-widget elementor-widget-text-editor\" data-id=\"6404ae4\" data-element_type=\"widget\" data-e-type=\"widget\" data-widget_type=\"text-editor.default\">\n\t\t\t\t\t\t\t\t\t<div><b>1- On commence d\u2019embl\u00e9e par des exercices pratiques sur l\u2019herbe :<\/b><\/div><div><i>L\u2019id\u00e9e, ici, sera de mettre en \u00e9vidence des logiques de d\u00e9rive,\u00a0<b>pr\u00e9alable fondamental pour la compr\u00e9hension de tout le reste!\u00a0<\/b>Donc, pas de blabla inutile en salle pour commencer la journ\u00e9e. Mais plut\u00f4t une mise en situation tr\u00e8s pratique et tr\u00e8s concr\u00e8te, sur l\u2019herbe, d\u00e8s le d\u00e9part, pour rentrer dans le vif du sujet! On aura <\/i><i>tout de m\u00eame<\/i><i>\u00a0le droit de discuter autour d\u2019un caf\u00e9 avant de commencer \ud83d\ude42<\/i><\/div><div><i>\u00a0<\/i><\/div><div><i>A quoi\u00a0\u00e7a ressemble\u00a0:<\/i><\/div><div class=\"gmail_quote\"><div dir=\"auto\"><div class=\"gmail_quote\"><div dir=\"auto\"><div dir=\"auto\">\u2013 Du travail sur les gestuelles :\u00a0<b>pour optimiser la pr\u00e9cision des points d\u2019impact et la p\u00e9n\u00e9tration des nymphes dans la couche d\u2019eau.<\/b><\/div><div dir=\"auto\">\u2013 Des simulations de d\u00e9rives,<b>\u00a0pour bien comprendre des logiques d\u2019angles dans les diff\u00e9rentes tenues de ligne possibles<\/b>.<\/div><div dir=\"auto\">\u2013 Comprendre la diff\u00e9rence entre <strong>des angles optimis\u00e9s dans les tenues de ligne<\/strong> et des angles approximatifs qui g\u00e9n\u00e8rent du dragage (contreproductif s\u2019il n\u2019est pas volontaire).<\/div><div dir=\"auto\">\u2013 Un d\u00e9but de compr\u00e9hension du\u00a0<b>comportement \u201cm\u00e9canique\u201d de la ligne dans la couche d\u2019eau<\/b>, en fonction de la force du courant, de la profondeur, de la pente et de son substrat.<\/div><div>\u2013 Optimiser le placement des pieds, <strong>donc de la pointe de canne<\/strong>, en corr\u00e9lation avec <strong>le point d\u2019impact recherch\u00e9<\/strong>, <strong>la tenue de ligne choisie<\/strong>, et les possibilit\u00e9s r\u00e9elles de l\u2019environnement qui nous entoure!<\/div><div>\u2013 On travaille l\u2019utilisation de la main gauche : <strong>les acc\u00e9l\u00e9rations du type \u201ctractions\u201d<\/strong> comme en s\u00e8che, l\u2019usage de la main gauche pendant la d\u00e9rive.<\/div><div>\u2013 On travaille <strong>les ferrages et le placement imm\u00e9diat \u00e0 la suite du ferrage<\/strong>, avec une astuce de \u201ccompet\u201d pour mettre un poisson \u00e0 l\u2019\u00e9puisette de mani\u00e8re efficace.<\/div><div>\u00a0<\/div><\/div><\/div><div>A noter: <strong>On n\u2019est pas<\/strong> d\u2019une approche o\u00f9 vous avez chacun une canne en main. Sur les diff\u00e9rents exercices, <strong>vous y passer \u00e0 tour de r\u00f4le de mani\u00e8re assez rythm\u00e9e.<\/strong> Ici, on apprend autant en observant les erreurs qu\u2019en pratiquant soi-m\u00eame! Il s\u2019agit de mettre en \u00e9vidence les \u00e9ventuelles difficult\u00e9s et, \u00e0 chaque \u00e9tape, de leur apporter une solution. On ne recherche pas encore la perfection du geste, mais plut\u00f4t <strong>la perfection de la compr\u00e9hension du geste<\/strong> et de l\u2019effet recherch\u00e9 pour la d\u00e9rive. On peaufinera le travail sur les gestuelles <strong>en conditions r\u00e9elles, dans la rivi\u00e8re.<\/strong> Le but du jeu n\u2019est pas de s\u2019\u00e9terniser dans la phase sur l\u2019herbe.<\/div><div>\u00a0<\/div><div class=\"gmail_quote\"><div dir=\"auto\"><div><i>En pratiquant d\u2019abord sur l\u2019herbe, <strong>on neutralise plusieurs \u00e9l\u00e9ments perturbateurs<\/strong> comme le courant,\u00a0<u>les<\/u>\u00a0courants, \u00e9ventuellement le vent, les rochers, les arbres\u2026 Cela permet de <strong>se concentrer sur l\u2019essentiel<\/strong> et d\u2019apprendre progressivement. Avant m\u00eame de mettre les pieds dans l\u2019eau,<strong> vous aurez d\u00e9j\u00e0 compris et int\u00e9gr\u00e9<\/strong> toutes les raisons tr\u00e8s concr\u00e8tes pour lesquelles je vous demanderai de faire telle ou telle chose. On sera alors grandement <strong>plus efficaces<\/strong> ensemble!<\/i><\/div><div><i>Ainsi, \u00e0 l\u2019\u00e9tape \u201ccondition r\u00e9elle dans la rivi\u00e8re\u201d, les \u00e9l\u00e9ments\u00a0perturbateurs pr\u00e9cit\u00e9s entreront dans la danse et <strong>on devra s\u2019y adapter<\/strong>, mais tout en gardant en t\u00eate les fondamentaux vus sur l\u2019herbe. On pourra plus facilement y faire face, les appr\u00e9hender, <strong>avec une sorte de logique solide et non pas au petit bonheur la chance!<\/strong><\/i><\/div><\/div><\/div><\/div><div>\u00a0<\/div><div dir=\"auto\"><div class=\"gmail_quote\"><div dir=\"auto\"><div><b>2- On poursuit par une phase en salle :<\/b><\/div><div>Lors d\u2019un stage de p\u00eache sur une seule journ\u00e9e, on passerait directement \u00e0 l\u2019action les pieds dans l\u2019eau. Mais dans le cadre d\u2019un stage de type \u201cMasterclass\u201d, on peut prendre le temps de passer par une phase en salle qui va venir <strong>renforcer les acquis des exercices sur l\u2019herbe.\u00a0\u00a0<\/strong><\/div><div dir=\"auto\">\u00a0<\/div><div dir=\"auto\">a) Sur un tableau, \u00e0 l\u2019aide de quelques sch\u00e9mas, on peut retracer tous les points essentiels vus sur l\u2019herbe <strong>afin de les ancrer<\/strong>. Vous pourrez alors prendre des notes qui vous serviront d\u2019aide-m\u00e9moire, car vous allez recevoir beaucoup d\u2019informations nouvelles. Par exp\u00e9rience, le taux de perte d\u2019informations apr\u00e8s un stage est \u00e9lev\u00e9 si on ne prend pas le soin d\u2019avancer par \u00e9tapes, en v\u00e9rifiant au fur et \u00e0 mesure que les infos sont bien <strong>comprises et assimil\u00e9es.<\/strong><\/div><div dir=\"auto\">\u00a0<\/div><div dir=\"auto\">b) Ici, c\u2019est une phase dans laquelle on pourra s\u2019int\u00e9resser \u00e0\u00a0<b>la construction de la ligne<\/b>.<\/div><div dir=\"auto\">Chacun pourra pr\u00e9parer sa propre ligne qu\u2019il utilisera l\u2019apr\u00e8s-midi. La construction d\u2019une ligne NAF est <strong>vraiment tr\u00e8s simple<\/strong>, pour autant elle peut engendrer <strong>bon nombre de questions.<\/strong> Et ce sera le moment pour \u00e7a.\u00a0<\/div><div dir=\"auto\">\u00a0<\/div><div dir=\"auto\">c) On pourra \u00e9galement enrouler du fil sur les trois premiers brins de la canne pour ceux qui ne l\u2019auront pas d\u00e9j\u00e0 fait. <strong>Indispensable pour p\u00eacher avec des billes l\u00e9g\u00e8res lorsque le temps est humide.<\/strong><\/div><div dir=\"auto\">\u00a0<\/div><div dir=\"auto\">d) On s\u2019int\u00e9ressera ensuite \u00e0\u00a0<b>la structure de la pointe<\/b>. Une nymphe, deux nymphes, tandem \u201cs\u00e8che-nymphe\u201d. Les longueurs possibles en fonction des \u00e9l\u00e9ments \u201cprofondeur\u201d et \u201ctenues de ligne choisies\u201d.\u00a0<\/div><div dir=\"auto\">\u00a0<\/div><div dir=\"auto\">e) On pourra \u00e9galement s\u2019int\u00e9resser au mat\u00e9riel : <strong>les longueurs de canne, le type de moulinet.\u00a0<\/strong><\/div><div dir=\"auto\">\u00a0<\/div><div dir=\"auto\">f) On s\u2019int\u00e9ressera \u00e0 l\u2019usage ou non d\u2019une <strong>soie dite de comp\u00e9tition en 0,55 mm.\u00a0<\/strong><\/div><div dir=\"auto\">\u00a0<\/div><div dir=\"auto\">g) On identifiera les types de n\u0153uds qu\u2019on peut utiliser pour les nymphes, la potence, le micro anneau.\u00a0<\/div><div dir=\"auto\">\u00a0<\/div><div dir=\"auto\">h) On s\u2019int\u00e9ressera \u00e0 la jonction de la soie en 0,55 mm avec le bas de ligne.\u00a0<\/div><div dir=\"auto\">\u00a0<\/div><div dir=\"auto\">i) On analysera la question du <strong>diam\u00e8tre de la pointe en corr\u00e9lation avec la n\u00e9cessit\u00e9 de discr\u00e9tion<\/strong>, mais surtout compte tenu du souhait de la <strong>p\u00e9n\u00e9tration dans la couche d\u2019eau.<\/strong><\/div><div dir=\"auto\">\u00a0<\/div><div>j) Quelques fondamentaux sur <strong>le placement des poissons<\/strong> selon la saison (en liens avec la p\u00eache en s\u00e8che) et les param\u00e8tres \u201calimentation\/temp\u00e9rature\/oxyg\u00e8ne\u201d.<\/div><div dir=\"auto\">\u00a0<\/div><div dir=\"auto\"><b>3- Mise en application en condition r\u00e9elle, les pieds dans l\u2019eau :<\/b><\/div><div dir=\"auto\">\u00a0<\/div><div dir=\"auto\">Je ne pr\u00e9pare pas de plans sp\u00e9cifiques pour cette partie, car c\u2019est tout simplement une <strong>mise en application<\/strong> de l\u2019ensemble des \u00e9l\u00e9ments vus pr\u00e9c\u00e9demment sur l\u2019herbe et en salle.<\/div><div dir=\"auto\">\u00a0<\/div><div dir=\"auto\">Ici, on est v\u00e9ritablement dans un registre o\u00f9 le guide doit s\u2019adapter <strong>aux besoins r\u00e9els des p\u00eacheurs<\/strong> en fonction \u00e0 la fois de leur exp\u00e9rience, \u00e0 la fois de leur capacit\u00e9 \u00e0 mettre en pratique ce qui est propos\u00e9.\u00a0<\/div><div dir=\"auto\">\u00a0<\/div><div>La seule chose importante \u00e0 comprendre pour\u00a0profiter au mieux de cette phase, <strong>c\u2019est\u00a0la philosophie de l\u2019approche p\u00e9dagogique :<\/strong><\/div><div>\u00a0<\/div><div>\u2013 Dans un premier temps,<strong> l\u2019id\u00e9e ne sera pas d\u2019attraper absolument des poissons<\/strong> d\u00e8s le d\u00e9part.<\/div><div>\u2013 Il s\u2019agira d\u2019une mise en application des gestuelles, des tenues de ligne, pour obtenir <strong>des d\u00e9rives les plus justes et les plus parfaites possibles.<\/strong> C\u2019est l\u00e0 le point essentiel.<\/div><div>\u2013 Les poissons arriveront <strong>de mani\u00e8re tr\u00e8s automatique<\/strong>, d\u00e8s que tous les \u00e9l\u00e9ments seront ma\u00eetris\u00e9s (sauf bien s\u00fbr s\u2019ils sont planqu\u00e9s sous les rochers pour la journ\u00e9e !)<\/div><div>\u2013 Dans une activit\u00e9 alimentaire \u00e0 peu pr\u00e8s normale, <strong>la plus-value sur la qualit\u00e9 des gestuelles et donc des tenues de ligne est absolument \u00e9norme.<\/strong><\/div><div>\u2013 En NAF, il faut\u00a0<strong>imbriquer les \u00e9l\u00e9ments de mani\u00e8re logique<\/strong>. Il n\u2019existe pas de p\u00eacheurs magiciens, en comp\u00e9tition ceux qui sont extr\u00eamement bons m\u00e9langent une pens\u00e9e quasi math\u00e9matique, une capacit\u00e9 technique forg\u00e9e par l\u2019exp\u00e9rience, une m\u00e9moire d\u2019une multitude\u00a0de cas concrets\u2026<\/div><div>\u00a0<\/div><div><strong>C\u2019est donc sur des cas concrets qu\u2019il faut travailler.<\/strong> Je cite ici le Vicdessos car c\u2019est <strong>une rivi\u00e8re \u00e9cole par excellence.<\/strong> Elle offre tout simplement une multitude de cas concrets tr\u00e8s vari\u00e9s sur lesquels on peut <strong>v\u00e9ritablement bosser<\/strong>. Nous, on fera bien \u00e9videmment avec la rivi\u00e8re qu\u2019on aura sous la main. Je m\u2019adapterai donc \u00e0 son faci\u00e8s pour essayer d\u2019optimiser votre apprentissage.<\/div><div>\u00a0<\/div><div>Je souligne ici que, surtout au d\u00e9marrage, je fais beaucoup p\u00eacher <strong>\u00e0 tour de r\u00f4le :<\/strong><\/div><div>\u2013 pour que chacun soit <strong>\u00e0 la fois acteur<\/strong> (ce qui est crucial pour \u00eatre dans l\u2019action), <strong>\u00e0 la fois observateur<\/strong> (ce qui est crucial pour comprendre des erreurs de base)<\/div><div>\u2013 pour que tout le monde entende ce que j\u2019ai \u00e0 raconter <em>(Lorsque j\u2019ai un seul p\u00eacheur en guidage c\u2019est <strong>du coaching toute la journ\u00e9e<\/strong>, le p\u00eacheur profite alors de <strong>la totalit\u00e9 des informations.<\/strong> Avec plusieurs p\u00eacheurs s\u00e9par\u00e9s sur une rivi\u00e8re, ce n\u2019est plus du coaching complet : pour 2 p\u00eacheurs \u00e7a devient du coaching divis\u00e9 par 2, pour 3 p\u00eacheurs du coaching divis\u00e9 par 3. Ce n\u2019est pas ma mani\u00e8re d\u2019appr\u00e9hender un stage technique.)<\/em><\/div><div>\u2013 pour qu\u2019une <strong>\u00e9mulation de groupe<\/strong> favorise les \u00e9changes et les questions<\/div><div>\u00a0<\/div><\/div><div dir=\"auto\"><div>S\u00e9parer les personnes sur une rivi\u00e8re n\u2019a donc, selon moi, aucune sorte d\u2019int\u00e9r\u00eat <strong>sur le plan p\u00e9dagogique<\/strong>, sauf :<\/div><div>\u2013 dans des phases o\u00f9 le p\u00eacheur a <strong>besoin de solitude<\/strong> pour se concentrer sur quelque chose en particulier,<\/div><div>\u2013 dans des phases o\u00f9 le p\u00eacheur a besoin de se confronter aux \u00e9l\u00e9ments <strong>sans aide ext\u00e9rieure pour chercher lui-m\u00eame ses propres solutions,<\/strong><\/div><div>\u2013 si c\u2019est son souhait, \u00e0 cause d\u2019une <strong>saturation d\u2019infos par exemple<\/strong> ou par simple besoin de <strong>tranquillit\u00e9<\/strong><\/div><div>\u00a0<\/div><div>Autrement dit, il y a une sorte de cadre de travail qui correspond \u00e0 des <strong>objectifs p\u00e9dagogiques.<\/strong> Mais ce n\u2019est pas non plus le bagne \ud83d\ude42 <strong>Passer tout simplement une bonne journ\u00e9e, sans stress, reste tout de m\u00eame la base fondamentale lorsqu\u2019on va \u00e0 la p\u00eache.<\/strong><\/div><div>\u00a0<\/div><div><b>4- Les nymphes<\/b><\/div><div dir=\"auto\">Vous remarquerez qu\u2019\u00e0 aucun moment je n\u2019ai parl\u00e9 de mod\u00e8les de nymphe! <strong>Si je pousse volontairement le trait,<\/strong> je dirais qu\u2019on s\u2019en moque \u00e9perdument !<\/div><div>\u00a0<\/div><div>Tellement de p\u00eacheurs d\u00e9butants se posent cette question en premier lieu!<\/div><div dir=\"auto\">\u00a0<\/div><div dir=\"auto\">Je vous expliquerai pourquoi vous avez <strong>tout int\u00e9r\u00eat \u00e0 vous simplifier la vie,<\/strong> avec une approche issue <strong>du monde de la comp\u00e9tition.<\/strong> Vous vous rendrez compte que la plupart des p\u00eacheurs autour de vous, qui ne sont pas pass\u00e9s par des \u00e9tapes d\u2019apprentissage v\u00e9ritablement techniques, se posent trop de questions sur les mod\u00e8les de nymphes. Cela ne veut pas dire qu\u2019il ne faut pas s\u2019en poser du tout! On va juste avoir une approche qui va<strong> droit au but en terme d\u2019efficacit\u00e9<\/strong>, \u00e0 travers :<\/div><div dir=\"auto\">\u00a0<\/div><div>\u2013 Une s\u00e9lection tr\u00e8s \u00e9troite des mod\u00e8les<\/div><div>\u2013 Une compr\u00e9hension de l\u2019importance fondamentale de <strong>la question des poids de nymphes. <\/strong><em>On verra \u00e0 quel point on peut aller tr\u00e8s loin dans la recherche d\u2019optimisation sur cette question l\u00e0. Ici, un vieil article sur le sujet : <a href=\"https:\/\/www.jour-de-peche.com\/peche-mouche-le-poids-des-nymphes\/\">de l\u2019importance fondamentale du poids des nymphes<\/a> (depuis cet article dat\u00e9 de 2019, comp\u00e9tition oblige, je suis devenu encore plus exigeant en la mati\u00e8re!)<\/em><\/div><div>\u2013 Une analyse de la <strong>p\u00e9n\u00e9tration des couches d\u2019eau<\/strong> selon les mod\u00e8les choisis (en lien avec : diam\u00e8tres de fil, angles des tenue de ligne, positionnement des poissons)<\/div><div>\u2013 Les diff\u00e9rents <strong>signaux de visibilit\u00e9<\/strong> : couleurs de billes, avec ou sans collerette, mat\u00e9riaux de montage\u00a0<\/div><div>\u2013 Les volumes<\/div><\/div><div>\u00a0<\/div><div dir=\"auto\"><div><em>Sur une rivi\u00e8re typique d\u2019exigence technique forte comme le Vicdessos, en un seul coup d\u2019\u0153il sur une bo\u00eete de nymphes d\u2019un p\u00eacheur plus ou moins d\u00e9butant, on peut avoir une premi\u00e8re id\u00e9e sur l\u2019issue de sa session de p\u00eache : proche de la bredouille ou avec quelques chances de r\u00e9ussite.<\/em><\/div><div>\u00a0<\/div><div dir=\"auto\">On n\u2019h\u00e9sitera pas \u00e0 refaire quelques exercices sur l\u2019herbe pendant les s\u00e9ances de p\u00eache si on en ressent le besoin, <strong>la qualit\u00e9 des gestuelles est v\u00e9ritablement fondamentale pour obtenir l\u2019efficacit\u00e9 voulue.<\/strong> Au-del\u00e0 de l\u2019aspect\u00a0d\u2019efficacit\u00e9, la recherche d\u2019un certain esth\u00e9tisme ne m\u2019est pas \u00e9trang\u00e8re. <strong>J\u2019aime les choses qui flirtent avec l\u2019\u00e9l\u00e9gance de la p\u00eache en s\u00e8che, via l\u2019art de sa gestuelle.<\/strong><\/div><div dir=\"auto\">\u00a0<\/div><div dir=\"auto\">\u00a0<\/div><div>NB. Ce plan de travail sera, au besoin, enrichi. <strong>Il n\u2019est pas fig\u00e9.<\/strong> Il correspond de tr\u00e8s pr\u00e8s \u00e0 <strong>mes stages d\u2019initiation et de perfectionnement en nymphe au fil,<\/strong> il fusionne en quelque sorte les deux niveaux. <strong>Il sert de fil directeur au contenu p\u00e9dagogique,<\/strong>\u00a0 il peut \u00eatre adapt\u00e9 pour coller au plus pr\u00e8s du besoin compte tenu de l\u2019exp\u00e9rience des stagiaires.\u00a0<\/div><div>La formule \u201cmasterclass\u201d permet <strong>une \u00e9mulation de groupe,<\/strong> un fonctionnement avec <strong>des \u00e9tapes progressives d\u2019apprentissage.<\/strong><\/div><div>Je le rend accessible en mode \u201cgrand public\u201d sur mon site web pour plusieurs raisons :<\/div><div>\u2013 pour figer par \u00e9crit une exp\u00e9rience p\u00e9dagogique de terrain de plusieurs ann\u00e9es avec de nombreux stagiaires en initiation et en perfectionnement,<\/div><div>\u2013 pour mettre en valeur et en lumi\u00e8re la teneur de la dimension p\u00e9dagogique du m\u00e9tier de guide de p\u00eache,<\/div><div>\u2013 pour permettre \u00e0 de futurs stagiaires de bien identifier les int\u00e9r\u00eats possibles de participer \u00e0 un stage.<\/div><\/div><\/div><\/div><\/div>\t\t\t\t\t\t\t\t<\/div>\n\t\t\t\t\t\t<\/div>\r\n\t\t\t\t\r\n\t\t\t<\/div>\r\n\t\t\t\t\t<\/div>\n\t\t","protected":false},"excerpt":{"rendered":"<p>Masterclass Nymphe Au Fil Ecrit le 9 f\u00e9vrier 2026 (mis \u00e0 jour du 14\/02\/2026) 1- On commence d\u2019embl\u00e9e par des exercices pratiques sur l\u2019herbe :L\u2019id\u00e9e, ici, sera de mettre en [&hellip;]<\/p>\n","protected":false},"author":1,"featured_media":0,"parent":0,"menu_order":0,"comment_status":"closed","ping_status":"closed","template":"","meta":{"_acf_changed":false,"footnotes":""},"class_list":["post-560605","page","type-page","status-publish","hentry"],"acf":[],"_links":{"self":[{"href":"https:\/\/www.jour-de-peche.com\/en\/wp-json\/wp\/v2\/pages\/560605","targetHints":{"allow":["GET"]}}],"collection":[{"href":"https:\/\/www.jour-de-peche.com\/en\/wp-json\/wp\/v2\/pages"}],"about":[{"href":"https:\/\/www.jour-de-peche.com\/en\/wp-json\/wp\/v2\/types\/page"}],"author":[{"embeddable":true,"href":"https:\/\/www.jour-de-peche.com\/en\/wp-json\/wp\/v2\/users\/1"}],"replies":[{"embeddable":true,"href":"https:\/\/www.jour-de-peche.com\/en\/wp-json\/wp\/v2\/comments?post=560605"}],"version-history":[{"count":16,"href":"https:\/\/www.jour-de-peche.com\/en\/wp-json\/wp\/v2\/pages\/560605\/revisions"}],"predecessor-version":[{"id":560683,"href":"https:\/\/www.jour-de-peche.com\/en\/wp-json\/wp\/v2\/pages\/560605\/revisions\/560683"}],"wp:attachment":[{"href":"https:\/\/www.jour-de-peche.com\/en\/wp-json\/wp\/v2\/media?parent=560605"}],"curies":[{"name":"wp","href":"https:\/\/api.w.org\/{rel}","templated":true}]}}