{"id":560535,"date":"2026-02-13T19:20:10","date_gmt":"2026-02-13T18:20:10","guid":{"rendered":"https:\/\/www.jour-de-peche.com\/?page_id=560535"},"modified":"2026-02-14T16:40:04","modified_gmt":"2026-02-14T15:40:04","slug":"peche-mouche-itinerance","status":"publish","type":"page","link":"https:\/\/www.jour-de-peche.com\/en\/peche-mouche-itinerance\/","title":{"rendered":"peche-mouche-itin\u00e9rance"},"content":{"rendered":"\t\t<div data-elementor-type=\"wp-page\" data-elementor-id=\"560535\" class=\"elementor elementor-560535\" data-elementor-post-type=\"page\">\n\t\t\t\t\t\t\t<div class=\" elementor-element elementor-element-678a960 e-flex e-con-boxed e-con e-parent\" data-id=\"678a960\" data-element_type=\"container\" data-e-type=\"container\">\r\n\t\t\t\t\t\t\t<div class=\"e-con-inner\">\r\n\t\t\t\t\t\t<div class=\"elementor-element elementor-element-060f34a elementor-widget elementor-widget-heading\" data-id=\"060f34a\" data-element_type=\"widget\" data-e-type=\"widget\" data-widget_type=\"heading.default\">\n\t\t\t\t\t<h1 class=\"elementor-heading-title elementor-size-default\">Prestations en itin\u00e9rance<\/h1>\t\t\t\t<\/div>\n\t\t\t\t<div class=\"elementor-element elementor-element-d183726 elementor-widget-divider--view-line_icon elementor-view-default elementor-widget-divider--element-align-center elementor-widget elementor-widget-divider\" data-id=\"d183726\" data-element_type=\"widget\" data-e-type=\"widget\" data-widget_type=\"divider.default\">\n\t\t\t\t\t\t\t<div class=\"elementor-divider\">\n\t\t\t<span class=\"elementor-divider-separator\">\n\t\t\t\t\t\t\t<div class=\"elementor-icon elementor-divider__element\">\n\t\t\t\t\t<svg aria-hidden=\"true\" class=\"e-font-icon-svg e-fas-fish\" viewBox=\"0 0 576 512\" xmlns=\"http:\/\/www.w3.org\/2000\/svg\"><path d=\"M327.1 96c-89.97 0-168.54 54.77-212.27 101.63L27.5 131.58c-12.13-9.18-30.24.6-27.14 14.66L24.54 256 .35 365.77c-3.1 14.06 15.01 23.83 27.14 14.66l87.33-66.05C158.55 361.23 237.13 416 327.1 416 464.56 416 576 288 576 256S464.56 96 327.1 96zm87.43 184c-13.25 0-24-10.75-24-24 0-13.26 10.75-24 24-24 13.26 0 24 10.74 24 24 0 13.25-10.75 24-24 24z\"><\/path><\/svg><\/div>\n\t\t\t\t\t\t<\/span>\n\t\t<\/div>\n\t\t\t\t\t\t<\/div>\n\t\t\t\t<div class=\"elementor-element elementor-element-f956684 elementor-widget elementor-widget-text-editor\" data-id=\"f956684\" data-element_type=\"widget\" data-e-type=\"widget\" data-widget_type=\"text-editor.default\">\n\t\t\t\t\t\t\t\t\t<p>A l\u2019occasion de d\u00e9placements (salons, comp\u00e9titions mouche, etc\u2026)<\/p><p>Egalement \u00e0 la demande, sur votre propre territoire !<\/p>\t\t\t\t\t\t\t\t<\/div>\n\t\t\t\t<div class=\"elementor-element elementor-element-b201ca7 elementor-widget-divider--view-line_icon elementor-view-default elementor-widget-divider--element-align-center elementor-widget elementor-widget-divider\" data-id=\"b201ca7\" data-element_type=\"widget\" data-e-type=\"widget\" data-widget_type=\"divider.default\">\n\t\t\t\t\t\t\t<div class=\"elementor-divider\">\n\t\t\t<span class=\"elementor-divider-separator\">\n\t\t\t\t\t\t\t<div class=\"elementor-icon elementor-divider__element\">\n\t\t\t\t\t<svg aria-hidden=\"true\" class=\"e-font-icon-svg e-fas-fish\" viewBox=\"0 0 576 512\" xmlns=\"http:\/\/www.w3.org\/2000\/svg\"><path d=\"M327.1 96c-89.97 0-168.54 54.77-212.27 101.63L27.5 131.58c-12.13-9.18-30.24.6-27.14 14.66L24.54 256 .35 365.77c-3.1 14.06 15.01 23.83 27.14 14.66l87.33-66.05C158.55 361.23 237.13 416 327.1 416 464.56 416 576 288 576 256S464.56 96 327.1 96zm87.43 184c-13.25 0-24-10.75-24-24 0-13.26 10.75-24 24-24 13.26 0 24 10.74 24 24 0 13.25-10.75 24-24 24z\"><\/path><\/svg><\/div>\n\t\t\t\t\t\t<\/span>\n\t\t<\/div>\n\t\t\t\t\t\t<\/div>\n\t\t\t\t<div class=\"elementor-element elementor-element-7bd951f elementor-widget elementor-widget-text-editor\" data-id=\"7bd951f\" data-element_type=\"widget\" data-e-type=\"widget\" data-widget_type=\"text-editor.default\">\n\t\t\t\t\t\t\t\t\t<h3 id=\"hors-saison-\" class=\"atx\"><span style=\"color: #ff6600;\">Toute l\u2019ann\u00e9e (hors saison inclus)<\/span><\/h3><p><strong>Cours de lancer Mouche, appliqu\u00e9 \u00e0 la rivi\u00e8re <\/strong>(ni en lacs, ni en r\u00e9servoirs)<\/p><ul><li>Sur l\u2019herbe et\/ou en seconde cat\u00e9gorie durant la saison \u201cautomne-hiver\u201d.<\/li><li>Sur l\u2019herbe et en premi\u00e8re cat\u00e9gorie durant la saison de p\u00eache.<\/li><li>Dans une approche du lancer lin\u00e9aire (dit \u00e9galement lancer \u201cfran\u00e7ais\u201d), \u00e0 ma sauce!<\/li><li>Page de pr\u00e9sentation \u00e0 lire ici : <a href=\"https:\/\/www.jour-de-peche.com\/guide-de-peche-ariege-pyrenees-stages-et-cours\/peche-a-la-mouche-seche-stage-cours-de-lancer\/\">Lancer Mouche<\/a><\/li><\/ul><p><strong>Cours de montage Mouche, s\u00e8ches et nymphes<\/strong><\/p><ul><li>A votre domicile \/ avec du contenu compl\u00e9mentaire tr\u00e8s ax\u00e9 \u201clogiques et strat\u00e9gies de p\u00eache pour la nymphe au fil\u201d.<\/li><li>Dans une approche plut\u00f4t simple, on ne s\u2019aventure pas sur des montages compliqu\u00e9s.<\/li><li>L\u2019id\u00e9e c\u2019est de poser les bases pour faciliter votre d\u00e9marrage dans le montage.<\/li><li>Page de pr\u00e9sentation \u00e0 lire ici : <a href=\"https:\/\/www.jour-de-peche.com\/guide-de-peche-ariege-pyrenees-stages-et-cours\/cours-montage-mouches-seche-nymphe-perdigones-ariege-aude-haute-garonne\/\">Montage Mouche<\/a><\/li><\/ul><p><strong>Stages Nymphe au Fil, \u00e0 partir d\u2019un contenu de type \u201cMasterclass\u201d<\/strong><\/p><p><span style=\"color: #000000;\">> Hors saison (mi-sept > mi-mars):<\/span><\/p><ul><li>On pr\u00e9pare votre saison \u00e0 venir avec du contenu technique, sur la base du <a href=\"https:\/\/www.jour-de-peche.com\/masterclass-nymphe-au-fil\/\">programme Masterclass<\/a>.<\/li><li>Ce programme contient une partie fondamentale de mises en situation sur l\u2019herbe, de pr\u00e9paration et d\u2019\u00e9changes en salle.<\/li><li>En r\u00e9sum\u00e9, il s\u2019agit de travailler et comprendre les logiques de d\u00e9rive et de tenues de ligne.<\/li><li>On peut y ajouter du montage de nymphes, et de s\u00e8ches utiles pour la Nymphe au Fil en tandem s\u00e8che-nymphe.<\/li><li>Page de pr\u00e9sentation \u00e0 lire ici : <a href=\"https:\/\/www.jour-de-peche.com\/masterclass-nymphe-au-fil\/\">Masterclass NAF<\/a><\/li><\/ul><p><span style=\"color: #000000;\">> Pendant la saison de p\u00eache (mi-mars \u00e0 mi-sept):<\/span><\/p><ul><li>Je vous propose des stages Nymphe Au Fil tel que je les r\u00e9alise en Ari\u00e8ge, <strong>mais sur votre territoire.<\/strong><\/li><li>Un stage Nymphe Au Fil reprend l\u2019ensemble des \u00e9l\u00e9ments du programme Masterclass, lequel est une \u00e9manation de mon exp\u00e9rience p\u00e9dagogique dans cette discipline.\u00a0<\/li><\/ul><p><strong>Mix \u00e0 la carte<\/strong><\/p><ul><li>On m\u00e9lange tous les \u00e9l\u00e9ments ci-dessus qui correspondent \u00e0 votre besoin personnel!<\/li><li>En individuel ou en groupe constitu\u00e9.<\/li><li>Quelle que soit la p\u00e9riode de l\u2019ann\u00e9e.<\/li><\/ul><p><strong>Masterclass<\/strong><\/p><ul><li>Sp\u00e9cifique nymphe (<a href=\"https:\/\/www.jour-de-peche.com\/masterclass-nymphe-au-fil\/\">Masterclass NAF<\/a>)<\/li><li>Sp\u00e9cifique s\u00e8che appliqu\u00e9 \u00e0 la rivi\u00e8re<\/li><li>Mix nymphe + s\u00e8che<\/li><li>Prestations de groupe (constitu\u00e9 ou non)<\/li><\/ul>\t\t\t\t\t\t\t\t<\/div>\n\t\t\t\t<div class=\"elementor-element elementor-element-1c39f59 elementor-widget-divider--view-line_icon elementor-view-default elementor-widget-divider--element-align-center elementor-widget elementor-widget-divider\" data-id=\"1c39f59\" data-element_type=\"widget\" data-e-type=\"widget\" data-widget_type=\"divider.default\">\n\t\t\t\t\t\t\t<div class=\"elementor-divider\">\n\t\t\t<span class=\"elementor-divider-separator\">\n\t\t\t\t\t\t\t<div class=\"elementor-icon elementor-divider__element\">\n\t\t\t\t\t<svg aria-hidden=\"true\" class=\"e-font-icon-svg e-fas-fish\" viewBox=\"0 0 576 512\" xmlns=\"http:\/\/www.w3.org\/2000\/svg\"><path d=\"M327.1 96c-89.97 0-168.54 54.77-212.27 101.63L27.5 131.58c-12.13-9.18-30.24.6-27.14 14.66L24.54 256 .35 365.77c-3.1 14.06 15.01 23.83 27.14 14.66l87.33-66.05C158.55 361.23 237.13 416 327.1 416 464.56 416 576 288 576 256S464.56 96 327.1 96zm87.43 184c-13.25 0-24-10.75-24-24 0-13.26 10.75-24 24-24 13.26 0 24 10.74 24 24 0 13.25-10.75 24-24 24z\"><\/path><\/svg><\/div>\n\t\t\t\t\t\t<\/span>\n\t\t<\/div>\n\t\t\t\t\t\t<\/div>\n\t\t\t\t<div class=\"elementor-element elementor-element-2c794ca elementor-widget elementor-widget-spacer\" data-id=\"2c794ca\" data-element_type=\"widget\" data-e-type=\"widget\" data-widget_type=\"spacer.default\">\n\t\t\t\t\t\t\t<div class=\"elementor-spacer\">\n\t\t\t<div class=\"elementor-spacer-inner\"><\/div>\n\t\t<\/div>\n\t\t\t\t\t\t<\/div>\n\t\t\t\t\t\t<\/div>\r\n\t\t\t\t\r\n\t\t\t<\/div>\r\n\t\t\t\t\t\t<div class=\" elementor-element elementor-element-1cedcf7 e-flex e-con-boxed e-con e-parent\" data-id=\"1cedcf7\" data-element_type=\"container\" data-e-type=\"container\">\r\n\t\t\t\t\t\t\t<div class=\"e-con-inner\">\r\n\t\t\t\t\t\t<div class=\"elementor-element elementor-element-b9f721b elementor-widget elementor-widget-image\" data-id=\"b9f721b\" data-element_type=\"widget\" data-e-type=\"widget\" data-widget_type=\"image.default\">\n\t\t\t\t\t\t\t\t\t\t\t\t\t\t\t<img fetchpriority=\"high\" decoding=\"async\" width=\"819\" height=\"1024\" src=\"https:\/\/www.jour-de-peche.com\/wp-content\/uploads\/2026\/02\/Prestations-peche-a-la-mouche-Stephane-Legentilhomme-01-819x1024.jpg\" class=\"attachment-large size-large wp-image-560658\" alt=\"\" srcset=\"https:\/\/www.jour-de-peche.com\/wp-content\/uploads\/2026\/02\/Prestations-peche-a-la-mouche-Stephane-Legentilhomme-01-819x1024.jpg 819w, https:\/\/www.jour-de-peche.com\/wp-content\/uploads\/2026\/02\/Prestations-peche-a-la-mouche-Stephane-Legentilhomme-01-768x960.jpg 768w, https:\/\/www.jour-de-peche.com\/wp-content\/uploads\/2026\/02\/Prestations-peche-a-la-mouche-Stephane-Legentilhomme-01-600x750.jpg 600w\" sizes=\"(max-width: 819px) 100vw, 819px\" \/>\t\t\t\t\t\t\t\t\t\t\t\t\t\t\t<\/div>\n\t\t\t\t\t\t<\/div>\r\n\t\t\t\t\r\n\t\t\t<\/div>\r\n\t\t\t\t\t<\/div>\n\t\t","protected":false},"excerpt":{"rendered":"<p>Prestations en itin\u00e9rance A l\u2019occasion de d\u00e9placements (salons, comp\u00e9titions mouche, etc\u2026) Egalement \u00e0 la demande, sur votre propre territoire ! Toute l\u2019ann\u00e9e (hors saison inclus) Cours de lancer Mouche, appliqu\u00e9 [&hellip;]<\/p>\n","protected":false},"author":1,"featured_media":0,"parent":0,"menu_order":0,"comment_status":"closed","ping_status":"closed","template":"","meta":{"_acf_changed":false,"footnotes":""},"class_list":["post-560535","page","type-page","status-publish","hentry"],"acf":[],"_links":{"self":[{"href":"https:\/\/www.jour-de-peche.com\/en\/wp-json\/wp\/v2\/pages\/560535","targetHints":{"allow":["GET"]}}],"collection":[{"href":"https:\/\/www.jour-de-peche.com\/en\/wp-json\/wp\/v2\/pages"}],"about":[{"href":"https:\/\/www.jour-de-peche.com\/en\/wp-json\/wp\/v2\/types\/page"}],"author":[{"embeddable":true,"href":"https:\/\/www.jour-de-peche.com\/en\/wp-json\/wp\/v2\/users\/1"}],"replies":[{"embeddable":true,"href":"https:\/\/www.jour-de-peche.com\/en\/wp-json\/wp\/v2\/comments?post=560535"}],"version-history":[{"count":103,"href":"https:\/\/www.jour-de-peche.com\/en\/wp-json\/wp\/v2\/pages\/560535\/revisions"}],"predecessor-version":[{"id":560668,"href":"https:\/\/www.jour-de-peche.com\/en\/wp-json\/wp\/v2\/pages\/560535\/revisions\/560668"}],"wp:attachment":[{"href":"https:\/\/www.jour-de-peche.com\/en\/wp-json\/wp\/v2\/media?parent=560535"}],"curies":[{"name":"wp","href":"https:\/\/api.w.org\/{rel}","templated":true}]}}