{"id":550790,"date":"2022-10-19T08:52:46","date_gmt":"2022-10-19T07:52:46","guid":{"rendered":"https:\/\/www.jour-de-peche.com\/?page_id=550790"},"modified":"2023-01-06T22:48:10","modified_gmt":"2023-01-06T21:48:10","slug":"stage-de-peche-anglaise-occitanie-ariege-aude-haute-garonne","status":"publish","type":"page","link":"https:\/\/www.jour-de-peche.com\/en\/guide-de-peche-ariege-pyrenees-stages-et-cours\/stage-de-peche-anglaise-occitanie-ariege-aude-haute-garonne\/","title":{"rendered":"Stage de p\u00eache \u00e0 l&#8217;anglaise, Occitanie (Ari\u00e8ge, Aude, Haute-Garonne)"},"content":{"rendered":"\t\t<div data-elementor-type=\"wp-page\" data-elementor-id=\"550790\" class=\"elementor elementor-550790\" data-elementor-post-type=\"page\">\n\t\t\t\t\t\t<section class=\" elementor-section elementor-top-section elementor-element elementor-element-fef09b2 elementor-section-boxed elementor-section-height-default elementor-section-height-default\" data-id=\"fef09b2\" data-element_type=\"section\" data-e-type=\"section\">\r\n\t\t\t\t\t\t\t\t<div class=\"elementor-container elementor-column-gap-default\">\r\n\t\t\t\t\r\n\t\t\t\t\t\t\t\t<div class=\" elementor-column elementor-col-100 elementor-top-column elementor-element elementor-element-15c3616 \" data-id=\"15c3616\" data-element_type=\"column\" data-e-type=\"column\">\r\n\r\n\t\t\t\t\r\n\t\t\t\t<div class=\"elementor-widget-wrap elementor-element-populated\">\r\n\t\t\t\t\t\t\t\t\t\t\r\n\t\t\t\t\t\t<section class=\" elementor-section elementor-inner-section elementor-element elementor-element-31e7b2d elementor-section-boxed elementor-section-height-default elementor-section-height-default\" data-id=\"31e7b2d\" data-element_type=\"section\" data-e-type=\"section\">\r\n\t\t\t\t\t\t\t\t<div class=\"elementor-container elementor-column-gap-default\">\r\n\t\t\t\t\r\n\t\t\t\t\t\t\t\t<div class=\" elementor-column elementor-col-100 elementor-inner-column elementor-element elementor-element-f2809de \" data-id=\"f2809de\" data-element_type=\"column\" data-e-type=\"column\">\r\n\r\n\t\t\t\t\r\n\t\t\t\t<div class=\"elementor-widget-wrap elementor-element-populated\">\r\n\t\t\t\t\t\t\t\t\t\t\r\n\t\t\t\t\t\t<div class=\"elementor-element elementor-element-6df3c39 elementor-invisible elementor-widget elementor-widget-heading\" data-id=\"6df3c39\" data-element_type=\"widget\" data-e-type=\"widget\" data-settings=\"{&quot;_animation&quot;:&quot;fadeInDown&quot;}\" data-widget_type=\"heading.default\">\n\t\t\t\t\t<h2 class=\"elementor-heading-title elementor-size-default\">Stage de p\u00eache \u00e0 l'anglaise en Occitanie !<\/h2>\t\t\t\t<\/div>\n\t\t\t\t<div class=\"elementor-element elementor-element-8c8f8cf elementor-widget-divider--view-line_text elementor-widget-divider--element-align-center elementor-invisible elementor-widget elementor-widget-divider\" data-id=\"8c8f8cf\" data-element_type=\"widget\" data-e-type=\"widget\" data-settings=\"{&quot;_animation&quot;:&quot;slideInRight&quot;}\" data-widget_type=\"divider.default\">\n\t\t\t\t\t\t\t<div class=\"elementor-divider\">\n\t\t\t<span class=\"elementor-divider-separator\">\n\t\t\t\t\t\t\t<span class=\"elementor-divider__text elementor-divider__element\">\n\t\t\t\tAri\u00e8ge  ~ Aude ~ Haute-Garonne\t\t\t\t<\/span>\n\t\t\t\t\t\t<\/span>\n\t\t<\/div>\n\t\t\t\t\t\t<\/div>\n\t\t\t\t\t\t<\/div>\r\n\t\t\t\t<\/div>\r\n\t\t\t\t\t\t\t\t<\/div>\r\n\t\t\t<\/section>\r\n\t\t\t\t\t\t\t<\/div>\r\n\t\t\t\t<\/div>\r\n\t\t\t\t\t\t\t\t<\/div>\r\n\t\t\t<\/section>\r\n\t\t\t\t\t<section class=\" elementor-section elementor-top-section elementor-element elementor-element-343a485 elementor-section-boxed elementor-section-height-default elementor-section-height-default\" data-id=\"343a485\" data-element_type=\"section\" data-e-type=\"section\">\r\n\t\t\t\t\t\t\t\t<div class=\"elementor-container elementor-column-gap-default\">\r\n\t\t\t\t\r\n\t\t\t\t\t\t\t\t<div class=\" elementor-column elementor-col-100 elementor-top-column elementor-element elementor-element-97953bc \" data-id=\"97953bc\" data-element_type=\"column\" data-e-type=\"column\">\r\n\r\n\t\t\t\t\r\n\t\t\t\t<div class=\"elementor-widget-wrap elementor-element-populated\">\r\n\t\t\t\t\t\t\t\t\t\t\r\n\t\t\t\t\t\t<div class=\"elementor-element elementor-element-e85f4e6 elementor-widget elementor-widget-image\" data-id=\"e85f4e6\" data-element_type=\"widget\" data-e-type=\"widget\" data-widget_type=\"image.default\">\n\t\t\t\t\t\t\t\t\t\t\t\t\t\t\t<img fetchpriority=\"high\" decoding=\"async\" width=\"768\" height=\"432\" src=\"https:\/\/www.jour-de-peche.com\/wp-content\/uploads\/2022\/10\/IMG_20221011_142159-02-768x432.jpeg\" class=\"attachment-medium_large size-medium_large wp-image-550842\" alt=\"\" srcset=\"https:\/\/www.jour-de-peche.com\/wp-content\/uploads\/2022\/10\/IMG_20221011_142159-02-768x432.jpeg 768w, https:\/\/www.jour-de-peche.com\/wp-content\/uploads\/2022\/10\/IMG_20221011_142159-02-scaled-600x338.jpeg 600w, https:\/\/www.jour-de-peche.com\/wp-content\/uploads\/2022\/10\/IMG_20221011_142159-02-500x281.jpeg 500w\" sizes=\"(max-width: 768px) 100vw, 768px\" \/>\t\t\t\t\t\t\t\t\t\t\t\t\t\t\t<\/div>\n\t\t\t\t\t\t<\/div>\r\n\t\t\t\t<\/div>\r\n\t\t\t\t\t\t\t\t<\/div>\r\n\t\t\t<\/section>\r\n\t\t\t\t\t<section class=\" elementor-section elementor-top-section elementor-element elementor-element-e104aee elementor-section-boxed elementor-section-height-default elementor-section-height-default\" data-id=\"e104aee\" data-element_type=\"section\" data-e-type=\"section\">\r\n\t\t\t\t\t\t\t\t<div class=\"elementor-container elementor-column-gap-default\">\r\n\t\t\t\t\r\n\t\t\t\t\t\t\t\t<div class=\" elementor-column elementor-col-100 elementor-top-column elementor-element elementor-element-9472b2c \" data-id=\"9472b2c\" data-element_type=\"column\" data-e-type=\"column\">\r\n\r\n\t\t\t\t\r\n\t\t\t\t<div class=\"elementor-widget-wrap elementor-element-populated\">\r\n\t\t\t\t\t\t\t\t\t\t\r\n\t\t\t\t\t\t<div class=\"elementor-element elementor-element-4e445ee elementor-widget elementor-widget-text-editor\" data-id=\"4e445ee\" data-element_type=\"widget\" data-e-type=\"widget\" data-widget_type=\"text-editor.default\">\n\t\t\t\t\t\t\t\t\t<p style=\"text-align: justify;\"><span style=\"color: #000000;\"><strong><span style=\"color: #000000;\">La p\u00eache \u00e0 l&#8217;anglaise<\/span><\/strong> est une technique qui permet principalement d&#8217;attraper des poissons de la famille des cyprinid\u00e9s tels que gardons, rotengles, br\u00e8mes, carpes, etc&#8230;<\/span><\/p><p style=\"text-align: justify;\"><span style=\"color: #000000;\">Et ceci \u00e0 plus longue distance du bord que la p\u00eache au coup classique ne le permet, tout simplement via l&#8217;utilisation d&#8217;un moulinet avec une canne adapt\u00e9e \u00e0 la propulsion d&#8217;un flotteur long et effil\u00e9 qui se nomme waggler!<\/span><\/p><p style=\"text-align: justify;\"><span style=\"color: #000000;\">On est l\u00e0 sur une technique tr\u00e8s agr\u00e9able \u00e0 mettre en \u0153uvre qui permet d&#8217;\u00eatre rapidement dans une dynamique de r\u00e9ussite!<\/span><\/p>\t\t\t\t\t\t\t\t<\/div>\n\t\t\t\t\t\t<\/div>\r\n\t\t\t\t<\/div>\r\n\t\t\t\t\t\t\t\t<\/div>\r\n\t\t\t<\/section>\r\n\t\t\t\t\t<section class=\" elementor-section elementor-top-section elementor-element elementor-element-46a449e elementor-section-boxed elementor-section-height-default elementor-section-height-default\" data-id=\"46a449e\" data-element_type=\"section\" data-e-type=\"section\">\r\n\t\t\t\t\t\t\t\t<div class=\"elementor-container elementor-column-gap-default\">\r\n\t\t\t\t\r\n\t\t\t\t\t\t\t\t<div class=\" elementor-column elementor-col-100 elementor-top-column elementor-element elementor-element-3c88368 \" data-id=\"3c88368\" data-element_type=\"column\" data-e-type=\"column\">\r\n\r\n\t\t\t\t\r\n\t\t\t\t<div class=\"elementor-widget-wrap elementor-element-populated\">\r\n\t\t\t\t\t\t\t\t\t\t\r\n\t\t\t\t\t\t<div class=\"elementor-element elementor-element-4e72011 elementor-widget elementor-widget-image\" data-id=\"4e72011\" data-element_type=\"widget\" data-e-type=\"widget\" data-widget_type=\"image.default\">\n\t\t\t\t\t\t\t\t\t\t\t\t\t\t\t<img decoding=\"async\" width=\"375\" height=\"375\" src=\"https:\/\/www.jour-de-peche.com\/wp-content\/uploads\/2022\/10\/IMG_20221011_144137-01-375x375.jpeg\" class=\"attachment-medium size-medium wp-image-550845\" alt=\"\" \/>\t\t\t\t\t\t\t\t\t\t\t\t\t\t\t<\/div>\n\t\t\t\t\t\t<\/div>\r\n\t\t\t\t<\/div>\r\n\t\t\t\t\t\t\t\t<\/div>\r\n\t\t\t<\/section>\r\n\t\t\t\t\t<section class=\" elementor-section elementor-top-section elementor-element elementor-element-1a3e102 elementor-section-boxed elementor-section-height-default elementor-section-height-default\" data-id=\"1a3e102\" data-element_type=\"section\" data-e-type=\"section\">\r\n\t\t\t\t\t\t\t\t<div class=\"elementor-container elementor-column-gap-default\">\r\n\t\t\t\t\r\n\t\t\t\t\t\t\t\t<div class=\" elementor-column elementor-col-100 elementor-top-column elementor-element elementor-element-2824260 \" data-id=\"2824260\" data-element_type=\"column\" data-e-type=\"column\">\r\n\r\n\t\t\t\t\r\n\t\t\t\t<div class=\"elementor-widget-wrap elementor-element-populated\">\r\n\t\t\t\t\t\t\t\t\t\t\r\n\t\t\t\t\t\t<div class=\"elementor-element elementor-element-a342f21 elementor-widget elementor-widget-text-editor\" data-id=\"a342f21\" data-element_type=\"widget\" data-e-type=\"widget\" data-widget_type=\"text-editor.default\">\n\t\t\t\t\t\t\t\t\t<p style=\"text-align: justify;\"><span style=\"color: #000000;\">J&#8217;aime l&#8217;id\u00e9e de la pratiquer avec le mat\u00e9riel le plus simple possible tout en gardant une certaine exigence sur la qualit\u00e9 de ce dernier. C&#8217;est \u00e0 dire de mani\u00e8re minimaliste mais sans compromis sur l&#8217;efficacit\u00e9, pour la rendre accessible au plus grand nombre.<\/span><\/p>\t\t\t\t\t\t\t\t<\/div>\n\t\t\t\t\t\t<\/div>\r\n\t\t\t\t<\/div>\r\n\t\t\t\t\t\t\t\t<\/div>\r\n\t\t\t<\/section>\r\n\t\t\t\t\t<section class=\" elementor-section elementor-top-section elementor-element elementor-element-e0e4a65 elementor-section-boxed elementor-section-height-default elementor-section-height-default\" data-id=\"e0e4a65\" data-element_type=\"section\" data-e-type=\"section\">\r\n\t\t\t\t\t\t\t\t<div class=\"elementor-container elementor-column-gap-default\">\r\n\t\t\t\t\r\n\t\t\t\t\t\t\t\t<div class=\" elementor-column elementor-col-100 elementor-top-column elementor-element elementor-element-ccb82d9 \" data-id=\"ccb82d9\" data-element_type=\"column\" data-e-type=\"column\">\r\n\r\n\t\t\t\t\r\n\t\t\t\t<div class=\"elementor-widget-wrap elementor-element-populated\">\r\n\t\t\t\t\t\t\t\t\t\t\r\n\t\t\t\t\t\t<div class=\"elementor-element elementor-element-dbdacf2 elementor-widget elementor-widget-image\" data-id=\"dbdacf2\" data-element_type=\"widget\" data-e-type=\"widget\" data-widget_type=\"image.default\">\n\t\t\t\t\t\t\t\t\t\t\t\t\t\t\t<img decoding=\"async\" width=\"500\" height=\"281\" src=\"https:\/\/www.jour-de-peche.com\/wp-content\/uploads\/2022\/10\/IMG_20221011_140845-01-500x281.jpeg\" class=\"attachment-medium size-medium wp-image-550836\" alt=\"\" \/>\t\t\t\t\t\t\t\t\t\t\t\t\t\t\t<\/div>\n\t\t\t\t\t\t<\/div>\r\n\t\t\t\t<\/div>\r\n\t\t\t\t\t\t\t\t<\/div>\r\n\t\t\t<\/section>\r\n\t\t\t\t\t<section class=\" elementor-section elementor-top-section elementor-element elementor-element-234f490 elementor-section-boxed elementor-section-height-default elementor-section-height-default\" data-id=\"234f490\" data-element_type=\"section\" data-e-type=\"section\">\r\n\t\t\t\t\t\t\t\t<div class=\"elementor-container elementor-column-gap-default\">\r\n\t\t\t\t\r\n\t\t\t\t\t\t\t\t<div class=\" elementor-column elementor-col-100 elementor-top-column elementor-element elementor-element-1bafd8a \" data-id=\"1bafd8a\" data-element_type=\"column\" data-e-type=\"column\">\r\n\r\n\t\t\t\t\r\n\t\t\t\t<div class=\"elementor-widget-wrap elementor-element-populated\">\r\n\t\t\t\t\t\t\t\t\t\t\r\n\t\t\t\t\t\t<div class=\"elementor-element elementor-element-aa5104a elementor-widget elementor-widget-text-editor\" data-id=\"aa5104a\" data-element_type=\"widget\" data-e-type=\"widget\" data-widget_type=\"text-editor.default\">\n\t\t\t\t\t\t\t\t\t<p style=\"text-align: justify;\"><span style=\"color: #000000;\">Je suis plut\u00f4t adepte des p\u00eaches dites fines avec un flotteur fixe relativement l\u00e9ger, de 3 \u00e0 6 grammes par exemple, et c&#8217;est dans cette approche que je propose <strong>des stages de d\u00e9couverte ou de perfectionnement<\/strong>\u00a0<\/span><span style=\"color: #000000;\">sur l&#8217;un des nombreux parcours de p\u00eache des d\u00e9partements de l&#8217;Ari\u00e8ge, de l&#8217;Aude ou de la Haute-Garonne.<\/span><\/p>\t\t\t\t\t\t\t\t<\/div>\n\t\t\t\t\t\t<\/div>\r\n\t\t\t\t<\/div>\r\n\t\t\t\t\t\t\t\t<\/div>\r\n\t\t\t<\/section>\r\n\t\t\t\t\t<section class=\" elementor-section elementor-top-section elementor-element elementor-element-c47d895 elementor-section-boxed elementor-section-height-default elementor-section-height-default\" data-id=\"c47d895\" data-element_type=\"section\" data-e-type=\"section\">\r\n\t\t\t\t\t\t\t\t<div class=\"elementor-container elementor-column-gap-default\">\r\n\t\t\t\t\r\n\t\t\t\t\t\t\t\t<div class=\" elementor-column elementor-col-100 elementor-top-column elementor-element elementor-element-5164da2 \" data-id=\"5164da2\" data-element_type=\"column\" data-e-type=\"column\">\r\n\r\n\t\t\t\t\r\n\t\t\t\t<div class=\"elementor-widget-wrap elementor-element-populated\">\r\n\t\t\t\t\t\t\t\t\t\t\r\n\t\t\t\t\t\t<div class=\"elementor-element elementor-element-a9c5bfc elementor-widget-divider--view-line elementor-invisible elementor-widget elementor-widget-divider\" data-id=\"a9c5bfc\" data-element_type=\"widget\" data-e-type=\"widget\" data-settings=\"{&quot;_animation&quot;:&quot;zoomIn&quot;}\" data-widget_type=\"divider.default\">\n\t\t\t\t\t\t\t<div class=\"elementor-divider\">\n\t\t\t<span class=\"elementor-divider-separator\">\n\t\t\t\t\t\t<\/span>\n\t\t<\/div>\n\t\t\t\t\t\t<\/div>\n\t\t\t\t\t\t<\/div>\r\n\t\t\t\t<\/div>\r\n\t\t\t\t\t\t\t\t<\/div>\r\n\t\t\t<\/section>\r\n\t\t\t\t\t<section class=\" elementor-section elementor-top-section elementor-element elementor-element-0addcd5 elementor-section-boxed elementor-section-height-default elementor-section-height-default\" data-id=\"0addcd5\" data-element_type=\"section\" data-e-type=\"section\">\r\n\t\t\t\t\t\t\t\t<div class=\"elementor-container elementor-column-gap-default\">\r\n\t\t\t\t\r\n\t\t\t\t\t\t\t\t<div class=\" elementor-column elementor-col-100 elementor-top-column elementor-element elementor-element-6f43bda \" data-id=\"6f43bda\" data-element_type=\"column\" data-e-type=\"column\">\r\n\r\n\t\t\t\t\r\n\t\t\t\t<div class=\"elementor-widget-wrap elementor-element-populated\">\r\n\t\t\t\t\t\t\t\t\t\t\r\n\t\t\t\t\t\t<div class=\"elementor-element elementor-element-4d3c6f0 elementor-button-info elementor-align-center elementor-widget elementor-widget-button\" data-id=\"4d3c6f0\" data-element_type=\"widget\" data-e-type=\"widget\" data-widget_type=\"button.default\">\n\t\t\t\t\t\t\t\t\t\t<a class=\"elementor-button elementor-size-md\" role=\"button\">\n\t\t\t\t\t\t<span class=\"elementor-button-content-wrapper\">\n\t\t\t\t\t\t<span class=\"elementor-button-icon\">\n\t\t\t\t<svg aria-hidden=\"true\" class=\"e-font-icon-svg e-fas-fish\" viewBox=\"0 0 576 512\" xmlns=\"http:\/\/www.w3.org\/2000\/svg\"><path d=\"M327.1 96c-89.97 0-168.54 54.77-212.27 101.63L27.5 131.58c-12.13-9.18-30.24.6-27.14 14.66L24.54 256 .35 365.77c-3.1 14.06 15.01 23.83 27.14 14.66l87.33-66.05C158.55 361.23 237.13 416 327.1 416 464.56 416 576 288 576 256S464.56 96 327.1 96zm87.43 184c-13.25 0-24-10.75-24-24 0-13.26 10.75-24 24-24 13.26 0 24 10.74 24 24 0 13.25-10.75 24-24 24z\"><\/path><\/svg>\t\t\t<\/span>\n\t\t\t\t\t\t\t\t\t<span class=\"elementor-button-text\">A noter :<\/span>\n\t\t\t\t\t<\/span>\n\t\t\t\t\t<\/a>\n\t\t\t\t\t\t\t\t<\/div>\n\t\t\t\t\t\t<\/div>\r\n\t\t\t\t<\/div>\r\n\t\t\t\t\t\t\t\t<\/div>\r\n\t\t\t<\/section>\r\n\t\t\t\t\t<section class=\" elementor-section elementor-top-section elementor-element elementor-element-6bb50c9 elementor-section-boxed elementor-section-height-default elementor-section-height-default\" data-id=\"6bb50c9\" data-element_type=\"section\" data-e-type=\"section\">\r\n\t\t\t\t\t\t\t\t<div class=\"elementor-container elementor-column-gap-default\">\r\n\t\t\t\t\r\n\t\t\t\t\t\t\t\t<div class=\" elementor-column elementor-col-100 elementor-top-column elementor-element elementor-element-c0c08f2 \" data-id=\"c0c08f2\" data-element_type=\"column\" data-e-type=\"column\">\r\n\r\n\t\t\t\t\r\n\t\t\t\t<div class=\"elementor-widget-wrap elementor-element-populated\">\r\n\t\t\t\t\t\t\t\t\t\t\r\n\t\t\t\t\t\t<div class=\"elementor-element elementor-element-477d0cc elementor-widget elementor-widget-text-editor\" data-id=\"477d0cc\" data-element_type=\"widget\" data-e-type=\"widget\" data-widget_type=\"text-editor.default\">\n\t\t\t\t\t\t\t\t\t<ul><li><span style=\"color: #000000;\"><strong>Stage en journ\u00e9e enti\u00e8re ou en demi-journ\u00e9e<\/strong> (la demi-journ\u00e9e c&#8217;est trop court si vous \u00eates d\u00e9butant, c&#8217;est plut\u00f4t adapt\u00e9 \u00e0 du perfectionnement)<\/span><\/li><li><span style=\"color: #000000;\"><strong>Mat\u00e9riel enti\u00e8rement fourni<\/strong> (dont amorces et esches)<\/span><\/li><li><span style=\"color: #000000;\"><strong>Pr\u00e9voyez un carnet de note<\/strong> (pour conservez pr\u00e9cieusement en m\u00e9moire les \u00e9l\u00e9ments les plus importants \u00e0 retenir!)<\/span><\/li><\/ul>\t\t\t\t\t\t\t\t<\/div>\n\t\t\t\t\t\t<\/div>\r\n\t\t\t\t<\/div>\r\n\t\t\t\t\t\t\t\t<\/div>\r\n\t\t\t<\/section>\r\n\t\t\t\t\t<section class=\" elementor-section elementor-top-section elementor-element elementor-element-600ac4d elementor-section-boxed elementor-section-height-default elementor-section-height-default\" data-id=\"600ac4d\" data-element_type=\"section\" data-e-type=\"section\">\r\n\t\t\t\t\t\t\t\t<div class=\"elementor-container elementor-column-gap-default\">\r\n\t\t\t\t\r\n\t\t\t\t\t\t\t\t<div class=\" elementor-column elementor-col-100 elementor-top-column elementor-element elementor-element-ead60c5 \" data-id=\"ead60c5\" data-element_type=\"column\" data-e-type=\"column\">\r\n\r\n\t\t\t\t\r\n\t\t\t\t<div class=\"elementor-widget-wrap elementor-element-populated\">\r\n\t\t\t\t\t\t\t\t\t\t\r\n\t\t\t\t\t\t<div class=\"elementor-element elementor-element-f254d2f elementor-widget-divider--view-line elementor-invisible elementor-widget elementor-widget-divider\" data-id=\"f254d2f\" data-element_type=\"widget\" data-e-type=\"widget\" data-settings=\"{&quot;_animation&quot;:&quot;zoomIn&quot;}\" data-widget_type=\"divider.default\">\n\t\t\t\t\t\t\t<div class=\"elementor-divider\">\n\t\t\t<span class=\"elementor-divider-separator\">\n\t\t\t\t\t\t<\/span>\n\t\t<\/div>\n\t\t\t\t\t\t<\/div>\n\t\t\t\t\t\t<\/div>\r\n\t\t\t\t<\/div>\r\n\t\t\t\t\t\t\t\t<\/div>\r\n\t\t\t<\/section>\r\n\t\t\t\t\t<section class=\" elementor-section elementor-top-section elementor-element elementor-element-b1da9b0 elementor-section-boxed elementor-section-height-default elementor-section-height-default\" data-id=\"b1da9b0\" data-element_type=\"section\" data-e-type=\"section\" data-settings=\"{&quot;background_background&quot;:&quot;classic&quot;}\">\r\n\t\t\t\t\t\t\t<div class=\"elementor-background-overlay\"><\/div>\r\n\t\t\t\t\t\t\t\t\t<div class=\"elementor-container elementor-column-gap-default\">\r\n\t\t\t\t\r\n\t\t\t\t\t\t\t\t<div class=\" elementor-column elementor-col-100 elementor-top-column elementor-element elementor-element-1a80fe3 \" data-id=\"1a80fe3\" data-element_type=\"column\" data-e-type=\"column\">\r\n\r\n\t\t\t\t\r\n\t\t\t\t<div class=\"elementor-widget-wrap elementor-element-populated\">\r\n\t\t\t\t\t\t\t\t\t\t\r\n\t\t\t\t\t\t<div class=\"elementor-element elementor-element-78c2796 elementor-widget elementor-widget-text-editor\" data-id=\"78c2796\" data-element_type=\"widget\" data-e-type=\"widget\" data-widget_type=\"text-editor.default\">\n\t\t\t\t\t\t\t\t\t<p><strong><span style=\"text-decoration: underline; color: #000000;\">Les apports essentiels du stage :<\/span><\/strong><\/p><ul><li><span style=\"color: #000000;\">Choix et pr\u00e9paration de l&#8217;amorce<\/span><\/li><li><span style=\"color: #000000;\">Montage de la ligne (fixe)<\/span><\/li><li><span style=\"color: #000000;\">Apprentissage du lancer et de l&#8217;immersion de la banni\u00e8re<\/span><\/li><li><span style=\"color: #000000;\">Sondage de la zone de p\u00eache<\/span><\/li><li><span style=\"color: #000000;\">R\u00e9glage de la distance de p\u00eache<\/span><\/li><li><span style=\"color: #000000;\">Amor\u00e7age (\u00e0 la main ou \u00e0 la fronde)<\/span><\/li><li><span style=\"color: #000000;\">R\u00e9glage de d\u00e9part sur la ligne (plomb\u00e9e et profondeur)<\/span><\/li><li><span style=\"color: #000000;\">Optimiser le ferrage\u00a0<\/span><\/li><li><span style=\"color: #000000;\">Optimiser les r\u00e9glages de la ligne en cours de p\u00eache<\/span><\/li><li><span style=\"color: #000000;\">S&#8217;adapter en permanence \u00e0 l&#8217;\u00e9volution du comportement des poissons au cours de la partie de p\u00eache<\/span><\/li><\/ul>\t\t\t\t\t\t\t\t<\/div>\n\t\t\t\t\t\t<\/div>\r\n\t\t\t\t<\/div>\r\n\t\t\t\t\t\t\t\t<\/div>\r\n\t\t\t<\/section>\r\n\t\t\t\t\t<section class=\" elementor-section elementor-top-section elementor-element elementor-element-aeb9258 elementor-section-boxed elementor-section-height-default elementor-section-height-default\" data-id=\"aeb9258\" data-element_type=\"section\" data-e-type=\"section\">\r\n\t\t\t\t\t\t\t\t<div class=\"elementor-container elementor-column-gap-default\">\r\n\t\t\t\t\r\n\t\t\t\t\t\t\t\t<div class=\" elementor-column elementor-col-100 elementor-top-column elementor-element elementor-element-cd98e08 \" data-id=\"cd98e08\" data-element_type=\"column\" data-e-type=\"column\">\r\n\r\n\t\t\t\t\r\n\t\t\t\t<div class=\"elementor-widget-wrap elementor-element-populated\">\r\n\t\t\t\t\t\t\t\t\t\t\r\n\t\t\t\t\t\t<div class=\"elementor-element elementor-element-058a0cc elementor-widget-divider--view-line elementor-invisible elementor-widget elementor-widget-divider\" data-id=\"058a0cc\" data-element_type=\"widget\" data-e-type=\"widget\" data-settings=\"{&quot;_animation&quot;:&quot;zoomIn&quot;}\" data-widget_type=\"divider.default\">\n\t\t\t\t\t\t\t<div class=\"elementor-divider\">\n\t\t\t<span class=\"elementor-divider-separator\">\n\t\t\t\t\t\t<\/span>\n\t\t<\/div>\n\t\t\t\t\t\t<\/div>\n\t\t\t\t\t\t<\/div>\r\n\t\t\t\t<\/div>\r\n\t\t\t\t\t\t\t\t<\/div>\r\n\t\t\t<\/section>\r\n\t\t\t\t\t<section class=\" elementor-section elementor-top-section elementor-element elementor-element-c5b543f elementor-section-boxed elementor-section-height-default elementor-section-height-default\" data-id=\"c5b543f\" data-element_type=\"section\" data-e-type=\"section\">\r\n\t\t\t\t\t\t\t\t<div class=\"elementor-container elementor-column-gap-default\">\r\n\t\t\t\t\r\n\t\t\t\t\t\t\t\t<div class=\" elementor-column elementor-col-100 elementor-top-column elementor-element elementor-element-44cd33c \" data-id=\"44cd33c\" data-element_type=\"column\" data-e-type=\"column\">\r\n\r\n\t\t\t\t\r\n\t\t\t\t<div class=\"elementor-widget-wrap elementor-element-populated\">\r\n\t\t\t\t\t\t\t\t\t\t\r\n\t\t\t\t\t\t<div class=\"elementor-element elementor-element-d6cb7c9 elementor-widget elementor-widget-text-editor\" data-id=\"d6cb7c9\" data-element_type=\"widget\" data-e-type=\"widget\" data-widget_type=\"text-editor.default\">\n\t\t\t\t\t\t\t\t\t<h5 style=\"text-align: center;\"><strong><span style=\"color: #000000;\">Objectif, vous donner des bases solides !<\/span><\/strong><\/h5><p style=\"text-align: justify;\"><span style=\"color: #000000;\">La p\u00eache \u00e0 l&#8217;anglaise est pleine de subtilit\u00e9s qui viennent faire la diff\u00e9rence en terme de r\u00e9ussite lorsqu&#8217;on en maitrise les \u00e9l\u00e9ments essentiels!<\/span><\/p><p style=\"text-align: justify;\"><span style=\"color: #000000;\">De la m\u00eame mani\u00e8re que pour la p\u00eache au coup, si elle est ma\u00eetris\u00e9e, elle permet rapidement d&#8217;\u00eatre en mesure d&#8217;attraper des poissons, et ceci par le simple fait qu&#8217;on s&#8217;adresse l\u00e0 principalement \u00e0 la famille des cyprinid\u00e9s (gardons, br\u00e8mes, ablettes, carpes, etc&#8230;) qui se situe \u00e0 la base de la pyramide alimentaire chez les poissons en seconde cat\u00e9gorie piscicole et qui par cons\u00e9quent sont les plus nombreux (contrairement aux carnassiers du type brochets ou sandres).<\/span><\/p><p style=\"text-align: justify;\"><span style=\"color: #000000;\">Ce qui n&#8217;emp\u00eache nullement une v\u00e9ritable exigence technique. Si l&#8217;on p\u00eache approximativement on ne prend pas grand chose, voire rien du tout!<\/span><\/p><p style=\"text-align: justify;\"><span style=\"color: #000000;\">Tout l&#8217;enjeu est l\u00e0 pour moi, vous donner des bases solides pour vous r\u00e9galer dans cette technique!<\/span><\/p>\t\t\t\t\t\t\t\t<\/div>\n\t\t\t\t\t\t<\/div>\r\n\t\t\t\t<\/div>\r\n\t\t\t\t\t\t\t\t<\/div>\r\n\t\t\t<\/section>\r\n\t\t\t\t\t<\/div>\n\t\t","protected":false},"excerpt":{"rendered":"<p>Stage de p\u00eache \u00e0 l&#8217;anglaise en Occitanie ! Ari\u00e8ge ~ Aude ~ Haute-Garonne La p\u00eache \u00e0 l&#8217;anglaise est une technique qui permet principalement d&#8217;attraper des poissons de la famille des [&hellip;]<\/p>\n","protected":false},"author":1,"featured_media":0,"parent":552442,"menu_order":0,"comment_status":"closed","ping_status":"closed","template":"","meta":{"_acf_changed":false,"footnotes":""},"class_list":["post-550790","page","type-page","status-publish","hentry"],"acf":[],"_links":{"self":[{"href":"https:\/\/www.jour-de-peche.com\/en\/wp-json\/wp\/v2\/pages\/550790","targetHints":{"allow":["GET"]}}],"collection":[{"href":"https:\/\/www.jour-de-peche.com\/en\/wp-json\/wp\/v2\/pages"}],"about":[{"href":"https:\/\/www.jour-de-peche.com\/en\/wp-json\/wp\/v2\/types\/page"}],"author":[{"embeddable":true,"href":"https:\/\/www.jour-de-peche.com\/en\/wp-json\/wp\/v2\/users\/1"}],"replies":[{"embeddable":true,"href":"https:\/\/www.jour-de-peche.com\/en\/wp-json\/wp\/v2\/comments?post=550790"}],"version-history":[{"count":84,"href":"https:\/\/www.jour-de-peche.com\/en\/wp-json\/wp\/v2\/pages\/550790\/revisions"}],"predecessor-version":[{"id":551057,"href":"https:\/\/www.jour-de-peche.com\/en\/wp-json\/wp\/v2\/pages\/550790\/revisions\/551057"}],"up":[{"embeddable":true,"href":"https:\/\/www.jour-de-peche.com\/en\/wp-json\/wp\/v2\/pages\/552442"}],"wp:attachment":[{"href":"https:\/\/www.jour-de-peche.com\/en\/wp-json\/wp\/v2\/media?parent=550790"}],"curies":[{"name":"wp","href":"https:\/\/api.w.org\/{rel}","templated":true}]}}