{"id":4642,"date":"2016-02-09T16:10:48","date_gmt":"2016-02-09T15:10:48","guid":{"rendered":"http:\/\/www.jour-de-peche.com\/?page_id=4642"},"modified":"2022-11-10T12:57:39","modified_gmt":"2022-11-10T11:57:39","slug":"guide-de-peche-canal-du-midi-aude-haute-garonne-carnassiers-aux-leurres-a-pied","status":"publish","type":"page","link":"https:\/\/www.jour-de-peche.com\/en\/guide-de-peche-canal-du-midi-aude-haute-garonne-carnassiers-aux-leurres-a-pied\/","title":{"rendered":"Guide de p\u00eache, canal du midi (Aude, Haute-Garonne), carnassiers aux leurres, \u00e0 pied."},"content":{"rendered":"<div class=\"wpb-content-wrapper\"><p>[vc_row][vc_column][vc_column_text el_class=&#8221;hauteurboite1&#8243;]<\/p>\n<h1><span style=\"color: #000000;\">Guide de p\u00eache ari\u00e8ge. Guide de p\u00eache aude. Guide de p\u00eache canal du midi. Guide de p\u00eache haute-garonne. Guide de p\u00eache tarn. Guide de p\u00eache lac de la ganguise. Guide de p\u00eache languedoc-roussillon. Guide de p\u00eache midi-pyr\u00e9n\u00e9es. Guide de p\u00eache montagne noire.<br \/>\n<\/span><\/h1>\n<p>[\/vc_column_text][\/vc_column][\/vc_row][vc_row][vc_column][vc_column_text]<\/p>\n<h3 id=\"haut-de-page\" style=\"text-align: center;\"><span style=\"color: #800000;\"><strong>P\u00eache des carnassiers aux leurres \u00e0 pied, Canal du Midi (Aude, Haute-Garonne).<\/strong><\/span><\/h3>\n<p>[\/vc_column_text][vc_separator color=&#8221;custom&#8221; style=&#8221;dashed&#8221; border_width=&#8221;2&#8243; el_width=&#8221;80&#8243; accent_color=&#8221;#999999&#8243;][vc_row_inner][vc_column_inner width=&#8221;1\/2&#8243;][vc_column_text]<\/p>\n<h4 style=\"text-align: center;\"><strong><span style=\"color: #ff7700;\">Canal du Midi (Aude &#8211; Haute-Garonne)<\/span><\/strong><\/h4>\n<p style=\"text-align: justify;\">Le canal du midi offre un terrain de jeu tr\u00e8s int\u00e9ressant pour p\u00eacher de nombreuses esp\u00e8ces de poissons. Pour ce qui concerne les carnassiers, on y trouve des sandres, des perches, des brochets, des black-bass et m\u00eame des silures sur certains biefs. J\u2019ai coutume de dire que c\u2019est une bonne \u00e9cole pour apprendre \u00e0 p\u00eacher, notamment aux leurres artificiels!<\/p>\n<p>[\/vc_column_text][vc_separator color=&#8221;custom&#8221; el_width=&#8221;50&#8243; accent_color=&#8221;#999999&#8243;][vc_column_text]<em><strong>En r\u00e9sum\u00e9:<\/strong><\/em><\/p>\n<ul>\n<li>P\u00e9riode: du 1er mai au dernier dimanche de janvier<\/li>\n<li>Poissons: brochets, sandres, perches, black-bass<\/li>\n<li>P\u00eache \u00e0 pied en itin\u00e9rance<\/li>\n<li>Nombre de personnes maximum : 3 personnes<\/li>\n<li>Mat\u00e9riel fourni (cannes, moulinets, leurres, etc&#8230;)<\/li>\n<li>Type de p\u00eache : toutes les p\u00eaches aux leurres artificiels<\/li>\n<li>Tarif \u00e0 la journ\u00e9e, prix d\u00e9gressif en fonction du nombre de jours et du nombre de personnes&#8230;<\/li>\n<\/ul>\n<p>[\/vc_column_text][\/vc_column_inner][vc_column_inner width=&#8221;1\/2&#8243; css=&#8221;.vc_custom_1452274701349{padding-top: 15px !important;}&#8221;][vc_column_text]<\/p>\n<h3 style=\"text-align: center;\"><span style=\"color: #808080;\">Brochets, sandres, perches, silures.<\/span><\/h3>\n<p>[\/vc_column_text][vc_gallery interval=&#8221;0&#8243; images=&#8221;1151,1149,1153,1145,1143&#8243; img_size=&#8221;large&#8221;][\/vc_column_inner][\/vc_row_inner][vc_separator color=&#8221;custom&#8221; border_width=&#8221;2&#8243; accent_color=&#8221;#999999&#8243;][\/vc_column][\/vc_row][vc_row_inner][vc_column_inner width=&#8221;1\/4&#8243;][vc_btn title=&#8221;Tarifs&#8221; color=&#8221;warning&#8221; align=&#8221;center&#8221; link=&#8221;url:http%3A%2F%2Fwww.jour-de-peche.com%2Fguide-de-peche-tarifs%2F&#8221;][\/vc_column_inner][vc_column_inner width=&#8221;1\/4&#8243;][vc_btn title=&#8221;Ch\u00e8ques-cadeaux&#8221; color=&#8221;violet&#8221; align=&#8221;center&#8221; link=&#8221;url:http%3A%2F%2Fwww.jour-de-peche.com%2Fcheque-cadeau-peche-carnassiers-et-truites%2F&#8221;][\/vc_column_inner][vc_column_inner width=&#8221;1\/4&#8243;][vc_btn title=&#8221;S\u00e9jours p\u00eache&#8221; color=&#8221;green&#8221; align=&#8221;center&#8221; link=&#8221;url:http%3A%2F%2Fwww.jour-de-peche.com%2Fpeche-carnassiers-et-tuites-en-france%2Fsejour-peche-ariege-aude%2F&#8221;][\/vc_column_inner][vc_column_inner width=&#8221;1\/4&#8243;][vc_btn title=&#8221;Livre d&#8217;or&#8221; color=&#8221;pink&#8221; align=&#8221;center&#8221; link=&#8221;url:http%3A%2F%2Fwww.jour-de-peche.com%2Flivre-or-peche-irlande-et-france%2F&#8221;][\/vc_column_inner][\/vc_row_inner][vc_separator color=&#8221;custom&#8221; border_width=&#8221;2&#8243; accent_color=&#8221;#999999&#8243;][vc_row_inner][vc_column_inner][\/vc_column_inner][\/vc_row_inner][vc_row][vc_column][vc_row_inner][vc_column_inner width=&#8221;1\/2&#8243;][vc_column_text css_animation=&#8221;appear&#8221;]<\/p>\n<h4 style=\"text-align: center;\"><span style=\"color: #800000;\"><strong>Quelques r\u00e9cits de p\u00eache sur le canal du midi&#8230;<\/strong><\/span><\/h4>\n<p>[\/vc_column_text][\/vc_column_inner][vc_column_inner width=&#8221;1\/2&#8243;][vc_column_text][vc_btn title=&#8221;Section blog! Tous les r\u00e9cits&#8230;&#8221; color=&#8221;mulled-wine&#8221; align=&#8221;center&#8221; link=&#8221;url:http%3A%2F%2Fwww.jour-de-peche.com%2Fcategory%2Ftous-les-recits-de-peche-fr%2F&#8221;][\/vc_column_text][\/vc_column_inner][\/vc_row_inner][vc_basic_grid post_type=&#8221;ids&#8221; gap=&#8221;10&#8243; item=&#8221;masonryGrid_OverlayWithRotation&#8221; include=&#8221;8452, 576, 586&#8243; grid_id=&#8221;vc_gid:1664438999817-b3bcba70-fca8-2&#8243;][vc_row_inner][vc_column_inner width=&#8221;1\/2&#8243; css=&#8221;.vc_custom_1452270609143{border-top-width: 0px !important;border-right-width: 0px !important;border-bottom-width: 0px !important;border-left-width: 0px !important;padding-top: 0px !important;padding-right: 0px !important;padding-bottom: 0px !important;padding-left: 0px !important;}&#8221;][vc_facebook][\/vc_column_inner][vc_column_inner width=&#8221;1\/2&#8243;][vc_googleplus annotation=&#8221;inline&#8221;][\/vc_column_inner][\/vc_row_inner][vc_separator color=&#8221;custom&#8221; border_width=&#8221;2&#8243; accent_color=&#8221;#999999&#8243;][\/vc_column][\/vc_row][vc_row][vc_column width=&#8221;1\/2&#8243;][vc_gmaps link=&#8221;#E-8_JTNDaWZyYW1lJTIwc3JjJTNEJTIyaHR0cHMlM0ElMkYlMkZ3d3cuZ29vZ2xlLmNvbSUyRm1hcHMlMkZlbWJlZCUzRnBiJTNEJTIxMW0xOCUyMTFtMTIlMjExbTMlMjExZDM3MTM5Ni41NTA2Mzk3ODY4JTIxMmQxLjc3Njc5NjA5OTQ3MzIwMTUlMjEzZDQzLjM0NDkwNzAzNzk5MjQxJTIxMm0zJTIxMWYwJTIxMmYwJTIxM2YwJTIxM20yJTIxMWkxMDI0JTIxMmk3NjglMjE0ZjEzLjElMjEzbTMlMjExbTIlMjExczB4MTJhZTVhODRmZDg3MzIwZCUyNTNBMHhhOThhNDBmYWRlMmNhMWI5JTIxMnMxMTQwMCUyQkNhc3RlbG5hdWRhcnklMjE1ZTAlMjEzbTIlMjExc2ZyJTIxMnNmciUyMTR2MTQ1NTAzMDg1Mzk4NCUyMiUyMHdpZHRoJTNEJTIyNjAwJTIyJTIwaGVpZ2h0JTNEJTIyNDUwJTIyJTIwZnJhbWVib3JkZXIlM0QlMjIwJTIyJTIwc3R5bGUlM0QlMjJib3JkZXIlM0EwJTIyJTIwYWxsb3dmdWxsc2NyZWVuJTNFJTNDJTJGaWZyYW1lJTNF&#8221; size=&#8221;250&#8243; title=&#8221;Le Canal du Midi&#8230;&#8221;][\/vc_column][vc_column width=&#8221;1\/2&#8243; css=&#8221;.vc_custom_1446638361270{padding-top: 25px !important;}&#8221;][vc_column_text]<\/p>\n<h4 style=\"text-align: center;\"><strong>Les grandes agglom\u00e9rations les plus proches<\/strong><\/h4>\n<ul>\n<li>Carcassonne<\/li>\n<li>Castelnaudary<\/li>\n<li>Villefranche-de-Lauraguais<\/li>\n<li>Toulouse<\/li>\n<\/ul>\n<p>A\u00e9roport le plus proche: Carcassonne (Ryanair) \/ Toulouse-Blagnac[\/vc_column_text][\/vc_column][\/vc_row][vc_row][vc_column][vc_separator color=&#8221;custom&#8221; border_width=&#8221;2&#8243; accent_color=&#8221;#999999&#8243;][\/vc_column][\/vc_row][vc_row][vc_column width=&#8221;1\/2&#8243;][vc_column_text]<\/p>\n<h3 style=\"text-align: center;\"><span style=\"color: #800000;\">Youtube<\/span><\/h3>\n<p>[\/vc_column_text][vc_single_image image=&#8221;4471&#8243; img_size=&#8221;large&#8221; alignment=&#8221;center&#8221; style=&#8221;vc_box_shadow_3d&#8221; onclick=&#8221;custom_link&#8221; img_link_target=&#8221;_blank&#8221; css_animation=&#8221;appear&#8221; link=&#8221;https:\/\/www.youtube.com\/channel\/UChFn15WL4MVWvZrTpTbq18Q&#8221;][\/vc_column][vc_column width=&#8221;1\/2&#8243;][vc_column_text]<\/p>\n<h3 style=\"text-align: center;\"><span style=\"color: #800000;\">Facebook<\/span><\/h3>\n<p>[\/vc_column_text][vc_single_image image=&#8221;4437&#8243; img_size=&#8221;large&#8221; alignment=&#8221;center&#8221; style=&#8221;vc_box_shadow_3d&#8221; onclick=&#8221;custom_link&#8221; img_link_target=&#8221;_blank&#8221; css_animation=&#8221;appear&#8221; link=&#8221;https:\/\/www.facebook.com\/steph.legentilhomme&#8221;][\/vc_column][\/vc_row][vc_row][vc_column][vc_separator color=&#8221;custom&#8221; border_width=&#8221;2&#8243; accent_color=&#8221;#999999&#8243;][\/vc_column][\/vc_row][vc_row][vc_column][vc_column_text]<\/p>\n<h3 style=\"text-align: center;\"><span style=\"color: #800000;\">Quelques liens utiles&#8230;<\/span><\/h3>\n<p>[\/vc_column_text][vc_tta_accordion shape=&#8221;round&#8221; color=&#8221;peacoc&#8221; active_section=&#8221;&#8221; no_fill=&#8221;true&#8221; collapsible_all=&#8221;true&#8221;][vc_tta_section tab_id=&#8221;1452531983225-84182349-8a4e&#8221; title=&#8221;H\u00e9bergements en chambres d&#8217;h\u00f4tes&#8221;][vc_column_text]<\/p>\n<ul>\n<li><em>Non renseign\u00e9 pour le moment&#8230;<\/em><\/li>\n<\/ul>\n<p>[\/vc_column_text][\/vc_tta_section][vc_tta_section title=&#8221;H\u00e9bergements en campings&#8221; tab_id=&#8221;1452531984386-9a7edaa4-b71d&#8221;][vc_column_text]<\/p>\n<ul>\n<li><em>Non renseign\u00e9 pour le moment&#8230;<\/em><\/li>\n<\/ul>\n<p><em>\u00a0<\/em>[\/vc_column_text][\/vc_tta_section][vc_tta_section title=&#8221;F\u00e9d\u00e9rations D\u00e9partementales Agr\u00e9\u00e9es pour la P\u00eache et la Protection du Milieu Aquatique (Aude, Haute-Garonne)&#8221; tab_id=&#8221;1452532349446-cb2c7386-2dc7&#8243;][vc_column_text]<\/p>\n<ul>\n<li>F\u00c9D\u00c9RATION DE L&#8217;<strong>AUDE<\/strong> POUR LA P\u00caCHE ET LA PROTECTION DU MILIEU AQUATIQUE<br \/>\n3, chemin de Serres<br \/>\n11000 CARCASSONNE<br \/>\nT\u00e9l. 04 68 25 16 03<br \/>\nFax. 04 68 25 67 73<br \/>\nMail: fedepeche11@wanadoo.fr<br \/>\nSite web : <a title=\"federation-departementale-peche-aude\" href=\"http:\/\/www.fedepeche11.fr\/\" target=\"_blank\" rel=\"noopener\">www.fedepeche11.fr<\/a><\/li>\n<li>F\u00c9D\u00c9RATION DE <strong>LA HAUTE GARONNE<\/strong> POUR LA P\u00caCHE ET LA PROTECTION DU MILIEU AQUATIQUE<br \/>\n395 route de Saint-Simon<br \/>\n31100 TOULOUSE<br \/>\nT\u00e9l\u00e9phone : 05 61 42 58 64<br \/>\nMail: federation.peche31@wanadoo.fr<br \/>\nSite web : <a title=\"F\u00e9d\u00e9ration de P\u00eache de la Haute-Garonne\" href=\"http:\/\/www.fede-peche31.com\/\" target=\"_blank\" rel=\"noopener\">www.fede-peche31.com<\/a><\/li>\n<\/ul>\n<p>&nbsp;<\/p>\n<p>[\/vc_column_text][\/vc_tta_section][vc_tta_section title=&#8221;Ecoles de p\u00eache (Aude, Haute-Garonne)&#8221; tab_id=&#8221;1452532380167-bb696a4a-c82a&#8221;][vc_column_text]<\/p>\n<ul>\n<li>P\u00f4le animation de la F\u00e9d\u00e9ration de P\u00eache de l&#8217;Aude (<a title=\"pole-animation-peche-aude\" href=\"http:\/\/www.fedepeche11.fr\/index.php\/animation\" target=\"_blank\" rel=\"noopener\">lien web<\/a>)<\/li>\n<li>Les Ateliers P\u00eache Nature dans l&#8217;Aude (<a title=\"atelier-peche-nature-aude\" href=\"http:\/\/www.fedepeche11.fr\/index.php\/les-apn-des-aappma-113\" target=\"_blank\" rel=\"noopener\">lien web<\/a>)<\/li>\n<li>P\u00f4le animation de la F\u00e9d\u00e9ration de P\u00eache de Haute-Garonne (<a title=\"pole-animation-peche-haute-garonne\" href=\"http:\/\/www.fede-peche31.com\/pole_presentation.php\" target=\"_blank\" rel=\"noopener\">lien web<\/a>)<\/li>\n<li>Les Ateliers P\u00eache Nature en Haute-Garonne (<a title=\"ateliers-peche-nature-haute-garonne\" href=\"http:\/\/www.fede-peche31.com\/fiche_ateliers_peche.php\" target=\"_blank\" rel=\"noopener\">lien web<\/a>)<\/li>\n<\/ul>\n<p>[\/vc_column_text][\/vc_tta_section][vc_tta_section title=&#8221;Forums p\u00eache &#8220;carnassiers&#8220; sur le web&#8221; tab_id=&#8221;1452532419110-6262dd66-b941&#8243;][vc_column_text]<\/p>\n<ul>\n<li>Carnatoulouse (<a title=\"forum-peche-carnassiers-toulouse\" href=\"http:\/\/carnatoulouse.bbactif.com\/\" target=\"_blank\" rel=\"noopener\">site web<\/a>)<\/li>\n<\/ul>\n<p>[\/vc_column_text][\/vc_tta_section][vc_tta_section title=&#8221;Pour acheter une carte de p\u00eache&#8230;&#8221; tab_id=&#8221;1452536257930-e26cb0e2-efb5&#8243;][vc_column_text]<\/p>\n<ul>\n<li>Acheter une carte de p\u00eache: <a title=\"carte-de-peche\" href=\"http:\/\/www.cartedepeche.fr\/\" target=\"_blank\" rel=\"noopener\">http:\/\/www.cartedepeche.fr\/<\/a><\/li>\n<\/ul>\n<p>[\/vc_column_text][\/vc_tta_section][\/vc_tta_accordion][\/vc_column][\/vc_row][vc_row][vc_column][vc_column_text]<\/p>\n<p style=\"text-align: right;\"><span style=\"text-decoration: underline;\"><a href=\"#haut-de-page\"><em>Haut de page<\/em><\/a><\/span><\/p>\n<p>[\/vc_column_text][\/vc_column][\/vc_row]<\/p>\n<\/div>","protected":false},"excerpt":{"rendered":"<p>[vc_row][vc_column][vc_column_text el_class=&#8221;hauteurboite1&#8243;] Guide de p\u00eache ari\u00e8ge. Guide de p\u00eache aude. Guide de p\u00eache canal du midi. Guide de p\u00eache haute-garonne. Guide de p\u00eache tarn. Guide de p\u00eache lac de la [&hellip;]<\/p>\n","protected":false},"author":1,"featured_media":0,"parent":0,"menu_order":0,"comment_status":"closed","ping_status":"closed","template":"","meta":{"_acf_changed":false,"footnotes":""},"class_list":["post-4642","page","type-page","status-publish","hentry"],"acf":[],"_links":{"self":[{"href":"https:\/\/www.jour-de-peche.com\/en\/wp-json\/wp\/v2\/pages\/4642","targetHints":{"allow":["GET"]}}],"collection":[{"href":"https:\/\/www.jour-de-peche.com\/en\/wp-json\/wp\/v2\/pages"}],"about":[{"href":"https:\/\/www.jour-de-peche.com\/en\/wp-json\/wp\/v2\/types\/page"}],"author":[{"embeddable":true,"href":"https:\/\/www.jour-de-peche.com\/en\/wp-json\/wp\/v2\/users\/1"}],"replies":[{"embeddable":true,"href":"https:\/\/www.jour-de-peche.com\/en\/wp-json\/wp\/v2\/comments?post=4642"}],"version-history":[{"count":20,"href":"https:\/\/www.jour-de-peche.com\/en\/wp-json\/wp\/v2\/pages\/4642\/revisions"}],"predecessor-version":[{"id":533093,"href":"https:\/\/www.jour-de-peche.com\/en\/wp-json\/wp\/v2\/pages\/4642\/revisions\/533093"}],"wp:attachment":[{"href":"https:\/\/www.jour-de-peche.com\/en\/wp-json\/wp\/v2\/media?parent=4642"}],"curies":[{"name":"wp","href":"https:\/\/api.w.org\/{rel}","templated":true}]}}