{"id":1861,"date":"2015-01-30T15:48:41","date_gmt":"2015-01-30T14:48:41","guid":{"rendered":"http:\/\/www.jour-de-peche.com\/?page_id=1861"},"modified":"2024-01-25T10:53:51","modified_gmt":"2024-01-25T09:53:51","slug":"guide-de-peche-haute-garonne-31","status":"publish","type":"page","link":"https:\/\/www.jour-de-peche.com\/en\/guide-de-peche-haute-garonne-31\/","title":{"rendered":"Guide de p\u00eache, Haute-Garonne (31), p\u00eache des carnassiers aux leurres."},"content":{"rendered":"<div class=\"wpb-content-wrapper\"><p>[vc_row][vc_column][vc_column_text]<\/p>\n<h2 style=\"text-align: center;\"><span style=\"color: #800000;\">Haute-Garonne (31)<\/span><\/h2>\n<h2 style=\"text-align: center;\"><span style=\"color: #800000;\">Guidage &#8220;p\u00eache aux leurres artificiels&#8221;<\/span><\/h2>\n<p>[\/vc_column_text][\/vc_column][\/vc_row][vc_row][vc_column][vc_column_text css=&#8221;.vc_custom_1467388249917{border-right-width: 2px !important;border-left-width: 2px !important;padding-right: 75px !important;padding-bottom: 15px !important;padding-left: 75px !important;border-left-color: #74a545 !important;border-left-style: solid !important;border-right-color: #74a545 !important;border-right-style: solid !important;border-radius: 30px !important;}&#8221;]<\/p>\n<h4 style=\"text-align: justify;\"><span style=\"color: #999999;\">Mes prestations de guidages en Haute-Garonne se limitent pour l\u2019instant au canal du midi dans sa partie limitrophe avec l\u2019Aude ainsi qu\u2019au petit lac de Nailloux.<\/span><\/h4>\n<h4 style=\"text-align: justify;\"><span style=\"color: #999999;\">Pour l\u2019instant les grands lacs les plus proches de Toulouse sur lesquels je guide sont :<\/span><\/h4>\n<h4 style=\"text-align: justify;\"><span style=\"color: #999999;\">&#8211; le lac de la Ganguise \u00e0 c\u00f4t\u00e9 de Castelnaudary dans l\u2019Aude.<\/span><\/h4>\n<h4 style=\"text-align: justify;\"><span style=\"color: #999999;\">&#8211; le lac de Montbel pr\u00e8s de Mirepoix dans l\u2019Ari\u00e8ge.<\/span><\/h4>\n<p>[\/vc_column_text][\/vc_column][\/vc_row][vc_row][vc_column width=&#8221;1\/2&#8243;][vc_column_text]<\/p>\n<h3 style=\"text-align: center;\"><strong><span style=\"color: #ff6600;\">Lac de la Ganguise<\/span><\/strong><\/h3>\n<p>[\/vc_column_text][vc_single_image image=&#8221;5943&#8243; img_size=&#8221;large&#8221; style=&#8221;vc_box_shadow_3d&#8221; onclick=&#8221;img_link_large&#8221; css_animation=&#8221;bottom-to-top&#8221;][\/vc_column][vc_column width=&#8221;1\/2&#8243;][vc_column_text]<\/p>\n<h3 style=\"text-align: center;\"><strong><span style=\"color: #ff6600;\">Lac de Montbel<\/span><\/strong><\/h3>\n<p>[\/vc_column_text][vc_single_image image=&#8221;5716&#8243; img_size=&#8221;large&#8221; style=&#8221;vc_box_shadow_3d&#8221; onclick=&#8221;img_link_large&#8221; css_animation=&#8221;top-to-bottom&#8221;][\/vc_column][\/vc_row][vc_row][vc_column][vc_column_text][\/vc_column_text][\/vc_column][\/vc_row]<\/p>\n<p>[vc_row_inner][vc_column_inner width=&#8221;1\/4&#8243;][vc_btn title=&#8221;Tarifs&#8221; color=&#8221;warning&#8221; align=&#8221;center&#8221; link=&#8221;url:http%3A%2F%2Fwww.jour-de-peche.com%2Fguide-de-peche-tarifs%2F&#8221;][\/vc_column_inner][vc_column_inner width=&#8221;1\/4&#8243;][vc_btn title=&#8221;Ch\u00e8ques-cadeaux&#8221; color=&#8221;violet&#8221; align=&#8221;center&#8221; link=&#8221;url:http%3A%2F%2Fwww.jour-de-peche.com%2Fcheque-cadeau-peche-carnassiers-et-truites%2F&#8221;][\/vc_column_inner][vc_column_inner width=&#8221;1\/4&#8243;][vc_btn title=&#8221;S\u00e9jours p\u00eache&#8221; color=&#8221;green&#8221; align=&#8221;center&#8221; link=&#8221;url:http%3A%2F%2Fwww.jour-de-peche.com%2Fpeche-carnassiers-et-tuites-en-france%2Fsejour-peche-ariege-aude%2F&#8221;][\/vc_column_inner][vc_column_inner width=&#8221;1\/4&#8243;][vc_btn title=&#8221;Livre d&#8217;or&#8221; color=&#8221;pink&#8221; align=&#8221;center&#8221; link=&#8221;url:http%3A%2F%2Fwww.jour-de-peche.com%2Flivre-or-peche-irlande-et-france%2F&#8221;][\/vc_column_inner][\/vc_row_inner]<\/p>\n<p>[vc_row][vc_column][vc_column_text el_class=&#8221;hauteurboite1&#8243;]<\/p>\n<h1><span style=\"color: #000000;\">Guide de p\u00eache ari\u00e8ge. Guide de p\u00eache aude. Guide de p\u00eache canal du midi. Guide de p\u00eache haute-garonne. Guide de p\u00eache tarn. Guide de p\u00eache lac de la ganguise. Guide de p\u00eache languedoc-roussillon. Guide de p\u00eache midi-pyr\u00e9n\u00e9es. Guide de p\u00eache montagne noire.<br \/>\n<\/span><\/h1>\n<p>[\/vc_column_text][\/vc_column][\/vc_row][vc_row el_class=&#8221;hauteurboite1&#8243;][vc_column width=&#8221;1\/2&#8243;][vc_gallery interval=&#8221;5&#8243; images=&#8221;1862,1796,1864,1798,1794,1866&#8243; img_size=&#8221;large&#8221;][\/vc_column][vc_column width=&#8221;1\/2&#8243;][vc_column_text]<\/p>\n<p style=\"text-align: justify;\"><strong>En Haute-Garonne<\/strong> on trouve bon nombre de lacs qui permettent de p\u00eacher les carnassiers. Il s&#8217;agit souvent de petites superficies mais qui rec\u00e8lent parfois de jolis poissons. Les esp\u00e8ces y sont vari\u00e9es: sandres, perches, brochets et black-bass. On peut souvent y p\u00eacher librement en bateau, en kayak, en float-tube ou du bord!<\/p>\n<p style=\"text-align: justify;\">En guidage, je propose au choix:<\/p>\n<p style=\"text-align: justify;\">[custom_list style=&#8221;list-1&#8243;]<\/p>\n<ul>\n<li>P\u00eache aux leurres en bateau<\/li>\n<li>P\u00eache aux leurres en kayak<\/li>\n<li>P\u00eache aux leurres du bord<\/li>\n<\/ul>\n<p style=\"text-align: justify;\">[\/custom_list]<\/p>\n<p>[custom_button text=&#8221;Renseignements et tarifs&#8221; title=&#8221;Renseignements et tarifs guidages p\u00eache sur le canal du midi&#8221; url=&#8221;http:\/\/www.jour-de-peche.com\/contact\/&#8221; size=&#8221;medium&#8221; bg_color=&#8221;#FF5C00&#8243; text_color=&#8221;#FFFFFF&#8221; align=&#8221;left&#8221; target=&#8221;_self&#8221;][custom_button text=&#8221;Ch\u00e8que-cadeau&#8221; title=&#8221;Ch\u00e8que cadeau pour guidages p\u00eache sur le canal du midi&#8221; url=&#8221;http:\/\/www.jour-de-peche.com\/cheque-cadeau-peche-carnassiers-et-truites\/&#8221; size=&#8221;medium&#8221; bg_color=&#8221;#FF5C00&#8243; text_color=&#8221;#FFFFFF&#8221; align=&#8221;left&#8221; target=&#8221;_self&#8221;][\/vc_column_text][\/vc_column][\/vc_row][vc_row el_class=&#8221;hauteurboite1&#8243;][vc_column][vc_column_text][vc_posts_grid loop=&#8221;size:6|order_by:date|post_type:post|categories:156&#8243; grid_columns_count=&#8221;1&#8243; grid_layout=&#8221;title|no_link,image|no_link,text|excerpt,link&#8221; grid_thumb_size=&#8221;medium&#8221;][\/vc_column_text][\/vc_column][\/vc_row]<\/p>\n<\/div>","protected":false},"excerpt":{"rendered":"<p>[vc_row][vc_column][vc_column_text] Haute-Garonne (31) Guidage &#8220;p\u00eache aux leurres artificiels&#8221; [\/vc_column_text][\/vc_column][\/vc_row][vc_row][vc_column][vc_column_text css=&#8221;.vc_custom_1467388249917{border-right-width: 2px !important;border-left-width: 2px !important;padding-right: 75px !important;padding-bottom: 15px !important;padding-left: 75px !important;border-left-color: #74a545 !important;border-left-style: solid !important;border-right-color: #74a545 !important;border-right-style: solid !important;border-radius: 30px !important;}&#8221;] [&hellip;]<\/p>\n","protected":false},"author":1,"featured_media":0,"parent":0,"menu_order":0,"comment_status":"closed","ping_status":"closed","template":"","meta":{"_acf_changed":false,"footnotes":""},"class_list":["post-1861","page","type-page","status-publish","hentry"],"acf":[],"_links":{"self":[{"href":"https:\/\/www.jour-de-peche.com\/en\/wp-json\/wp\/v2\/pages\/1861","targetHints":{"allow":["GET"]}}],"collection":[{"href":"https:\/\/www.jour-de-peche.com\/en\/wp-json\/wp\/v2\/pages"}],"about":[{"href":"https:\/\/www.jour-de-peche.com\/en\/wp-json\/wp\/v2\/types\/page"}],"author":[{"embeddable":true,"href":"https:\/\/www.jour-de-peche.com\/en\/wp-json\/wp\/v2\/users\/1"}],"replies":[{"embeddable":true,"href":"https:\/\/www.jour-de-peche.com\/en\/wp-json\/wp\/v2\/comments?post=1861"}],"version-history":[{"count":23,"href":"https:\/\/www.jour-de-peche.com\/en\/wp-json\/wp\/v2\/pages\/1861\/revisions"}],"predecessor-version":[{"id":555825,"href":"https:\/\/www.jour-de-peche.com\/en\/wp-json\/wp\/v2\/pages\/1861\/revisions\/555825"}],"wp:attachment":[{"href":"https:\/\/www.jour-de-peche.com\/en\/wp-json\/wp\/v2\/media?parent=1861"}],"curies":[{"name":"wp","href":"https:\/\/api.w.org\/{rel}","templated":true}]}}