{"id":1733,"date":"2014-12-29T06:29:58","date_gmt":"2014-12-29T05:29:58","guid":{"rendered":"http:\/\/www.jour-de-peche.com\/?page_id=1733"},"modified":"2023-01-06T22:49:36","modified_gmt":"2023-01-06T21:49:36","slug":"cheque-cadeau-peche-carnassiers-et-truites","status":"publish","type":"page","link":"https:\/\/www.jour-de-peche.com\/en\/guide-de-peche-ariege-pyrenees-stages-et-cours\/cheque-cadeau-peche-carnassiers-et-truites\/","title":{"rendered":"Ch\u00e8que cadeau p\u00eache Pyr\u00e9n\u00e9es, bon cadeau, coffret cadeau, carnassiers aux leurres et truites \u00e0 la mouche, Aude, Ari\u00e8ge, Haute-Garonne, Pyr\u00e9n\u00e9es-Orientales, Occitanie"},"content":{"rendered":"<div class=\"wpb-content-wrapper\"><p>[vc_row][vc_column][vc_column_text]<\/p>\n<h4 style=\"text-align: center;\"><span style=\"color: #ff6600;\"><strong>Formules CH\u00c8QUES-CADEAUX<\/strong><\/span><\/h4>\n<h5 style=\"text-align: center;\"><span style=\"color: #ff6600;\">(Bon cadeau \/ Coffret cadeau)<strong><br \/>\n<\/strong><\/span><\/h5>\n<h5 style=\"text-align: center;\"><span style=\"color: #808080;\"><em>P\u00eache \u00e0 la Mouche \/ P\u00eache aux leurres en barque \/ P\u00eache au Toc \/ Etc&#8230;<br \/>\n<\/em><\/span><\/h5>\n<p>[\/vc_column_text][vc_btn title=&#8221;Boutique ch\u00e8ques-cadeaux guidages&#8221; color=&#8221;peacoc&#8221; align=&#8221;center&#8221; link=&#8221;url:https%3A%2F%2Fwww.jour-de-peche.com%2Fcategorie-produit%2Fcheques-cadeaux-guidages%2F&#8221;][\/vc_column][\/vc_row][vc_row][vc_column][vc_separator color=&#8221;custom&#8221; style=&#8221;shadow&#8221; border_width=&#8221;3&#8243; css_animation=&#8221;appear&#8221; accent_color=&#8221;#e5e5e5&#8243;][\/vc_column][\/vc_row][vc_row][vc_column css_animation=&#8221;fadeInLeft&#8221;][vc_column_text]<\/p>\n<h4 style=\"text-align: center;\"><span style=\"color: #800080;\"><strong><em>Une journ\u00e9e de p\u00eache pour un p\u00eacheur, c&#8217;est n\u00e9cessairement une bonne id\u00e9e cadeau!<br \/>\n<\/em><\/strong><\/span><\/h4>\n<h5 style=\"text-align: center;\"><span style=\"color: #808080;\"><em>Un anniversaire, No\u00ebl, un d\u00e9part \u00e0 la retraite?<\/em><\/span><\/h5>\n<h5 style=\"text-align: center;\"><span style=\"color: #808080;\"><em>Voici une bien belle mani\u00e8re de faire plaisir \u00e0 l&#8217;un de vos proches!<\/em><\/span><\/h5>\n<p>[\/vc_column_text][\/vc_column][\/vc_row][vc_row][vc_column][vc_separator color=&#8221;custom&#8221; style=&#8221;shadow&#8221; border_width=&#8221;3&#8243; css_animation=&#8221;appear&#8221; accent_color=&#8221;#e5e5e5&#8243;][\/vc_column][\/vc_row][vc_row][vc_column][vc_column_text]<\/p>\n<h4 style=\"text-align: center;\"><span style=\"color: #800080;\"><strong><em><span style=\"color: #ff6600;\">Comment \u00e7a marche&#8230;<\/span><br \/>\n<\/em><\/strong><\/span><\/h4>\n<p>[\/vc_column_text][vc_row_inner][vc_column_inner width=&#8221;1\/2&#8243;][vc_gallery interval=&#8221;0&#8243; images=&#8221;9975,9978,9981,9984,9969,9987,9972&#8243; img_size=&#8221;large&#8221; onclick=&#8221;&#8221; css_animation=&#8221;fadeInDown&#8221;][\/vc_column_inner][vc_column_inner width=&#8221;1\/2&#8243;][vc_column_text]<\/p>\n<p style=\"font-size: 16px; text-align: justify;\"><strong>Le fonctionnement est simple.<\/strong> Vous pouvez commander un ch\u00e8que-cadeau directement dans ma <a href=\"https:\/\/www.jour-de-peche.com\/boutique\/\">boutique en ligne<\/a>. Dans le mail de confirmation de paiement, vous aurez un lien de t\u00e9l\u00e9chargement pour pouvoir l&#8217;imprimer et l&#8217;offrir (je peux vous l&#8217;envoyer par voie postale si vous n&#8217;avez pas d&#8217;imprimante). Le p\u00eacheur peut l&#8217;utiliser dans un d\u00e9lai d&#8217;un an (avec prolongement possible de la dur\u00e9e de validit\u00e9, ce qui arrive r\u00e9guli\u00e8rement). Il me contacte alors quand il veut pour r\u00e9server une date.<\/p>\n<p style=\"font-size: 16px; text-align: justify;\">Acc\u00e9dez \u00e0 la boutique via le lien ci-dessous. Paiement en ligne avec un r\u00e8glement CB, PayPal, ch\u00e8que ou virement.<\/p>\n<p style=\"font-size: 16px; text-align: justify;\">Si vous avez besoin d&#8217;informations compl\u00e9mentaires, n&#8217;h\u00e9sitez pas \u00e0 me contacter :<\/p>\n<p style=\"font-size: 16px; text-align: justify;\">P. 06 80 03 22 79 (St\u00e9phane)<\/p>\n<p>[\/vc_column_text][vc_btn title=&#8221;Boutique ch\u00e8ques-cadeaux guidages&#8221; color=&#8221;peacoc&#8221; align=&#8221;center&#8221; link=&#8221;url:https%3A%2F%2Fwww.jour-de-peche.com%2Fcategorie-produit%2Fcheques-cadeaux-guidages%2F&#8221;][\/vc_column_inner][\/vc_row_inner][\/vc_column][\/vc_row][vc_row][vc_column][vc_separator color=&#8221;custom&#8221; style=&#8221;shadow&#8221; border_width=&#8221;3&#8243; css_animation=&#8221;appear&#8221; accent_color=&#8221;#e5e5e5&#8243;][\/vc_column][\/vc_row][vc_row][vc_column width=&#8221;1\/2&#8243;][vc_btn title=&#8221;Contact&#8221; color=&#8221;pink&#8221; align=&#8221;center&#8221; link=&#8221;url:http%3A%2F%2Fwww.jour-de-peche.com%2Fcontact%2F&#8221;][\/vc_column][vc_column width=&#8221;1\/2&#8243;][vc_btn title=&#8221;Tous les tarifs&#8230;&#8221; color=&#8221;green&#8221; align=&#8221;center&#8221; link=&#8221;url:https%3A%2F%2Fwww.jour-de-peche.com%2Fguide-de-peche-tarifs%2F&#8221;][\/vc_column][\/vc_row][vc_row][vc_column][vc_separator color=&#8221;custom&#8221; style=&#8221;shadow&#8221; border_width=&#8221;3&#8243; css_animation=&#8221;appear&#8221; accent_color=&#8221;#e5e5e5&#8243;][\/vc_column][\/vc_row][vc_row][vc_column][vc_single_image image=&#8221;10124&#8243; img_size=&#8221;m\u00e9dium&#8221; style=&#8221;vc_box_shadow_3d&#8221; onclick=&#8221;zoom&#8221; css_animation=&#8221;fadeInUp&#8221;][\/vc_column][\/vc_row][vc_row el_class=&#8221;hauteurboite1&#8243;][vc_column][vc_column_text]<\/p>\n<h1><span style=\"color: #000000;\">Ch\u00e8que cadeau p\u00eache. Bon cadeau p\u00eache. Wonderbox p\u00eache. Smart box p\u00eache loisirs. Box surprise p\u00eache. Cadeau p\u00eache personnalis\u00e9. Smartbox p\u00eache. Week-end p\u00eache carnassiers. Bon cadeau p\u00eache mouche. Bon cadeau p\u00eache carnassiers. Bon cadeau p\u00eache Occitanie. Ch\u00e8que cadeau p\u00eache mouche. Ch\u00e8que cadeau p\u00eache carnassiers. ch\u00e8que cadeau p\u00eache Occitanie. Bon cadeau p\u00eache Ari\u00e8ge. Bon cadeau p\u00eache Haute-Garonne. Bon cadeau p\u00eache Aude. Ch\u00e8que cadeau p\u00eache Ari\u00e8ge. Ch\u00e8que cadeau p\u00eache Haute-Garonne. Ch\u00e8que cadeau p\u00eache Aude. Coffret cadeau p\u00eache. Coffret cadeau p\u00eache mouche. Guide de p\u00eache Ari\u00e8ge. Guide de p\u00eache haute-garonne. Guide de p\u00eache Aude. Guide de p\u00eache canal du midi. Guide de p\u00eache Tarn.\u00a0 Guide de p\u00eache Languedoc-Roussillon. Guide de p\u00eache Midi-Pyr\u00e9n\u00e9es. Guide de p\u00eache Occitanie. Guide de p\u00eache Montbel. Guide de p\u00eache lac de la ganguise. Guide de p\u00eache Lunax. Guide de p\u00eache montagne noire. Guide de p\u00eache mouche. Guide de p\u00eache carnassiers.<\/span><\/h1>\n<p>[\/vc_column_text][\/vc_column][\/vc_row]<\/p>\n<\/div>","protected":false},"excerpt":{"rendered":"<p>[vc_row][vc_column][vc_column_text] Formules CH\u00c8QUES-CADEAUX (Bon cadeau \/ Coffret cadeau) P\u00eache \u00e0 la Mouche \/ P\u00eache aux leurres en barque \/ P\u00eache au Toc \/ Etc&#8230; [\/vc_column_text][vc_btn title=&#8221;Boutique ch\u00e8ques-cadeaux guidages&#8221; color=&#8221;peacoc&#8221; align=&#8221;center&#8221; [&hellip;]<\/p>\n","protected":false},"author":1,"featured_media":0,"parent":552442,"menu_order":0,"comment_status":"closed","ping_status":"closed","template":"","meta":{"_acf_changed":false,"footnotes":""},"class_list":["post-1733","page","type-page","status-publish","hentry"],"acf":[],"_links":{"self":[{"href":"https:\/\/www.jour-de-peche.com\/en\/wp-json\/wp\/v2\/pages\/1733","targetHints":{"allow":["GET"]}}],"collection":[{"href":"https:\/\/www.jour-de-peche.com\/en\/wp-json\/wp\/v2\/pages"}],"about":[{"href":"https:\/\/www.jour-de-peche.com\/en\/wp-json\/wp\/v2\/types\/page"}],"author":[{"embeddable":true,"href":"https:\/\/www.jour-de-peche.com\/en\/wp-json\/wp\/v2\/users\/1"}],"replies":[{"embeddable":true,"href":"https:\/\/www.jour-de-peche.com\/en\/wp-json\/wp\/v2\/comments?post=1733"}],"version-history":[{"count":176,"href":"https:\/\/www.jour-de-peche.com\/en\/wp-json\/wp\/v2\/pages\/1733\/revisions"}],"predecessor-version":[{"id":551015,"href":"https:\/\/www.jour-de-peche.com\/en\/wp-json\/wp\/v2\/pages\/1733\/revisions\/551015"}],"up":[{"embeddable":true,"href":"https:\/\/www.jour-de-peche.com\/en\/wp-json\/wp\/v2\/pages\/552442"}],"wp:attachment":[{"href":"https:\/\/www.jour-de-peche.com\/en\/wp-json\/wp\/v2\/media?parent=1733"}],"curies":[{"name":"wp","href":"https:\/\/api.w.org\/{rel}","templated":true}]}}